{"id":879,"date":"2023-01-26T12:35:38","date_gmt":"2023-01-26T12:35:38","guid":{"rendered":"https:\/\/puzzle3d.co\/product\/t-rex-tyrannosaurus-rex-puzzle-classic-lemn-puzzle-jigsaw-copy\/"},"modified":"2025-06-11T19:04:33","modified_gmt":"2025-06-11T19:04:33","slug":"cameleon-2d-puzzle-bois","status":"publish","type":"product","link":"https:\/\/puzzle3d.co\/fr\/prodotto\/camaleonte-puzzle-2d-jigsaw-legno\/","title":{"rendered":"Puzzle en bois Cam\u00e9l\u00e9on 2D , 111 pi\u00e8ces"},"content":{"rendered":"<div>\n<p><strong>Puzzle en bois Cam\u00e9l\u00e9on 2D , 111 pi\u00e8ces<\/strong><\/p>\n<div><\/div>\n<\/div>\n<div>\n<div>\n<div>Ce cam\u00e9l\u00e9on peut vous apprendre quelque chose de fondamental sur ce que nous avons v\u00e9cu ces trois derni\u00e8res ann\u00e9es : l'adaptabilit\u00e9.<\/div>\n<div><\/div>\n<div>Le syst\u00e8me nerveux du cam\u00e9l\u00e9on contr\u00f4le les cellules chromatophores contenant les pigments et lui permet de changer de couleur en fonction de l'environnement.<\/div>\n<div><\/div>\n<div>Si vous avez envie de changement, m\u00e9ditez en assemblant un puzzle cam\u00e9l\u00e9on. Concentrez vos pens\u00e9es et vous trouverez peut-\u00eatre de nouvelles solutions pour changer.<\/div>\n<div><\/div>\n<div>Pour un d\u00e9fi suppl\u00e9mentaire et plus de temps avec vous-m\u00eame, optez pour la taille L fournie avec 505 pi\u00e8ces.<\/div>\n<div><\/div>\n<div><\/div>\n<div><strong>D\u00c9TAILS DU PRODUIT :<\/strong><\/div>\n<div>Dimensions du mod\u00e8le : 371*280*5 mm<\/div>\n<div>Dimensions de l'emballage : 255 x 192 x 42 mm<\/div>\n<div>Nombre de pi\u00e8ces : 111<\/div>\n<\/div>\n<div><\/div>\n<\/div>","protected":false},"excerpt":{"rendered":"<p>Ce cam\u00e9l\u00e9on peut vous apprendre quelque chose de fondamental sur ce que nous avons v\u00e9cu ces trois derni\u00e8res ann\u00e9es : l'adaptabilit\u00e9.<\/p>","protected":false},"featured_media":850,"comment_status":"open","ping_status":"closed","template":"","meta":[],"product_brand":[],"product_cat":[80,84,83],"product_tag":[],"woo-feed-brand":[],"class_list":{"0":"post-879","1":"product","2":"type-product","3":"status-publish","4":"has-post-thumbnail","6":"product_cat-puzzle-jigsaw","7":"product_cat-puzzle-jigsaw-in-legno","8":"product_cat-puzzle-jigsaw-bambini","10":"first","11":"instock","12":"shipping-taxable","13":"purchasable","14":"product-type-simple"},"_links":{"self":[{"href":"https:\/\/puzzle3d.co\/fr\/wp-json\/wp\/v2\/product\/879","targetHints":{"allow":["GET"]}}],"collection":[{"href":"https:\/\/puzzle3d.co\/fr\/wp-json\/wp\/v2\/product"}],"about":[{"href":"https:\/\/puzzle3d.co\/fr\/wp-json\/wp\/v2\/types\/product"}],"replies":[{"embeddable":true,"href":"https:\/\/puzzle3d.co\/fr\/wp-json\/wp\/v2\/comments?post=879"}],"wp:featuredmedia":[{"embeddable":true,"href":"https:\/\/puzzle3d.co\/fr\/wp-json\/wp\/v2\/media\/850"}],"wp:attachment":[{"href":"https:\/\/puzzle3d.co\/fr\/wp-json\/wp\/v2\/media?parent=879"}],"wp:term":[{"taxonomy":"product_brand","embeddable":true,"href":"https:\/\/puzzle3d.co\/fr\/wp-json\/wp\/v2\/product_brand?post=879"},{"taxonomy":"product_cat","embeddable":true,"href":"https:\/\/puzzle3d.co\/fr\/wp-json\/wp\/v2\/product_cat?post=879"},{"taxonomy":"product_tag","embeddable":true,"href":"https:\/\/puzzle3d.co\/fr\/wp-json\/wp\/v2\/product_tag?post=879"},{"taxonomy":"woo-feed-brand","embeddable":true,"href":"https:\/\/puzzle3d.co\/fr\/wp-json\/wp\/v2\/woo-feed-brand?post=879"}],"curies":[{"name":"wp","href":"https:\/\/api.w.org\/{rel}","templated":true}]}}