{"id":877,"date":"2023-01-26T12:26:03","date_gmt":"2023-01-26T12:26:03","guid":{"rendered":"https:\/\/puzzle3d.co\/product\/lynx-puzzle-classic-lemn-copy\/"},"modified":"2025-06-11T19:05:15","modified_gmt":"2025-06-11T19:05:15","slug":"t-rex-dinosaure-puzzle-bois","status":"publish","type":"product","link":"https:\/\/puzzle3d.co\/fr\/prodotto\/t-rex-dinosauro-puzzle-jigsaw-legno\/","title":{"rendered":"Puzzle dinosaure 2D en bois. 129 pi\u00e8ces"},"content":{"rendered":"<div>\n<p><strong>Puzzle 2D en bois T-Rex Dinosaur, 129 pi\u00e8ces<\/strong><\/p>\n<div><\/div>\n<\/div>\n<div>\n<div>\n<div>Il y a 67 ou 65 millions d'ann\u00e9es, le c\u00e9l\u00e8bre Tyrannosaurus Rex, ou T-Rex, vivait en Am\u00e9rique du Nord.<\/div>\n<div><\/div>\n<div>Il est associ\u00e9 \u00e0 l'image d'un dinosaure grand et puissant, \u00e0 la m\u00e2choire imposante et aux dents longues et ac\u00e9r\u00e9es.<\/div>\n<div><\/div>\n<div>Il pesait environ 6 \u00e0 8 tonnes et son corps mesurait 12 \u00e0 13 m\u00e8tres de long.<\/div>\n<div><\/div>\n<div>Incroyable, n'est-ce pas ?<\/div>\n<div><\/div>\n<div>Si vous aimez les dinosaures, si vous souhaitez une d\u00e9coration originale pour votre maison ou si vous cherchez un cadeau pour un passionn\u00e9 de pr\u00e9histoire, T-rez sera certainement appr\u00e9ci\u00e9.<\/div>\n<div><\/div>\n<div>Sa dentition enviable responsabilisera les enfants en mati\u00e8re d'hygi\u00e8ne dentaire.<\/div>\n<div><\/div>\n<div>Parmi les autres pi\u00e8ces du puzzle en bois, vous reconna\u00eetrez un dinosaure, une chauve-souris volante, un kangourou...<\/div>\n<div>.<\/div>\n<div><\/div>\n<div><strong>D\u00c9TAILS DU PRODUIT :<\/strong><\/div>\n<div>Dimensions du mod\u00e8le : 400*244*5 mm<\/div>\n<div>Dimensions de l'emballage : 255 x 192 x 42 mm<\/div>\n<div>Nombre de pi\u00e8ces : 129<\/div>\n<\/div>\n<div><\/div>\n<\/div>","protected":false},"excerpt":{"rendered":"<p>Puzzle en bois classique T-REX-Tyrannosaurus Rex. Parmi les autres pi\u00e8ces du puzzle en bois, vous reconna\u00eetrez un dinosaure, une chauve-souris volante, un kangourou...<\/p>","protected":false},"featured_media":858,"comment_status":"open","ping_status":"closed","template":"","meta":[],"product_brand":[],"product_cat":[80,84,83],"product_tag":[],"woo-feed-brand":[],"class_list":{"0":"post-877","1":"product","2":"type-product","3":"status-publish","4":"has-post-thumbnail","6":"product_cat-puzzle-jigsaw","7":"product_cat-puzzle-jigsaw-in-legno","8":"product_cat-puzzle-jigsaw-bambini","10":"first","11":"instock","12":"shipping-taxable","13":"purchasable","14":"product-type-simple"},"_links":{"self":[{"href":"https:\/\/puzzle3d.co\/fr\/wp-json\/wp\/v2\/product\/877","targetHints":{"allow":["GET"]}}],"collection":[{"href":"https:\/\/puzzle3d.co\/fr\/wp-json\/wp\/v2\/product"}],"about":[{"href":"https:\/\/puzzle3d.co\/fr\/wp-json\/wp\/v2\/types\/product"}],"replies":[{"embeddable":true,"href":"https:\/\/puzzle3d.co\/fr\/wp-json\/wp\/v2\/comments?post=877"}],"wp:featuredmedia":[{"embeddable":true,"href":"https:\/\/puzzle3d.co\/fr\/wp-json\/wp\/v2\/media\/858"}],"wp:attachment":[{"href":"https:\/\/puzzle3d.co\/fr\/wp-json\/wp\/v2\/media?parent=877"}],"wp:term":[{"taxonomy":"product_brand","embeddable":true,"href":"https:\/\/puzzle3d.co\/fr\/wp-json\/wp\/v2\/product_brand?post=877"},{"taxonomy":"product_cat","embeddable":true,"href":"https:\/\/puzzle3d.co\/fr\/wp-json\/wp\/v2\/product_cat?post=877"},{"taxonomy":"product_tag","embeddable":true,"href":"https:\/\/puzzle3d.co\/fr\/wp-json\/wp\/v2\/product_tag?post=877"},{"taxonomy":"woo-feed-brand","embeddable":true,"href":"https:\/\/puzzle3d.co\/fr\/wp-json\/wp\/v2\/woo-feed-brand?post=877"}],"curies":[{"name":"wp","href":"https:\/\/api.w.org\/{rel}","templated":true}]}}