{"id":875,"date":"2023-01-26T12:17:36","date_gmt":"2023-01-26T12:17:36","guid":{"rendered":"https:\/\/puzzle3d.co\/product\/panther-puzzle-classic-lemn-copy\/"},"modified":"2025-09-10T09:44:49","modified_gmt":"2025-09-10T09:44:49","slug":"linx-jigsaw-puzzle-wood","status":"publish","type":"product","link":"https:\/\/puzzle3d.co\/fr\/prodotto\/linx-puzzle-jigsaw-legno\/","title":{"rendered":"Linx Eurasian - Puzzle en bois 2D, 139 pi\u00e8ces"},"content":{"rendered":"<div><strong>Linx Eurasian - Puzzle en bois 2D, 139 pi\u00e8ces<\/strong><\/div>\n<div><\/div>\n<div>Vous pensiez qu'il s'agissait d'un lion, mais c'est un lynx, une esp\u00e8ce de chat sauvage, \u00e9galement appel\u00e9 \"panth\u00e8re des neiges\" ou \"chat des neiges\".<\/div>\n<div><\/div>\n<div>Le terme \"lynx\" peut \u00e9galement \u00eatre utilis\u00e9 pour d\u00e9signer une personne tr\u00e8s alerte et attentive ou qui a une tr\u00e8s bonne vue.<\/div>\n<div><\/div>\n<div>Alors, si vous vous consid\u00e9rez comme attentif et alerte, je vous mets au d\u00e9fi d'essayer ce mod\u00e8le de puzzle en bois classique qui mettra \u00e0 l'\u00e9preuve non seulement votre attention aux d\u00e9tails, mais aussi votre concentration.<\/div>\n<div><\/div>\n<div><strong>D\u00c9TAILS DU PRODUIT :<\/strong><\/div>\n<div>Dimensions du mod\u00e8le : 353*280*5mm<\/div>\n<div>Dimensions de l'emballage : 255 x 192 x 42 mm<\/div>\n<div>Nombre de pi\u00e8ces : 139<\/div>","protected":false},"excerpt":{"rendered":"<p>LYNX - puzzle classique en bois avec chat sauvage<\/p>","protected":false},"featured_media":854,"comment_status":"open","ping_status":"closed","template":"","meta":[],"product_brand":[],"product_cat":[80,84,83],"product_tag":[],"woo-feed-brand":[],"class_list":{"0":"post-875","1":"product","2":"type-product","3":"status-publish","4":"has-post-thumbnail","6":"product_cat-puzzle-jigsaw","7":"product_cat-puzzle-jigsaw-in-legno","8":"product_cat-puzzle-jigsaw-bambini","10":"first","11":"instock","12":"shipping-taxable","13":"purchasable","14":"product-type-simple"},"_links":{"self":[{"href":"https:\/\/puzzle3d.co\/fr\/wp-json\/wp\/v2\/product\/875","targetHints":{"allow":["GET"]}}],"collection":[{"href":"https:\/\/puzzle3d.co\/fr\/wp-json\/wp\/v2\/product"}],"about":[{"href":"https:\/\/puzzle3d.co\/fr\/wp-json\/wp\/v2\/types\/product"}],"replies":[{"embeddable":true,"href":"https:\/\/puzzle3d.co\/fr\/wp-json\/wp\/v2\/comments?post=875"}],"wp:featuredmedia":[{"embeddable":true,"href":"https:\/\/puzzle3d.co\/fr\/wp-json\/wp\/v2\/media\/854"}],"wp:attachment":[{"href":"https:\/\/puzzle3d.co\/fr\/wp-json\/wp\/v2\/media?parent=875"}],"wp:term":[{"taxonomy":"product_brand","embeddable":true,"href":"https:\/\/puzzle3d.co\/fr\/wp-json\/wp\/v2\/product_brand?post=875"},{"taxonomy":"product_cat","embeddable":true,"href":"https:\/\/puzzle3d.co\/fr\/wp-json\/wp\/v2\/product_cat?post=875"},{"taxonomy":"product_tag","embeddable":true,"href":"https:\/\/puzzle3d.co\/fr\/wp-json\/wp\/v2\/product_tag?post=875"},{"taxonomy":"woo-feed-brand","embeddable":true,"href":"https:\/\/puzzle3d.co\/fr\/wp-json\/wp\/v2\/woo-feed-brand?post=875"}],"curies":[{"name":"wp","href":"https:\/\/api.w.org\/{rel}","templated":true}]}}