{"id":873,"date":"2023-01-26T12:01:44","date_gmt":"2023-01-26T12:01:44","guid":{"rendered":"https:\/\/puzzle3d.co\/product\/lion-puzzle-classic-lemn-copy\/"},"modified":"2025-06-11T19:05:45","modified_gmt":"2025-06-11T19:05:45","slug":"panther-puzzle-classic-wood-jigsaw","status":"publish","type":"product","link":"https:\/\/puzzle3d.co\/fr\/prodotto\/pantera-puzzle-classic-legno-jigsaw\/","title":{"rendered":"Black PANTHER Puzzle 2D en bois, 102 pi\u00e8ces"},"content":{"rendered":"<div><strong>Black PANTHER Puzzle 2D en bois, 102 pi\u00e8ces<\/strong><\/div>\n<div><\/div>\n<div>Saviez-vous que le nom scientifique de la panth\u00e8re noire est pardus ?<\/div>\n<div><\/div>\n<div>Dans de nombreuses cultures traditionnelles d'Afrique, d'Asie et d'Inde, la panth\u00e8re noire est consid\u00e9r\u00e9e comme un symbole de force et de courage, de prosp\u00e9rit\u00e9 et de chance.<\/div>\n<div><\/div>\n<div>Vous ne savez toujours pas pourquoi vous devriez choisir ce joli puzzle en bois ?<\/div>\n<div><\/div>\n<div>Si vous \u00eates \u00e9galement une personne courageuse, l'association des pi\u00e8ces sera un processus int\u00e9ressant. Vous trouverez des chats sauvages, des jaguars, des tigres et d'autres f\u00e9lins parmi les pi\u00e8ces pour une exp\u00e9rience pleine d'action.<\/div>\n<div><\/div>\n<div><\/div>\n<div><strong>D\u00c9TAILS DU PRODUIT :<\/strong><\/div>\n<div>Dimensions du mod\u00e8le : 311*280*5 mm<\/div>\n<div>Dimensions de l'emballage : 255 x 192 x 42 mm<\/div>\n<div>Nombre de pi\u00e8ces : 102<\/div>","protected":false},"excerpt":{"rendered":"<p>La panth\u00e8re noire est consid\u00e9r\u00e9e comme un symbole de force et de courage, de prosp\u00e9rit\u00e9 et de chance. Parmi les pi\u00e8ces de ce puzzle, vous trouverez des chats sauvages, des jaguars, des tigres et d'autres f\u00e9lins pour une exp\u00e9rience pleine d'action.<\/p>","protected":false},"featured_media":857,"comment_status":"open","ping_status":"closed","template":"","meta":[],"product_brand":[],"product_cat":[80,84,83],"product_tag":[],"woo-feed-brand":[],"class_list":{"0":"post-873","1":"product","2":"type-product","3":"status-publish","4":"has-post-thumbnail","6":"product_cat-puzzle-jigsaw","7":"product_cat-puzzle-jigsaw-in-legno","8":"product_cat-puzzle-jigsaw-bambini","10":"first","11":"instock","12":"shipping-taxable","13":"purchasable","14":"product-type-simple"},"_links":{"self":[{"href":"https:\/\/puzzle3d.co\/fr\/wp-json\/wp\/v2\/product\/873","targetHints":{"allow":["GET"]}}],"collection":[{"href":"https:\/\/puzzle3d.co\/fr\/wp-json\/wp\/v2\/product"}],"about":[{"href":"https:\/\/puzzle3d.co\/fr\/wp-json\/wp\/v2\/types\/product"}],"replies":[{"embeddable":true,"href":"https:\/\/puzzle3d.co\/fr\/wp-json\/wp\/v2\/comments?post=873"}],"wp:featuredmedia":[{"embeddable":true,"href":"https:\/\/puzzle3d.co\/fr\/wp-json\/wp\/v2\/media\/857"}],"wp:attachment":[{"href":"https:\/\/puzzle3d.co\/fr\/wp-json\/wp\/v2\/media?parent=873"}],"wp:term":[{"taxonomy":"product_brand","embeddable":true,"href":"https:\/\/puzzle3d.co\/fr\/wp-json\/wp\/v2\/product_brand?post=873"},{"taxonomy":"product_cat","embeddable":true,"href":"https:\/\/puzzle3d.co\/fr\/wp-json\/wp\/v2\/product_cat?post=873"},{"taxonomy":"product_tag","embeddable":true,"href":"https:\/\/puzzle3d.co\/fr\/wp-json\/wp\/v2\/product_tag?post=873"},{"taxonomy":"woo-feed-brand","embeddable":true,"href":"https:\/\/puzzle3d.co\/fr\/wp-json\/wp\/v2\/woo-feed-brand?post=873"}],"curies":[{"name":"wp","href":"https:\/\/api.w.org\/{rel}","templated":true}]}}