{"id":870,"date":"2023-01-26T11:45:24","date_gmt":"2023-01-26T11:45:24","guid":{"rendered":"https:\/\/puzzle3d.co\/product\/fox-puzzle-classic-lemn-copy\/"},"modified":"2025-06-11T19:06:20","modified_gmt":"2025-06-11T19:06:20","slug":"lion-puzzle-classique-bois","status":"publish","type":"product","link":"https:\/\/puzzle3d.co\/fr\/prodotto\/leone-puzzle-classic-jigsaw-legno\/","title":{"rendered":"Puzzle 2D lion en bois , 100 pi\u00e8ces"},"content":{"rendered":"<div><span style=\"font-size: 100%;\"><strong>LION - puzzle classique en bois<\/strong><\/span><\/div>\n<div><\/div>\n<div><span style=\"font-size: 100%;\">Le roi des animaux sauvages est d\u00e9sormais chez lui.<\/span><\/div>\n<div><\/div>\n<div><span style=\"font-size: 100%;\">Vous tomberez amoureux de ce lion d\u00e8s le premier regard. Les d\u00e9tails raffin\u00e9s et les couleurs abondantes attireront les regards et l'admiration.<\/span><\/div>\n<div><\/div>\n<div><span style=\"font-size: 100%;\">Il ne vient pas seul, mais avec sa grande famille : \u00e9l\u00e9phant, tigre, girafe (quels autres animaux reconnaissez-vous l\u00e0 ?) que vous reconna\u00eetrez parmi les pi\u00e8ces du puzzle en bois.<\/span><\/div>\n<div><\/div>\n<div><span style=\"font-size: 100%;\">Vous vous demandez pourquoi ? Parce qu'\u00eatre fort et \u00eatre appel\u00e9 le roi des animaux, c'est d'abord \u00eatre au coude \u00e0 coude avec les autres.<\/span><\/div>\n<div><\/div>\n<div><span style=\"font-size: 100%;\">Si vous voulez passer une soir\u00e9e int\u00e9ressante avec quelqu'un que vous aimez, choisissez de rassembler ce lion et de discuter d'un sujet philosophique.<\/span><\/div>\n<div><\/div>\n<div><span style=\"font-size: 100%;\">En philosophie, par exemple, le lion est consid\u00e9r\u00e9 comme un symbole de la nature humaine, qui peut \u00eatre divis\u00e9e en deux parties : une partie rationnelle et une partie animale.<\/span><\/div>\n<div><\/div>\n<div><span style=\"font-size: 100%;\">Nous proposons 3 tailles (S, M, L) parmi lesquelles vous pouvez choisir celle qui conviendra le mieux au mur de votre maison ou de votre bureau. Ou peut-\u00eatre voulez-vous mettre ce joli puzzle dans un cadre - \u00e0 vous de choisir.<\/span><\/div>\n<div><\/div>\n<div><span style=\"font-size: 100%;\"><strong>D\u00c9TAILS DU PRODUIT :<\/strong><\/span><\/div>\n<div><span style=\"font-size: 100%;\">Dimensions du mod\u00e8le : 310*280*5mm<\/span><\/div>\n<div><span style=\"font-size: 100%;\">Dimensions de l'emballage : 255 x 192 x 42 mm<\/span><\/div>\n<div><span style=\"font-size: 100%;\">Nombre de pi\u00e8ces : 100<\/span><\/div>","protected":false},"excerpt":{"rendered":"<p>Vous tomberez amoureux de ce lion d\u00e8s le premier regard. Les d\u00e9tails raffin\u00e9s et les couleurs abondantes attireront les regards et l'admiration.<br \/>\nIl ne vient pas seul, mais avec sa grande famille : \u00e9l\u00e9phant, tigre, girafe que vous reconna\u00eetrez parmi les pi\u00e8ces du puzzle en bois.<\/p>","protected":false},"featured_media":853,"comment_status":"open","ping_status":"closed","template":"","meta":[],"product_brand":[],"product_cat":[80,84,83],"product_tag":[],"woo-feed-brand":[],"class_list":{"0":"post-870","1":"product","2":"type-product","3":"status-publish","4":"has-post-thumbnail","6":"product_cat-puzzle-jigsaw","7":"product_cat-puzzle-jigsaw-in-legno","8":"product_cat-puzzle-jigsaw-bambini","10":"first","11":"instock","12":"sale","13":"shipping-taxable","14":"purchasable","15":"product-type-simple"},"_links":{"self":[{"href":"https:\/\/puzzle3d.co\/fr\/wp-json\/wp\/v2\/product\/870","targetHints":{"allow":["GET"]}}],"collection":[{"href":"https:\/\/puzzle3d.co\/fr\/wp-json\/wp\/v2\/product"}],"about":[{"href":"https:\/\/puzzle3d.co\/fr\/wp-json\/wp\/v2\/types\/product"}],"replies":[{"embeddable":true,"href":"https:\/\/puzzle3d.co\/fr\/wp-json\/wp\/v2\/comments?post=870"}],"wp:featuredmedia":[{"embeddable":true,"href":"https:\/\/puzzle3d.co\/fr\/wp-json\/wp\/v2\/media\/853"}],"wp:attachment":[{"href":"https:\/\/puzzle3d.co\/fr\/wp-json\/wp\/v2\/media?parent=870"}],"wp:term":[{"taxonomy":"product_brand","embeddable":true,"href":"https:\/\/puzzle3d.co\/fr\/wp-json\/wp\/v2\/product_brand?post=870"},{"taxonomy":"product_cat","embeddable":true,"href":"https:\/\/puzzle3d.co\/fr\/wp-json\/wp\/v2\/product_cat?post=870"},{"taxonomy":"product_tag","embeddable":true,"href":"https:\/\/puzzle3d.co\/fr\/wp-json\/wp\/v2\/product_tag?post=870"},{"taxonomy":"woo-feed-brand","embeddable":true,"href":"https:\/\/puzzle3d.co\/fr\/wp-json\/wp\/v2\/woo-feed-brand?post=870"}],"curies":[{"name":"wp","href":"https:\/\/api.w.org\/{rel}","templated":true}]}}