{"id":868,"date":"2023-01-26T10:56:46","date_gmt":"2023-01-26T10:56:46","guid":{"rendered":"https:\/\/puzzle3d.co\/product\/turtle-puzzle-classic-lemn-copy\/"},"modified":"2025-06-11T19:06:33","modified_gmt":"2025-06-11T19:06:33","slug":"vulpa-puzzle-classic-wood","status":"publish","type":"product","link":"https:\/\/puzzle3d.co\/fr\/prodotto\/vulpa-puzzle-classic-legno\/","title":{"rendered":"VULPA 2D puzzle en bois , 141 pi\u00e8ces"},"content":{"rendered":"<div><strong>Puzzle en bois classique VULPA<\/strong><\/div>\n<div><\/div>\n<div>Un puzzle plein de charme et de d\u00e9fis vous enchante par la finesse des d\u00e9tails et l'abondance des couleurs.<\/div>\n<div>Que voyez-vous dans ses yeux : la ruse et la s\u00e9duction ou l'intelligence, le courage et l'ind\u00e9pendance ?<\/div>\n<div><\/div>\n<div>La fa\u00e7on dont vous la percevez peut \u00e9galement en dire long sur vous en tant que personne.<\/div>\n<div><\/div>\n<div>Parmi les pi\u00e8ces de puzzle qui composent cette magnifique d\u00e9coration, vous trouverez d'autres renards, loups, lapins, rats, poules.<\/div>\n<div>Entra\u00eene ton imagination avec tous ces animaux et d\u00e9core ensuite un endroit o\u00f9 tu aimes passer du temps pour les admirer le plus souvent possible.<\/div>\n<div><\/div>\n<div>Le renard vous rappellera \u00e9galement la for\u00eat. D\u00e8s que vous en avez l'occasion, allez dans un parc ou une for\u00eat et plongez-vous dans la nature.<\/div>\n<div><\/div>\n<div><strong>D\u00c9TAILS DU PRODUIT :<\/strong><\/div>\n<div>Dimensions du mod\u00e8le : 400*280*5 mm<\/div>\n<div>Dimensions de l'emballage : 255 x 192 x 42 mm<\/div>\n<div>Nombre de pi\u00e8ces : 141<\/div>","protected":false},"excerpt":{"rendered":"<p>Parmi les pi\u00e8ces de puzzle qui composent cette magnifique d\u00e9coration, vous trouverez d'autres renards, loups, lapins, rats, poules.<\/p>","protected":false},"featured_media":851,"comment_status":"open","ping_status":"closed","template":"","meta":[],"product_brand":[],"product_cat":[80,84,83],"product_tag":[],"woo-feed-brand":[],"class_list":{"0":"post-868","1":"product","2":"type-product","3":"status-publish","4":"has-post-thumbnail","6":"product_cat-puzzle-jigsaw","7":"product_cat-puzzle-jigsaw-in-legno","8":"product_cat-puzzle-jigsaw-bambini","10":"first","11":"instock","12":"shipping-taxable","13":"purchasable","14":"product-type-simple"},"_links":{"self":[{"href":"https:\/\/puzzle3d.co\/fr\/wp-json\/wp\/v2\/product\/868","targetHints":{"allow":["GET"]}}],"collection":[{"href":"https:\/\/puzzle3d.co\/fr\/wp-json\/wp\/v2\/product"}],"about":[{"href":"https:\/\/puzzle3d.co\/fr\/wp-json\/wp\/v2\/types\/product"}],"replies":[{"embeddable":true,"href":"https:\/\/puzzle3d.co\/fr\/wp-json\/wp\/v2\/comments?post=868"}],"wp:featuredmedia":[{"embeddable":true,"href":"https:\/\/puzzle3d.co\/fr\/wp-json\/wp\/v2\/media\/851"}],"wp:attachment":[{"href":"https:\/\/puzzle3d.co\/fr\/wp-json\/wp\/v2\/media?parent=868"}],"wp:term":[{"taxonomy":"product_brand","embeddable":true,"href":"https:\/\/puzzle3d.co\/fr\/wp-json\/wp\/v2\/product_brand?post=868"},{"taxonomy":"product_cat","embeddable":true,"href":"https:\/\/puzzle3d.co\/fr\/wp-json\/wp\/v2\/product_cat?post=868"},{"taxonomy":"product_tag","embeddable":true,"href":"https:\/\/puzzle3d.co\/fr\/wp-json\/wp\/v2\/product_tag?post=868"},{"taxonomy":"woo-feed-brand","embeddable":true,"href":"https:\/\/puzzle3d.co\/fr\/wp-json\/wp\/v2\/woo-feed-brand?post=868"}],"curies":[{"name":"wp","href":"https:\/\/api.w.org\/{rel}","templated":true}]}}