{"id":866,"date":"2023-01-25T22:19:56","date_gmt":"2023-01-25T22:19:56","guid":{"rendered":"https:\/\/puzzle3d.co\/product\/owl-puzzle-classic-lemn-copy\/"},"modified":"2026-01-21T16:50:41","modified_gmt":"2026-01-21T16:50:41","slug":"puzzle-tortue","status":"publish","type":"product","link":"https:\/\/puzzle3d.co\/fr\/prodotto\/tartaruga-puzzle\/","title":{"rendered":"TARTARUGA Puzzle 2D \/ Puzzle en bois, 150 pi\u00e8ces"},"content":{"rendered":"<div><strong>TARTARUGA 2D Calssic Puzzle \/ Puzzle en bois, 150 pi\u00e8ces<\/strong><\/div>\n<div><\/div>\n<div>Te demandes-tu aussi o\u00f9 la grenouille a commenc\u00e9 ? Cherchons la r\u00e9ponse ensemble.<\/div>\n<div><\/div>\n<div>Il est int\u00e9ressant de noter que les tortues sont le symbole de la long\u00e9vit\u00e9, puisqu'elles vivent plus de 100 ans. Sa carapace est synonyme de protection et de s\u00e9curit\u00e9, offrant une barri\u00e8re mentale et physique.<\/div>\n<div><\/div>\n<div>Lorsque vous vous sentez \u00e9puis\u00e9, il est conseill\u00e9 de construire un puzzle comme celui de l'image. Vous vous d\u00e9tendrez, vous vous concentrerez et vous mettrez m\u00eame un terme \u00e0 votre routine \u00e9puisante.<\/div>\n<div><\/div>\n<div>La tortue du puzzle de l'image vous enthousiasmera et vous d\u00e9couvrirez \u00e0 la fin d'o\u00f9 elle est partie.<\/div>\n<div><\/div>\n<div><strong>D\u00c9TAILS DU PRODUIT :<\/strong><\/div>\n<div>Dimensions du mod\u00e8le : 281*395*5 mm<\/div>\n<div>Dimensions de l'emballage : 255 x 192 x 42 mm<\/div>\n<div>Nombre de pi\u00e8ces : 150<\/div>","protected":false},"excerpt":{"rendered":"<p>TARTARUGA Puzzle 2D Calssico \/ Jigsaw in legno, 150 pezzi Ti chiedi anche tu dove \u00e8 iniziata la rana? Cerchiamo insieme la risposta. \u00c8 interessante sapere che le tartarughe sono il simbolo della longevit\u00e0, perch\u00e9 vivono oltre 100 anni. Il loro guscio significa protezione e sicurezza, offrendo una barriera mentale e fisica. Quando ti senti [&#8230;]\n","protected":false},"featured_media":859,"comment_status":"open","ping_status":"closed","template":"","meta":{"slim_seo":{"title":"\ud83d\udc22 TARTARUGA 2D Calssic Puzzle \/ Puzzle en bois, 150 pi\u00e8ces","description":"Puzzle TARTARUGA. Il est int\u00e9ressant de noter que les tortues sont le symbole de la long\u00e9vit\u00e9, car elles vivent plus de 100 ans."}},"product_brand":[],"product_cat":[80,83,84],"product_tag":[],"woo-feed-brand":[],"class_list":{"0":"post-866","1":"product","2":"type-product","3":"status-publish","4":"has-post-thumbnail","6":"product_cat-puzzle-jigsaw","7":"product_cat-puzzle-jigsaw-bambini","8":"product_cat-puzzle-jigsaw-in-legno","10":"first","11":"instock","12":"shipping-taxable","13":"purchasable","14":"product-type-simple"},"_links":{"self":[{"href":"https:\/\/puzzle3d.co\/fr\/wp-json\/wp\/v2\/product\/866","targetHints":{"allow":["GET"]}}],"collection":[{"href":"https:\/\/puzzle3d.co\/fr\/wp-json\/wp\/v2\/product"}],"about":[{"href":"https:\/\/puzzle3d.co\/fr\/wp-json\/wp\/v2\/types\/product"}],"replies":[{"embeddable":true,"href":"https:\/\/puzzle3d.co\/fr\/wp-json\/wp\/v2\/comments?post=866"}],"wp:featuredmedia":[{"embeddable":true,"href":"https:\/\/puzzle3d.co\/fr\/wp-json\/wp\/v2\/media\/859"}],"wp:attachment":[{"href":"https:\/\/puzzle3d.co\/fr\/wp-json\/wp\/v2\/media?parent=866"}],"wp:term":[{"taxonomy":"product_brand","embeddable":true,"href":"https:\/\/puzzle3d.co\/fr\/wp-json\/wp\/v2\/product_brand?post=866"},{"taxonomy":"product_cat","embeddable":true,"href":"https:\/\/puzzle3d.co\/fr\/wp-json\/wp\/v2\/product_cat?post=866"},{"taxonomy":"product_tag","embeddable":true,"href":"https:\/\/puzzle3d.co\/fr\/wp-json\/wp\/v2\/product_tag?post=866"},{"taxonomy":"woo-feed-brand","embeddable":true,"href":"https:\/\/puzzle3d.co\/fr\/wp-json\/wp\/v2\/woo-feed-brand?post=866"}],"curies":[{"name":"wp","href":"https:\/\/api.w.org\/{rel}","templated":true}]}}