{"id":864,"date":"2023-01-25T22:15:13","date_gmt":"2023-01-25T22:15:13","guid":{"rendered":"https:\/\/puzzle3d.co\/product\/mastodon-puzzle-classic-lemn-copy\/"},"modified":"2025-06-11T19:07:05","modified_gmt":"2025-06-11T19:07:05","slug":"puzzle-hibou-bois-classique","status":"publish","type":"product","link":"https:\/\/puzzle3d.co\/fr\/prodotto\/gufo-puzzle-classic-legno\/","title":{"rendered":"Puzzle 2D en bois OWL, 120 pi\u00e8ces"},"content":{"rendered":"<div>\n<h2><strong>Puzzle 2D en bois OWL, 120 pi\u00e8ces<\/strong><\/h2>\n<div>\"Voir dans l'obscurit\u00e9\" ne signifie pas seulement s'orienter la nuit dans une pi\u00e8ce sans lumi\u00e8re... C'est la capacit\u00e9 de comprendre et de voir la v\u00e9rit\u00e9 cach\u00e9e.<\/div>\n<\/div>\n<div>\n<div>C'est pourquoi, dans la mythologie grecque, la chouette est le symbole de la sagesse et de l'intelligence.<\/div>\n<div>Et un hibou compos\u00e9 de pi\u00e8ces d'un puzzle en bois \u00e9voque le souci du d\u00e9tail, la concentration et la d\u00e9termination.<\/div>\n<div>Parmi les pi\u00e8ces, vous trouverez \u00e9galement d'autres partenaires de la for\u00eat tels que le loup, le renard, le lapin, l'aigle et l'ours.<\/div>\n<div>Et si vous utilisiez ces personnages pour donner \u00e0 votre enfant une le\u00e7on de sagesse ?<\/div>\n<div><\/div>\n<div>Vous lui direz que le renard est gentil et que le lapin est craintif, ou vous lui montrerez qu'ils sont tous diff\u00e9rents, certains plus grands, d'autres plus petits, mais qu'ils dialoguent ensemble dans l'\u00e9quilibre et le respect de la nature.<\/div>\n<div><\/div>\n<div>Assemblez-le, amusez-vous et regardez dans les yeux profonds du hibou ce que vous ne pouvez pas voir.<\/div>\n<div><\/div>\n<div><strong>D\u00c9TAILS DU PRODUIT :<\/strong><\/div>\n<div>Dimensions du mod\u00e8le : 283*297*5 mm<\/div>\n<div>Dimensions de l'emballage : 255 x 192 x 42 mm<\/div>\n<div>Nombre de pi\u00e8ces : 120<\/div>\n<\/div>","protected":false},"excerpt":{"rendered":"<p>Dans la mythologie grecque, le hibou est le symbole de la sagesse et de l'intelligence. Un hibou r\u00e9alis\u00e9 \u00e0 partir des pi\u00e8ces d'un puzzle en bois symbolise le souci du d\u00e9tail, la concentration et la d\u00e9termination.<\/p>","protected":false},"featured_media":856,"comment_status":"open","ping_status":"closed","template":"","meta":{"slim_seo":{"title":"\ud83e\udd89 OWL 2D Classic Puzzle en bois, 120 pi\u00e8ces","description":"Puzzle 2D classique OWL. Dans la mythologie grecque, le hibou est le symbole de la sagesse et de l'intelligence, et un hibou fabriqu\u00e9 \u00e0 partir des pi\u00e8ces d'un puzzle en bois \u00e9voque le souci du d\u00e9tail, la concentration et la d\u00e9termination"}},"product_brand":[],"product_cat":[80,83,84],"product_tag":[],"woo-feed-brand":[],"class_list":{"0":"post-864","1":"product","2":"type-product","3":"status-publish","4":"has-post-thumbnail","6":"product_cat-puzzle-jigsaw","7":"product_cat-puzzle-jigsaw-bambini","8":"product_cat-puzzle-jigsaw-in-legno","10":"first","11":"instock","12":"shipping-taxable","13":"purchasable","14":"product-type-simple"},"_links":{"self":[{"href":"https:\/\/puzzle3d.co\/fr\/wp-json\/wp\/v2\/product\/864","targetHints":{"allow":["GET"]}}],"collection":[{"href":"https:\/\/puzzle3d.co\/fr\/wp-json\/wp\/v2\/product"}],"about":[{"href":"https:\/\/puzzle3d.co\/fr\/wp-json\/wp\/v2\/types\/product"}],"replies":[{"embeddable":true,"href":"https:\/\/puzzle3d.co\/fr\/wp-json\/wp\/v2\/comments?post=864"}],"wp:featuredmedia":[{"embeddable":true,"href":"https:\/\/puzzle3d.co\/fr\/wp-json\/wp\/v2\/media\/856"}],"wp:attachment":[{"href":"https:\/\/puzzle3d.co\/fr\/wp-json\/wp\/v2\/media?parent=864"}],"wp:term":[{"taxonomy":"product_brand","embeddable":true,"href":"https:\/\/puzzle3d.co\/fr\/wp-json\/wp\/v2\/product_brand?post=864"},{"taxonomy":"product_cat","embeddable":true,"href":"https:\/\/puzzle3d.co\/fr\/wp-json\/wp\/v2\/product_cat?post=864"},{"taxonomy":"product_tag","embeddable":true,"href":"https:\/\/puzzle3d.co\/fr\/wp-json\/wp\/v2\/product_tag?post=864"},{"taxonomy":"woo-feed-brand","embeddable":true,"href":"https:\/\/puzzle3d.co\/fr\/wp-json\/wp\/v2\/woo-feed-brand?post=864"}],"curies":[{"name":"wp","href":"https:\/\/api.w.org\/{rel}","templated":true}]}}