{"id":862,"date":"2023-01-25T22:08:41","date_gmt":"2023-01-25T22:08:41","guid":{"rendered":"https:\/\/puzzle3d.co\/product\/bat-m-puzzle-classic-lemn-copy\/"},"modified":"2025-06-11T19:07:19","modified_gmt":"2025-06-11T19:07:19","slug":"mastodon-puzzle-classique-jigsaw","status":"publish","type":"product","link":"https:\/\/puzzle3d.co\/fr\/prodotto\/mastodon-puzzle-classic-jigsaw\/","title":{"rendered":"MASTODON Puzzle 2D en bois, 180 pi\u00e8ces"},"content":{"rendered":"<div>\n<p><strong>MASTODON Classic 2D Puzzle\/ Puzzle en bois, 180 pi\u00e8ces<\/strong><\/p>\n<div>O\u00f9 est pass\u00e9 le mastodonte ? M\u00eame les chercheurs ne le savent pas.<\/div>\n<\/div>\n<div>\n<div>\n<div><\/div>\n<div>On a d\u00e9couvert qu'il y a environ 10 000 ans, un mammif\u00e8re pesant entre 4 et 10 tonnes et mesurant jusqu'\u00e0 10 m\u00e8tres de long vivait sur le continent nord-am\u00e9ricain.<\/div>\n<div><\/div>\n<div>La structure du squelette \u00e9tait quelque peu similaire \u00e0 celle de l'\u00e9l\u00e9phant, mais les proportions \u00e9taient tr\u00e8s diff\u00e9rentes.<\/div>\n<div><\/div>\n<div>Ils sont cens\u00e9s avoir disparu \u00e0 cause du climat....<\/div>\n<div>Optez pour l'originalit\u00e9 et choisissez de d\u00e9corer votre maison ou votre bureau avec un mammif\u00e8re pr\u00e9historique que personne n'a jamais vu.<\/div>\n<div><\/div>\n<div>C'est une activit\u00e9 amusante que d'assembler un puzzle dans lequel on trouve des \u00e9l\u00e9phants, des ours, des tigres, des rhinoc\u00e9ros et d'autres amis courageux parmi les \u00e9l\u00e9ments en bois.<\/div>\n<div><\/div>\n<div>En m\u00eame temps, vous vous d\u00e9tendez, vous vous concentrez et vous sentez que votre cerveau appr\u00e9cie le d\u00e9fi.<\/div>\n<div><\/div>\n<div>Nous proposons 3 tailles (S, M, L) parmi lesquelles vous pouvez choisir celle qui conviendra le mieux au mur de votre maison ou de votre bureau. Ou peut-\u00eatre voulez-vous mettre ce joli puzzle dans un cadre - \u00e0 vous de choisir.<\/div>\n<div><\/div>\n<div><strong>D\u00c9TAILS DU PRODUIT :<\/strong><\/div>\n<div>Dimensions du mod\u00e8le : 286*387*5 mm<\/div>\n<div>Dimensions de l'emballage : 255 x 192 x 42 mm<\/div>\n<div>Nombre de pi\u00e8ces : 180<\/div>\n<\/div>\n<div><\/div>\n<\/div>","protected":false},"excerpt":{"rendered":"<p>C'est une activit\u00e9 amusante que d'assembler un puzzle dans lequel on trouve des \u00e9l\u00e9phants, des ours, des tigres, des rhinoc\u00e9ros et d'autres amis courageux parmi les \u00e9l\u00e9ments en bois.<\/p>","protected":false},"featured_media":855,"comment_status":"open","ping_status":"closed","template":"","meta":[],"product_brand":[],"product_cat":[80,84,83],"product_tag":[],"woo-feed-brand":[],"class_list":{"0":"post-862","1":"product","2":"type-product","3":"status-publish","4":"has-post-thumbnail","6":"product_cat-puzzle-jigsaw","7":"product_cat-puzzle-jigsaw-in-legno","8":"product_cat-puzzle-jigsaw-bambini","10":"first","11":"instock","12":"shipping-taxable","13":"purchasable","14":"product-type-simple"},"_links":{"self":[{"href":"https:\/\/puzzle3d.co\/fr\/wp-json\/wp\/v2\/product\/862","targetHints":{"allow":["GET"]}}],"collection":[{"href":"https:\/\/puzzle3d.co\/fr\/wp-json\/wp\/v2\/product"}],"about":[{"href":"https:\/\/puzzle3d.co\/fr\/wp-json\/wp\/v2\/types\/product"}],"replies":[{"embeddable":true,"href":"https:\/\/puzzle3d.co\/fr\/wp-json\/wp\/v2\/comments?post=862"}],"wp:featuredmedia":[{"embeddable":true,"href":"https:\/\/puzzle3d.co\/fr\/wp-json\/wp\/v2\/media\/855"}],"wp:attachment":[{"href":"https:\/\/puzzle3d.co\/fr\/wp-json\/wp\/v2\/media?parent=862"}],"wp:term":[{"taxonomy":"product_brand","embeddable":true,"href":"https:\/\/puzzle3d.co\/fr\/wp-json\/wp\/v2\/product_brand?post=862"},{"taxonomy":"product_cat","embeddable":true,"href":"https:\/\/puzzle3d.co\/fr\/wp-json\/wp\/v2\/product_cat?post=862"},{"taxonomy":"product_tag","embeddable":true,"href":"https:\/\/puzzle3d.co\/fr\/wp-json\/wp\/v2\/product_tag?post=862"},{"taxonomy":"woo-feed-brand","embeddable":true,"href":"https:\/\/puzzle3d.co\/fr\/wp-json\/wp\/v2\/woo-feed-brand?post=862"}],"curies":[{"name":"wp","href":"https:\/\/api.w.org\/{rel}","templated":true}]}}