{"id":860,"date":"2023-01-25T22:03:04","date_gmt":"2023-01-25T22:03:04","guid":{"rendered":"https:\/\/puzzle3d.co\/product\/koi-puzzle-classic-lemn-copy\/"},"modified":"2025-06-11T19:07:35","modified_gmt":"2025-06-11T19:07:35","slug":"scie-sauteuse-chauve-souris-scie-sauteuse-2d","status":"publish","type":"product","link":"https:\/\/puzzle3d.co\/fr\/prodotto\/pipistrello-jigsaw-2d-puzzle\/","title":{"rendered":"Puzzle 2D chauve-souris en bois, 130 pi\u00e8ces"},"content":{"rendered":"<div>\n<p><strong>Puzzle en bois 2D chauve-souris, 130 pi\u00e8ces<\/strong><\/p>\n<\/div>\n<div>\n<div>\n<div>Savez-vous d'o\u00f9 vient le nom Flying Bat ?<\/div>\n<div><\/div>\n<div>Cet \u00e9l\u00e9gant papillon se nourrit de feuilles de lilas au stade larvaire, lorsque la femelle pond ses \u0153ufs.<\/div>\n<div><\/div>\n<div>\u00c0 maturit\u00e9, la chauve-souris appr\u00e9cie le nectar des fleurs. De mai \u00e0 juillet, on peut la voir voler autour des fleurs dans les jardins et les parcs.<\/div>\n<div><\/div>\n<div>Choisissez un puzzle de chauve-souris et d\u00e9corez votre maison avec le symbole du printemps et de la renaissance.<\/div>\n<div><\/div>\n<div>D\u00e9tendez-vous et concentrez-vous pendant que vous assortissez les pi\u00e8ces, puis donnez-leur une place d'honneur sur un mur ou dans un cadre.<\/div>\n<div><\/div>\n<div><strong>D\u00c9TAILS DU PRODUIT :<\/strong><\/div>\n<div>Dimensions du mod\u00e8le : 280*390*5 mm<\/div>\n<div>Dimensions de l'emballage : 255 x 192 x 42 mm<\/div>\n<div>Nombre de pi\u00e8ces : 130<\/div>\n<\/div>\n<div><\/div>\n<\/div>","protected":false},"excerpt":{"rendered":"<p>Choisissez un puzzle de chauve-souris et d\u00e9corez votre maison avec le symbole du printemps et de la renaissance.<\/p>","protected":false},"featured_media":849,"comment_status":"open","ping_status":"closed","template":"","meta":[],"product_brand":[],"product_cat":[80,84,83],"product_tag":[],"woo-feed-brand":[],"class_list":{"0":"post-860","1":"product","2":"type-product","3":"status-publish","4":"has-post-thumbnail","6":"product_cat-puzzle-jigsaw","7":"product_cat-puzzle-jigsaw-in-legno","8":"product_cat-puzzle-jigsaw-bambini","10":"first","11":"instock","12":"shipping-taxable","13":"purchasable","14":"product-type-simple"},"_links":{"self":[{"href":"https:\/\/puzzle3d.co\/fr\/wp-json\/wp\/v2\/product\/860","targetHints":{"allow":["GET"]}}],"collection":[{"href":"https:\/\/puzzle3d.co\/fr\/wp-json\/wp\/v2\/product"}],"about":[{"href":"https:\/\/puzzle3d.co\/fr\/wp-json\/wp\/v2\/types\/product"}],"replies":[{"embeddable":true,"href":"https:\/\/puzzle3d.co\/fr\/wp-json\/wp\/v2\/comments?post=860"}],"wp:featuredmedia":[{"embeddable":true,"href":"https:\/\/puzzle3d.co\/fr\/wp-json\/wp\/v2\/media\/849"}],"wp:attachment":[{"href":"https:\/\/puzzle3d.co\/fr\/wp-json\/wp\/v2\/media?parent=860"}],"wp:term":[{"taxonomy":"product_brand","embeddable":true,"href":"https:\/\/puzzle3d.co\/fr\/wp-json\/wp\/v2\/product_brand?post=860"},{"taxonomy":"product_cat","embeddable":true,"href":"https:\/\/puzzle3d.co\/fr\/wp-json\/wp\/v2\/product_cat?post=860"},{"taxonomy":"product_tag","embeddable":true,"href":"https:\/\/puzzle3d.co\/fr\/wp-json\/wp\/v2\/product_tag?post=860"},{"taxonomy":"woo-feed-brand","embeddable":true,"href":"https:\/\/puzzle3d.co\/fr\/wp-json\/wp\/v2\/woo-feed-brand?post=860"}],"curies":[{"name":"wp","href":"https:\/\/api.w.org\/{rel}","templated":true}]}}