{"id":847,"date":"2023-01-25T21:56:10","date_gmt":"2023-01-25T21:56:10","guid":{"rendered":"https:\/\/puzzle3d.co\/product\/ram-puzzle-classic-copy\/"},"modified":"2025-06-11T19:07:50","modified_gmt":"2025-06-11T19:07:50","slug":"puzzle-2d-en-bois-poisson","status":"publish","type":"product","link":"https:\/\/puzzle3d.co\/fr\/prodotto\/pesci-puzzle-2d-in-legno\/","title":{"rendered":"Puzzle en bois 2D poisson - 150 pi\u00e8ces"},"content":{"rendered":"<div>\n<p><strong>Puzzle en bois 2D poisson , 150 pi\u00e8ces<\/strong><\/p>\n<\/div>\n<div>\n<div>\n<div>Vous avez devant vous un poisson mignon et intelligent : la carpe ko\u00ef. Il s'agit d'une esp\u00e8ce originaire d'Asie, qui vit plus pr\u00e9cis\u00e9ment dans les eaux douces de Chine et du Japon.<\/div>\n<div><\/div>\n<div>En Orient, elles sont le symbole du courage et de la pers\u00e9v\u00e9rance.<\/div>\n<div><\/div>\n<div>Ils ne se d\u00e9veloppent que dans une eau propre et oxyg\u00e9n\u00e9e, \u00e0 une temp\u00e9rature comprise entre 10 et 30 degr\u00e9s Celsius, et se nourrissent d'un r\u00e9gime \u00e9quilibr\u00e9 de v\u00e9g\u00e9tation et d'algues.<\/div>\n<div><\/div>\n<div>L'assemblage de ce puzzle sera un agr\u00e9able moment de paix et de d\u00e9tente, et l'admirer ensuite vous rappellera l'\u00e9quilibre et l'harmonie.<\/div>\n<div><\/div>\n<div>Il est merveilleux de rechercher l'\u00e9quilibre et l'harmonie avec soi-m\u00eame et avec ceux qui nous entourent !<\/div>\n<div><\/div>\n<div><strong>D\u00c9TAILS DU PRODUIT :<\/strong><\/div>\n<div>Dimensions du mod\u00e8le : 282*387*5 mm<\/div>\n<div>Dimensions de l'emballage : 255 x 192 x 42 mm<\/div>\n<div>Nombre de pi\u00e8ces : 150<\/div>\n<\/div>\n<div><\/div>\n<\/div>","protected":false},"excerpt":{"rendered":"<div>KOI - puzzle classique en bois\/puzzle<br \/>\nL'assemblage de ce puzzle sera un agr\u00e9able moment de paix et de d\u00e9tente, et l'admirer ensuite vous rappellera l'\u00e9quilibre et l'harmonie.<\/div>\n<p>&nbsp;<\/p>","protected":false},"featured_media":852,"comment_status":"open","ping_status":"closed","template":"","meta":[],"product_brand":[],"product_cat":[80,84,83],"product_tag":[],"woo-feed-brand":[],"class_list":{"0":"post-847","1":"product","2":"type-product","3":"status-publish","4":"has-post-thumbnail","6":"product_cat-puzzle-jigsaw","7":"product_cat-puzzle-jigsaw-in-legno","8":"product_cat-puzzle-jigsaw-bambini","10":"first","11":"instock","12":"shipping-taxable","13":"purchasable","14":"product-type-simple"},"_links":{"self":[{"href":"https:\/\/puzzle3d.co\/fr\/wp-json\/wp\/v2\/product\/847","targetHints":{"allow":["GET"]}}],"collection":[{"href":"https:\/\/puzzle3d.co\/fr\/wp-json\/wp\/v2\/product"}],"about":[{"href":"https:\/\/puzzle3d.co\/fr\/wp-json\/wp\/v2\/types\/product"}],"replies":[{"embeddable":true,"href":"https:\/\/puzzle3d.co\/fr\/wp-json\/wp\/v2\/comments?post=847"}],"wp:featuredmedia":[{"embeddable":true,"href":"https:\/\/puzzle3d.co\/fr\/wp-json\/wp\/v2\/media\/852"}],"wp:attachment":[{"href":"https:\/\/puzzle3d.co\/fr\/wp-json\/wp\/v2\/media?parent=847"}],"wp:term":[{"taxonomy":"product_brand","embeddable":true,"href":"https:\/\/puzzle3d.co\/fr\/wp-json\/wp\/v2\/product_brand?post=847"},{"taxonomy":"product_cat","embeddable":true,"href":"https:\/\/puzzle3d.co\/fr\/wp-json\/wp\/v2\/product_cat?post=847"},{"taxonomy":"product_tag","embeddable":true,"href":"https:\/\/puzzle3d.co\/fr\/wp-json\/wp\/v2\/product_tag?post=847"},{"taxonomy":"woo-feed-brand","embeddable":true,"href":"https:\/\/puzzle3d.co\/fr\/wp-json\/wp\/v2\/woo-feed-brand?post=847"}],"curies":[{"name":"wp","href":"https:\/\/api.w.org\/{rel}","templated":true}]}}