{"id":843,"date":"2023-01-25T21:31:29","date_gmt":"2023-01-25T21:31:29","guid":{"rendered":"https:\/\/puzzle3d.co\/product\/gramophone-puzzle-3d-copy\/"},"modified":"2025-06-11T19:08:06","modified_gmt":"2025-06-11T19:08:06","slug":"puzzle-en-bois-belier-2d-130-pieces","status":"publish","type":"product","link":"https:\/\/puzzle3d.co\/fr\/prodotto\/ariete-puzzle-2d-jigsaw-in-legno-130-pezzi\/","title":{"rendered":"Puzzle en bois ARIETE 2D, 130 pi\u00e8ces"},"content":{"rendered":"<div>\n<p><strong>Puzzle en bois ARIETE 2D, 130 pi\u00e8ces<\/strong><\/p>\n<\/div>\n<div>\n<div>\n<div>Il n'est pas n\u00e9cessaire d'\u00eatre n\u00e9 sous le signe du B\u00e9lier pour assembler ce merveilleux puzzle.<\/div>\n<div><\/div>\n<div>Mais il y a quelque chose d'int\u00e9ressant \u00e0 leur sujet :<\/div>\n<div>sont ambitieux et \u00e9nergiques, s'adaptent au changement et se consid\u00e8rent comme des leaders intr\u00e9pides.<\/div>\n<div><\/div>\n<div>Elon Musk - fondateur et PDG de SpaceX et Tesla ;<\/div>\n<div><\/div>\n<div>Albert Einstein - le physicien qui a r\u00e9volutionn\u00e9 le monde ;<\/div>\n<div><\/div>\n<div>Mark Zuckerberg - fondateur et PDG de Facebook ;<\/div>\n<div><\/div>\n<div>Prince Charles - fils de la reine \u00c9lisabeth II ;<\/div>\n<div><\/div>\n<div>Nicolae Ceausescu et beaucoup d'autres personnes c\u00e9l\u00e8bres se trouvent dans le zodiaque du B\u00e9lier.<\/div>\n<div><\/div>\n<div>\u00cates-vous maintenant convaincu qu'un puzzle B\u00e9lier r\u00e9v\u00e8le des qualit\u00e9s extraordinaires au premier coup d'\u0153il ?<\/div>\n<div><\/div>\n<div><strong>D\u00c9TAILS DU PRODUIT :<\/strong><\/div>\n<div>Dimensions du mod\u00e8le : 282*387*5 mm<\/div>\n<div>Dimensions de l'emballage : 255 x 192 x 42 mm<\/div>\n<div>Nombre de pi\u00e8ces : 130<\/div>\n<\/div>\n<div><\/div>\n<\/div>","protected":false},"excerpt":{"rendered":"<p>Il n'est pas n\u00e9cessaire d'\u00eatre n\u00e9 sous le signe du B\u00e9lier pour assembler ce merveilleux puzzle. Mais consid\u00e9rez quelque chose d'int\u00e9ressant \u00e0 leur sujet : ils sont ambitieux et \u00e9nergiques, s'adaptent au changement et se consid\u00e8rent comme des leaders intr\u00e9pides.<\/p>","protected":false},"featured_media":845,"comment_status":"open","ping_status":"closed","template":"","meta":[],"product_brand":[],"product_cat":[80,84,83],"product_tag":[],"woo-feed-brand":[],"class_list":{"0":"post-843","1":"product","2":"type-product","3":"status-publish","4":"has-post-thumbnail","6":"product_cat-puzzle-jigsaw","7":"product_cat-puzzle-jigsaw-in-legno","8":"product_cat-puzzle-jigsaw-bambini","10":"first","11":"instock","12":"shipping-taxable","13":"purchasable","14":"product-type-simple"},"_links":{"self":[{"href":"https:\/\/puzzle3d.co\/fr\/wp-json\/wp\/v2\/product\/843","targetHints":{"allow":["GET"]}}],"collection":[{"href":"https:\/\/puzzle3d.co\/fr\/wp-json\/wp\/v2\/product"}],"about":[{"href":"https:\/\/puzzle3d.co\/fr\/wp-json\/wp\/v2\/types\/product"}],"replies":[{"embeddable":true,"href":"https:\/\/puzzle3d.co\/fr\/wp-json\/wp\/v2\/comments?post=843"}],"wp:featuredmedia":[{"embeddable":true,"href":"https:\/\/puzzle3d.co\/fr\/wp-json\/wp\/v2\/media\/845"}],"wp:attachment":[{"href":"https:\/\/puzzle3d.co\/fr\/wp-json\/wp\/v2\/media?parent=843"}],"wp:term":[{"taxonomy":"product_brand","embeddable":true,"href":"https:\/\/puzzle3d.co\/fr\/wp-json\/wp\/v2\/product_brand?post=843"},{"taxonomy":"product_cat","embeddable":true,"href":"https:\/\/puzzle3d.co\/fr\/wp-json\/wp\/v2\/product_cat?post=843"},{"taxonomy":"product_tag","embeddable":true,"href":"https:\/\/puzzle3d.co\/fr\/wp-json\/wp\/v2\/product_tag?post=843"},{"taxonomy":"woo-feed-brand","embeddable":true,"href":"https:\/\/puzzle3d.co\/fr\/wp-json\/wp\/v2\/woo-feed-brand?post=843"}],"curies":[{"name":"wp","href":"https:\/\/api.w.org\/{rel}","templated":true}]}}