{"id":834,"date":"2023-01-25T15:04:00","date_gmt":"2023-01-25T15:04:00","guid":{"rendered":"https:\/\/puzzle3d.co\/product\/kinetic-globe-puzzle-3d-copy\/"},"modified":"2025-06-11T19:09:09","modified_gmt":"2025-06-11T19:09:09","slug":"puzzle-mecanique-en-bois-3d-gramophone","status":"publish","type":"product","link":"https:\/\/puzzle3d.co\/fr\/prodotto\/grammofono-puzzle-meccanico-3d-in-legno\/","title":{"rendered":"Le Gramophone 3D Mod\u00e8le de construction m\u00e9canique en bois, 321 pi\u00e8ces"},"content":{"rendered":"<div><strong>Le Gramophone - Puzzle m\u00e9canique 3D en bois - 321 pi\u00e8ces<\/strong><\/div>\n<div><\/div>\n<div>Thomas Edison, l'une des figures les plus importantes de l'histoire de la technologie, a invent\u00e9 le gramophone en 1877 sur une tige de cire. Ce fut un succ\u00e8s commercial et il devint rapidement populaire aux \u00c9tats-Unis.<\/div>\n<div><\/div>\n<div>10 ans plus tard, l'ing\u00e9nieur am\u00e9ricain d'origine allemande Emil Berliner invente le gramophone \u00e0 disques.<\/div>\n<div><\/div>\n<div>Les deux gramophones ont apport\u00e9 une contribution colossale \u00e0 l'industrie de la musique et de la communication.<\/div>\n<div><\/div>\n<div>Le gramophone qui se trouve devant vous vient vous r\u00e9jouir chaque jour d'une mani\u00e8re particuli\u00e8re.<\/div>\n<div><\/div>\n<div>Il sera agr\u00e9able de commencer la journ\u00e9e avec ce gramophone \u00e0 c\u00f4t\u00e9 duquel vous pourrez d\u00e9guster votre caf\u00e9 dans une atmosph\u00e8re relaxante. Ensuite, vous prendrez votre montre ou le bijou du jour dans la bo\u00eete secr\u00e8te. Le soir, vous ouvrirez \u00e0 nouveau la bo\u00eete pour y ranger le bijou. C'est ainsi que vos rituels quotidiens transformeront le gramophone en un objet avec lequel vous entretiendrez un lien \u00e9troit.<\/div>\n<div><\/div>\n<div>L'assemblage du gramophone sera une activit\u00e9 d\u00e9licieuse et relaxante et, \u00e0 la fin, vous ne regarderez pas trop loin.<\/div>\n<div><\/div>\n<h2><strong>Cadeau id\u00e9al pour les femmes et les amateurs de musique<\/strong><\/h2>\n<div><\/div>\n<div>C'est un cadeau original pour les femmes et les hommes passionn\u00e9s de musique, de culture et d'art. Le coffret apporte une valeur ajout\u00e9e et peut \u00eatre compl\u00e9t\u00e9 par des montres, des bijoux ou des mots d'amour.<\/div>\n<div><\/div>\n<div>Un bel objet de d\u00e9coration pour toutes les pi\u00e8ces de la maison.<\/div>\n<div><\/div>\n<div>Lorsque vous ne savez pas quel cadeau offrir \u00e0 un proche ou \u00e0 une personne que vous estimez, choisissez un gramophone.<\/div>\n<div><\/div>\n<div><strong>D\u00c9TAILS DU PRODUIT :<\/strong><\/div>\n<div>Dimensions du mod\u00e8le : 407*274*312 mm<\/div>\n<div>Dimensions de l'emballage : 377 x 243 x 45 mm<\/div>\n<div>Nombre de pi\u00e8ces : 321<\/div>","protected":false},"excerpt":{"rendered":"<div>L'assemblage du gramophone sera une activit\u00e9 d\u00e9licieuse et relaxante et, \u00e0 la fin, vous ne regarderez pas trop loin.<\/div>\n<p>&nbsp;<\/p>","protected":false},"featured_media":839,"comment_status":"open","ping_status":"closed","template":"","meta":[],"product_brand":[],"product_cat":[73,74,76,89,90],"product_tag":[],"woo-feed-brand":[],"class_list":{"0":"post-834","1":"product","2":"type-product","3":"status-publish","4":"has-post-thumbnail","6":"product_cat-puzzle-3d","7":"product_cat-puzzle-3d-in-legno","8":"product_cat-puzzle-3d-per-bambini","9":"product_cat-puzzle-meccanici-3d-in-legno","10":"product_cat-puzzle-meccanici-per-bambini","12":"first","13":"instock","14":"shipping-taxable","15":"purchasable","16":"product-type-simple"},"_links":{"self":[{"href":"https:\/\/puzzle3d.co\/fr\/wp-json\/wp\/v2\/product\/834","targetHints":{"allow":["GET"]}}],"collection":[{"href":"https:\/\/puzzle3d.co\/fr\/wp-json\/wp\/v2\/product"}],"about":[{"href":"https:\/\/puzzle3d.co\/fr\/wp-json\/wp\/v2\/types\/product"}],"replies":[{"embeddable":true,"href":"https:\/\/puzzle3d.co\/fr\/wp-json\/wp\/v2\/comments?post=834"}],"wp:featuredmedia":[{"embeddable":true,"href":"https:\/\/puzzle3d.co\/fr\/wp-json\/wp\/v2\/media\/839"}],"wp:attachment":[{"href":"https:\/\/puzzle3d.co\/fr\/wp-json\/wp\/v2\/media?parent=834"}],"wp:term":[{"taxonomy":"product_brand","embeddable":true,"href":"https:\/\/puzzle3d.co\/fr\/wp-json\/wp\/v2\/product_brand?post=834"},{"taxonomy":"product_cat","embeddable":true,"href":"https:\/\/puzzle3d.co\/fr\/wp-json\/wp\/v2\/product_cat?post=834"},{"taxonomy":"product_tag","embeddable":true,"href":"https:\/\/puzzle3d.co\/fr\/wp-json\/wp\/v2\/product_tag?post=834"},{"taxonomy":"woo-feed-brand","embeddable":true,"href":"https:\/\/puzzle3d.co\/fr\/wp-json\/wp\/v2\/woo-feed-brand?post=834"}],"curies":[{"name":"wp","href":"https:\/\/api.w.org\/{rel}","templated":true}]}}