{"id":826,"date":"2023-01-25T14:32:39","date_gmt":"2023-01-25T14:32:39","guid":{"rendered":"https:\/\/puzzle3d.co\/product\/doll-house-puzzle-3d-copy\/"},"modified":"2025-05-11T08:14:48","modified_gmt":"2025-05-11T08:14:48","slug":"globe-cinetique-puzzle-mecanique-3d-bois","status":"publish","type":"product","link":"https:\/\/puzzle3d.co\/fr\/prodotto\/globo-cinetico-puzzle-meccanico-3d-legno\/","title":{"rendered":"The Kinetic Globe - Puzzle m\u00e9canique en bois, 205 pi\u00e8ces"},"content":{"rendered":"<div>\n<p><strong>The Kinetic Globe - Puzzle m\u00e9canique en bois, 205 pi\u00e8ces<\/strong><\/p>\n<p><span style=\"color: #333333;\">D\u00e9couvrez la beaut\u00e9 de la m\u00e9canique avec un globe cin\u00e9tique ! <\/span><span style=\"color: #333333;\">Au XVIIe si\u00e8cle, les globes cin\u00e9tiques ont commenc\u00e9 \u00e0 \u00eatre utilis\u00e9s comme outil p\u00e9dagogique pour illustrer des principes physiques tels que la rotation et la r\u00e9volution.<\/span><\/p>\n<\/div>\n<div>\n<div>\n<div>Deux si\u00e8cles plus tard, ils ont commenc\u00e9 \u00e0 \u00eatre utilis\u00e9s comme objets d\u00e9coratifs.<\/div>\n<div>\u00c0 partir du XXe si\u00e8cle, les globes cin\u00e9tiques sont devenus des objets d'art contemporain de plus en plus populaires.<\/div>\n<div><\/div>\n<div>Aujourd'hui, les globes continuent d'\u00e9voluer, utilisant des technologies modernes et des mat\u00e9riaux avanc\u00e9s pour cr\u00e9er des mouvements et des effets visuels impressionnants.<\/div>\n<div><\/div>\n<div>Un cadeau intelligent pour tous<\/div>\n<div><\/div>\n<div>Choisissez un cadeau astucieux pour vous ou un ami, assemblez-le et laissez-le tourner. Il est relaxant d'observer le mouvement de rotation et de r\u00e9volution.<\/div>\n<div><\/div>\n<div>Vous pouvez le faire en r\u00e9fl\u00e9chissant \u00e0 un projet ou en prenant un caf\u00e9 en toute tranquillit\u00e9. Vous remarquerez que vos batteries se rechargent et que vos pens\u00e9es semblent se poser sur l'\u00e9tag\u00e8re.<\/div>\n<div><\/div>\n<div><strong>D\u00c9TAILS DU PRODUIT :<\/strong><\/div>\n<div>Dimensions du mod\u00e8le : 161*132*251 mm<\/div>\n<div>Dimensions de l'emballage : 245*188*30 mm<\/div>\n<div>Nombre de pi\u00e8ces : 205<\/div>\n<\/div>\n<div><\/div>\n<\/div>","protected":false},"excerpt":{"rendered":"<p>D\u00e9couvrez la beaut\u00e9 de la m\u00e9canique avec un globe cin\u00e9tique ! Choisissez un cadeau astucieux pour vous ou un ami, assemblez-le et laissez-le tourner. Il est relaxant d'observer le mouvement de rotation et de r\u00e9volution.<\/p>","protected":false},"featured_media":830,"comment_status":"open","ping_status":"closed","template":"","meta":[],"product_brand":[],"product_cat":[73,74,76,89,90],"product_tag":[],"woo-feed-brand":[],"class_list":{"0":"post-826","1":"product","2":"type-product","3":"status-publish","4":"has-post-thumbnail","6":"product_cat-puzzle-3d","7":"product_cat-puzzle-3d-in-legno","8":"product_cat-puzzle-3d-per-bambini","9":"product_cat-puzzle-meccanici-3d-in-legno","10":"product_cat-puzzle-meccanici-per-bambini","12":"first","13":"instock","14":"shipping-taxable","15":"purchasable","16":"product-type-simple"},"_links":{"self":[{"href":"https:\/\/puzzle3d.co\/fr\/wp-json\/wp\/v2\/product\/826","targetHints":{"allow":["GET"]}}],"collection":[{"href":"https:\/\/puzzle3d.co\/fr\/wp-json\/wp\/v2\/product"}],"about":[{"href":"https:\/\/puzzle3d.co\/fr\/wp-json\/wp\/v2\/types\/product"}],"replies":[{"embeddable":true,"href":"https:\/\/puzzle3d.co\/fr\/wp-json\/wp\/v2\/comments?post=826"}],"wp:featuredmedia":[{"embeddable":true,"href":"https:\/\/puzzle3d.co\/fr\/wp-json\/wp\/v2\/media\/830"}],"wp:attachment":[{"href":"https:\/\/puzzle3d.co\/fr\/wp-json\/wp\/v2\/media?parent=826"}],"wp:term":[{"taxonomy":"product_brand","embeddable":true,"href":"https:\/\/puzzle3d.co\/fr\/wp-json\/wp\/v2\/product_brand?post=826"},{"taxonomy":"product_cat","embeddable":true,"href":"https:\/\/puzzle3d.co\/fr\/wp-json\/wp\/v2\/product_cat?post=826"},{"taxonomy":"product_tag","embeddable":true,"href":"https:\/\/puzzle3d.co\/fr\/wp-json\/wp\/v2\/product_tag?post=826"},{"taxonomy":"woo-feed-brand","embeddable":true,"href":"https:\/\/puzzle3d.co\/fr\/wp-json\/wp\/v2\/woo-feed-brand?post=826"}],"curies":[{"name":"wp","href":"https:\/\/api.w.org\/{rel}","templated":true}]}}