{"id":818,"date":"2023-01-24T16:19:11","date_gmt":"2023-01-24T16:19:11","guid":{"rendered":"https:\/\/puzzle3d.co\/product\/tank-t-34-85-puzzle-3d-mecanic-copy\/"},"modified":"2025-05-12T06:12:44","modified_gmt":"2025-05-12T06:12:44","slug":"puzzle-en-bois-3d-maison-de-poupee","status":"publish","type":"product","link":"https:\/\/puzzle3d.co\/fr\/prodotto\/casa-delle-bambole-puzzle-3d-in-legno\/","title":{"rendered":"Maison de poup\u00e9e en bois, 131 pi\u00e8ces"},"content":{"rendered":"<div>\n<p><strong>CHILDREN'S HOUSE 3D Puzzle en bois -131 pi\u00e8ces<\/strong><\/p>\n<p>La construction de cette maison de poup\u00e9e sera un plaisir, gr\u00e2ce aux composants en bois de haute qualit\u00e9. Chaque pi\u00e8ce est d\u00e9coup\u00e9e avec une pr\u00e9cision laser et s'adapte parfaitement aux autres. Des instructions d\u00e9taill\u00e9es vous guideront pas \u00e0 pas dans l'assemblage.<\/p>\n<p>Une fois termin\u00e9e, la maison mesure 48 x 37 x 54 cm, pour un grand mod\u00e8le. L'imagination et la cr\u00e9ativit\u00e9 sont au rendez-vous pour am\u00e9nager l'int\u00e9rieur et d\u00e9corer l'ext\u00e9rieur \u00e0 votre go\u00fbt, comme dans une vraie maison de poup\u00e9e !<\/p>\n<\/div>\n<p>L'attention port\u00e9e aux d\u00e9tails est \u00e9tonnante : balcons d\u00e9cor\u00e9s, mobilier complet de chambre et de cuisine, petits rideaux color\u00e9s, toboggan et autres \u00e9l\u00e9ments pr\u00e9cieux contribuent \u00e0 recr\u00e9er un monde miniature extraordinairement r\u00e9aliste.<\/p>\n<p class=\"whitespace-pre-wrap\">Laissez-vous s\u00e9duire par cette magnifique maison de poup\u00e9e en bois - le cadeau id\u00e9al pour les petits et les grands !<\/p>\n<p class=\"whitespace-pre-wrap\">L'un des principaux fabricants mondiaux de puzzles en bois, avec des dizaines d'ensembles fascinants \u00e0 choisir. L'attention port\u00e9e aux d\u00e9tails dans leurs mod\u00e8les est tout simplement incroyable ! Une vari\u00e9t\u00e9 de difficult\u00e9s, des kits adapt\u00e9s aux enfants aux d\u00e9fis pour les mod\u00e9listes plus exp\u00e9riment\u00e9s. Une entreprise qui a une longue histoire et qui est passionn\u00e9e par cet art.<\/p>\n<div>\n<div>\n<div>Il y a quelques si\u00e8cles, la maison de poup\u00e9e en bois \u00e9tait un objet de luxe r\u00e9serv\u00e9 aux familles ais\u00e9es.<\/div>\n<div><\/div>\n<div>Aujourd'hui, ce n'est plus un luxe, mais un objet que les enfants aiment et qui leur promet des heures de jeu loin des \u00e9crans.<\/div>\n<div><\/div>\n<div>Si vous souhaitez occuper votre enfant, cette maison de jeu est donc la bienvenue.<\/div>\n<div><\/div>\n<div>Il pr\u00e9sente de nombreux avantages : son assemblage d\u00e9veloppe le sens du d\u00e9tail, la motricit\u00e9, la coordination main-\u0153il et l'orientation dans l'espace.<\/div>\n<div><\/div>\n<h2>Cadeau id\u00e9al pour les filles<\/h2>\n<div>Il comporte de nombreuses pi\u00e8ces et meubles qui favorisent l'imagination et les jeux de r\u00f4le : salon, cuisine, chambre, grenier, balcon, garage, table, chaises, canap\u00e9s, chambre \u00e0 coucher, ascenseur m\u00e9canique.<\/div>\n<div><\/div>\n<div>Vous pouvez la d\u00e9corer \u00e0 l'aide de peinture \u00e0 l'eau, y ajouter les membres de la famille qui vivront dans cette maison, la voiture, les arbres et tout ce que votre imagination vous inspire.<\/div>\n<div><\/div>\n<div>La maison de jeu peut \u00eatre pli\u00e9e pour un transport pratique pour les jeux en plein air ou pour rendre visite aux grands-parents.<\/div>\n<div>Il s'agit d'une d\u00e9coration attrayante pour le salon et surtout pour une chambre d'enfant.<\/div>\n<div><\/div>\n<div><strong>D\u00c9TAILS DU PRODUIT :<\/strong><\/div>\n<div>Dimensions du mod\u00e8le : 486*376*540 mm<\/div>\n<div>Dimensions de l'emballage : 375 x 243 x 64 mm<\/div>\n<div>Nombre de pi\u00e8ces : 131<\/div>\n<\/div>\n<\/div>","protected":false},"excerpt":{"rendered":"<div>La maison de poup\u00e9e en bois d\u00e9veloppe le sens du d\u00e9tail, la motricit\u00e9, la coordination \u0153il-main et l'orientation dans l'espace.<\/div>\n<p>&nbsp;<\/p>","protected":false},"featured_media":820,"comment_status":"open","ping_status":"closed","template":"","meta":[],"product_brand":[],"product_cat":[73,74,76,89,90],"product_tag":[],"woo-feed-brand":[],"class_list":{"0":"post-818","1":"product","2":"type-product","3":"status-publish","4":"has-post-thumbnail","6":"product_cat-puzzle-3d","7":"product_cat-puzzle-3d-in-legno","8":"product_cat-puzzle-3d-per-bambini","9":"product_cat-puzzle-meccanici-3d-in-legno","10":"product_cat-puzzle-meccanici-per-bambini","12":"first","13":"instock","14":"shipping-taxable","15":"purchasable","16":"product-type-simple"},"_links":{"self":[{"href":"https:\/\/puzzle3d.co\/fr\/wp-json\/wp\/v2\/product\/818","targetHints":{"allow":["GET"]}}],"collection":[{"href":"https:\/\/puzzle3d.co\/fr\/wp-json\/wp\/v2\/product"}],"about":[{"href":"https:\/\/puzzle3d.co\/fr\/wp-json\/wp\/v2\/types\/product"}],"replies":[{"embeddable":true,"href":"https:\/\/puzzle3d.co\/fr\/wp-json\/wp\/v2\/comments?post=818"}],"wp:featuredmedia":[{"embeddable":true,"href":"https:\/\/puzzle3d.co\/fr\/wp-json\/wp\/v2\/media\/820"}],"wp:attachment":[{"href":"https:\/\/puzzle3d.co\/fr\/wp-json\/wp\/v2\/media?parent=818"}],"wp:term":[{"taxonomy":"product_brand","embeddable":true,"href":"https:\/\/puzzle3d.co\/fr\/wp-json\/wp\/v2\/product_brand?post=818"},{"taxonomy":"product_cat","embeddable":true,"href":"https:\/\/puzzle3d.co\/fr\/wp-json\/wp\/v2\/product_cat?post=818"},{"taxonomy":"product_tag","embeddable":true,"href":"https:\/\/puzzle3d.co\/fr\/wp-json\/wp\/v2\/product_tag?post=818"},{"taxonomy":"woo-feed-brand","embeddable":true,"href":"https:\/\/puzzle3d.co\/fr\/wp-json\/wp\/v2\/woo-feed-brand?post=818"}],"curies":[{"name":"wp","href":"https:\/\/api.w.org\/{rel}","templated":true}]}}