{"id":806,"date":"2023-01-24T13:52:59","date_gmt":"2023-01-24T13:52:59","guid":{"rendered":"https:\/\/puzzle3d.co\/product\/mower-lemn-puzzle-3d-mecanic-copy\/"},"modified":"2025-06-11T19:09:39","modified_gmt":"2025-06-11T19:09:39","slug":"modele-mecanique-de-reservoir-en-bois","status":"publish","type":"product","link":"https:\/\/puzzle3d.co\/fr\/prodotto\/carro-armato-modello-meccanico-legno\/","title":{"rendered":"Tank T-34-85 mod\u00e8le m\u00e9canique en bois du , 965 pi\u00e8ces"},"content":{"rendered":"<div>\n<h2><strong>Tank, Tank T-34-85 mod\u00e8le m\u00e9canique en bois - 965 pi\u00e8ces<\/strong><\/h2>\n<\/div>\n<div>\n<div>\n<div>Saviez-vous que les premiers chars d'assaut apparus pendant la Premi\u00e8re Guerre mondiale pr\u00e9sentaient des probl\u00e8mes techniques, tels que la surchauffe des moteurs et des probl\u00e8mes de man\u0153uvrabilit\u00e9.<\/div>\n<div>Avec pr\u00e8s de 965 pi\u00e8ces en bois, sans une seule goutte de colle, vous pouvez construire vous-m\u00eame un char d'assaut mobile. Il est dot\u00e9 d'une tourelle tournante, de trappes mobiles et de roues rotatives.<\/div>\n<div>Le r\u00e9servoir T 34-85 vient tester votre patience et votre attention. Il s'agit d'un d\u00e9fi intellectuel qui n'est bon que pour le cerveau.<\/div>\n<div>Si vous \u00eates passionn\u00e9 de m\u00e9canique et d'ing\u00e9nierie ou d'histoire militaire, ce mod\u00e8le est fait pour vous.<\/div>\n<h3>Cadeau pour les amateurs d'histoire<\/h3>\n<div><strong>D\u00c9TAILS DU PRODUIT :<\/strong><\/div>\n<div>Dimensions du mod\u00e8le : 330*128*95 mm<\/div>\n<div>Dimensions de l'emballage : 245*188*50 mm<\/div>\n<div>Nombre de pi\u00e8ces : 965<\/div>\n<\/div>\n<div><\/div>\n<\/div>\n<p><script type=\"application\/ld+json\" data-app=\"seomaster\">{\n    \"@context\": \"https:\\\/\\\/schema.org\\\/\",\n    \"@type\": \"Product\",\n    \"@id\": \"https:\\\/\\\/puzzle3d.co\\\/prodotto\\\/carro-armato-modello-meccanico-legno\\\/\",\n    \"url\": \"https:\\\/\\\/puzzle3d.co\\\/prodotto\\\/carro-armato-modello-meccanico-legno\\\/\",\n    \"name\": \"Carro Armato T-34-85 modello meccanico in legno del , 965 pezzi\",\n    \"image\": \"https:\\\/\\\/puzzle3d.co\\\/wp-content\\\/uploads\\\/2023\\\/01\\\/tank3.webp\",\n    \"description\": \"Modello Carro Armato Meccanico T-34-85 in legno - 965 pezzi\",\n    \"brand\": {\n        \"@type\": \"Brand\",\n        \"name\": \"Puzzle 3D\"\n    },\n    \"aggregateRating\": {\n        \"@type\": \"aggregateRating\",\n        \"bestRating\": \"5\",\n        \"worstRating\": \"1\",\n        \"ratingCount\": \"140\",\n        \"ratingValue\": \"4.8\"\n    }\n}<\/script><\/p>","protected":false},"excerpt":{"rendered":"<p>Si vous \u00eates passionn\u00e9 de m\u00e9canique, d'ing\u00e9nierie ou d'histoire militaire, le puzzle 3D du char d'assaut m\u00e9canique T-34-85 est fait pour vous. Avec pr\u00e8s de 300 pi\u00e8ces et tout en bois, sans une seule goutte de colle, vous pourrez construire vous-m\u00eame un char d'assaut mobile<\/p>","protected":false},"featured_media":810,"comment_status":"open","ping_status":"closed","template":"","meta":[],"product_brand":[],"product_cat":[73,88,74,89,90,91],"product_tag":[],"woo-feed-brand":[],"class_list":{"0":"post-806","1":"product","2":"type-product","3":"status-publish","4":"has-post-thumbnail","6":"product_cat-puzzle-3d","7":"product_cat-puzzle-3d-adulti","8":"product_cat-puzzle-3d-in-legno","9":"product_cat-puzzle-meccanici-3d-in-legno","10":"product_cat-puzzle-meccanici-per-bambini","11":"product_cat-puzzle-meccanici-per-adulti","13":"first","14":"instock","15":"shipping-taxable","16":"purchasable","17":"product-type-simple"},"_links":{"self":[{"href":"https:\/\/puzzle3d.co\/fr\/wp-json\/wp\/v2\/product\/806","targetHints":{"allow":["GET"]}}],"collection":[{"href":"https:\/\/puzzle3d.co\/fr\/wp-json\/wp\/v2\/product"}],"about":[{"href":"https:\/\/puzzle3d.co\/fr\/wp-json\/wp\/v2\/types\/product"}],"replies":[{"embeddable":true,"href":"https:\/\/puzzle3d.co\/fr\/wp-json\/wp\/v2\/comments?post=806"}],"wp:featuredmedia":[{"embeddable":true,"href":"https:\/\/puzzle3d.co\/fr\/wp-json\/wp\/v2\/media\/810"}],"wp:attachment":[{"href":"https:\/\/puzzle3d.co\/fr\/wp-json\/wp\/v2\/media?parent=806"}],"wp:term":[{"taxonomy":"product_brand","embeddable":true,"href":"https:\/\/puzzle3d.co\/fr\/wp-json\/wp\/v2\/product_brand?post=806"},{"taxonomy":"product_cat","embeddable":true,"href":"https:\/\/puzzle3d.co\/fr\/wp-json\/wp\/v2\/product_cat?post=806"},{"taxonomy":"product_tag","embeddable":true,"href":"https:\/\/puzzle3d.co\/fr\/wp-json\/wp\/v2\/product_tag?post=806"},{"taxonomy":"woo-feed-brand","embeddable":true,"href":"https:\/\/puzzle3d.co\/fr\/wp-json\/wp\/v2\/woo-feed-brand?post=806"}],"curies":[{"name":"wp","href":"https:\/\/api.w.org\/{rel}","templated":true}]}}