{"id":796,"date":"2023-01-24T12:45:30","date_gmt":"2023-01-24T12:45:30","guid":{"rendered":"https:\/\/puzzle3d.co\/product\/glob-lemn-puzzle-3d-mecanic-copy\/"},"modified":"2025-06-19T03:30:45","modified_gmt":"2025-06-19T03:30:45","slug":"moissonneuse-batteuse-agricole-3d-puzzle-mecanique-en-bois","status":"publish","type":"product","link":"https:\/\/puzzle3d.co\/fr\/prodotto\/combina-agricola-puzzle-3d-meccanico-in-legno\/","title":{"rendered":"Combina Agricola - puzzle m\u00e9canique en bois, 963 pi\u00e8ces"},"content":{"rendered":"<div>\n<p><strong>Moissonneuse-batteuse agricole - Mod\u00e8le m\u00e9canique en bois - 963 pi\u00e8ces<\/strong><\/p>\n<\/div>\n<div>\n<div>\n<div>Le puzzle de la moissonneuse-batteuse en bois est semblable \u00e0 une vraie moissonneuse-batteuse. Son but est de fonctionner comme son homologue r\u00e9el.<\/div>\n<div>Le mod\u00e8le est \u00e9quip\u00e9 d'un moteur avec un \u00e9lastique et d'un dispositif de coupe amovible qui monte et descend. Il est vraiment fascinant de l'admirer \u00e0 la fois au repos et en mouvement.<\/div>\n<h2>Un cadeau appr\u00e9ci\u00e9 des hommes<\/h2>\n<div>L'assembler est un plaisir, mais aussi un d\u00e9fi. Suivez les instructions, ce n'est pas aussi compliqu\u00e9 que vous le pensez.<\/div>\n<div>Pendant la construction, vous aurez une dose garantie d'adr\u00e9naline, de concentration sur les d\u00e9tails, mais aussi un agr\u00e9able \u00e9tat de relaxation.<\/div>\n<div><\/div>\n<div>Le niveau de difficult\u00e9 est de 5 sur 5.<\/div>\n<div><\/div>\n<div><strong>\u00c2ge appropri\u00e9 &gt; 14 ans<\/strong><\/div>\n<div><\/div>\n<div><strong>D\u00c9TAILS DU PRODUIT :<\/strong><\/div>\n<div>Dimensions du mod\u00e8le : 315*261*145 mm<\/div>\n<div>Dimensions de l'emballage : 375 x 183 x 32 mm<\/div>\n<div>Nombre de pi\u00e8ces : 963<\/div>\n<\/div>\n<div><\/div>\n<\/div>","protected":false},"excerpt":{"rendered":"<p>Le puzzle de la moissonneuse-batteuse en bois est semblable \u00e0 une vraie moissonneuse-batteuse. Son but est de fonctionner comme son homologue r\u00e9el. Le mod\u00e8le est \u00e9quip\u00e9 d'un moteur \u00e0 \u00e9lastique et d'un dispositif de coupe amovible qui monte et descend.<\/p>","protected":false},"featured_media":798,"comment_status":"open","ping_status":"closed","template":"","meta":{"slim_seo":{"title":"Combina Agricola - puzzle m\u00e9canique en bois, 963 pi\u00e8ces","description":"Le puzzle en bois de la moissonneuse-batteuse est semblable \u00e0 une v\u00e9ritable moissonneuse-batteuse. Son but est de fonctionner comme son homologue r\u00e9el."}},"product_brand":[],"product_cat":[108,89,91,90,73,88,74],"product_tag":[],"woo-feed-brand":[],"class_list":{"0":"post-796","1":"product","2":"type-product","3":"status-publish","4":"has-post-thumbnail","6":"product_cat-modellismo-da-costruire-per-adulti","7":"product_cat-puzzle-meccanici-3d-in-legno","8":"product_cat-puzzle-meccanici-per-adulti","9":"product_cat-puzzle-meccanici-per-bambini","10":"product_cat-puzzle-3d","11":"product_cat-puzzle-3d-adulti","12":"product_cat-puzzle-3d-in-legno","14":"first","15":"instock","16":"shipping-taxable","17":"purchasable","18":"product-type-simple"},"_links":{"self":[{"href":"https:\/\/puzzle3d.co\/fr\/wp-json\/wp\/v2\/product\/796","targetHints":{"allow":["GET"]}}],"collection":[{"href":"https:\/\/puzzle3d.co\/fr\/wp-json\/wp\/v2\/product"}],"about":[{"href":"https:\/\/puzzle3d.co\/fr\/wp-json\/wp\/v2\/types\/product"}],"replies":[{"embeddable":true,"href":"https:\/\/puzzle3d.co\/fr\/wp-json\/wp\/v2\/comments?post=796"}],"wp:featuredmedia":[{"embeddable":true,"href":"https:\/\/puzzle3d.co\/fr\/wp-json\/wp\/v2\/media\/798"}],"wp:attachment":[{"href":"https:\/\/puzzle3d.co\/fr\/wp-json\/wp\/v2\/media?parent=796"}],"wp:term":[{"taxonomy":"product_brand","embeddable":true,"href":"https:\/\/puzzle3d.co\/fr\/wp-json\/wp\/v2\/product_brand?post=796"},{"taxonomy":"product_cat","embeddable":true,"href":"https:\/\/puzzle3d.co\/fr\/wp-json\/wp\/v2\/product_cat?post=796"},{"taxonomy":"product_tag","embeddable":true,"href":"https:\/\/puzzle3d.co\/fr\/wp-json\/wp\/v2\/product_tag?post=796"},{"taxonomy":"woo-feed-brand","embeddable":true,"href":"https:\/\/puzzle3d.co\/fr\/wp-json\/wp\/v2\/woo-feed-brand?post=796"}],"curies":[{"name":"wp","href":"https:\/\/api.w.org\/{rel}","templated":true}]}}