{"id":787,"date":"2023-01-24T12:02:30","date_gmt":"2023-01-24T12:02:30","guid":{"rendered":"https:\/\/puzzle3d.co\/product\/belaz75600-puzzle-3d-mecanic-copy\/"},"modified":"2025-05-11T08:14:31","modified_gmt":"2025-05-11T08:14:31","slug":"globo-puzzle-3d-mecanique-bois-393-pieces","status":"publish","type":"product","link":"https:\/\/puzzle3d.co\/fr\/prodotto\/globo-puzzle-3d-meccanico-legno-393-pezzi\/","title":{"rendered":"GLOBO Puzzle m\u00e9canique 3D en bois, 393 pi\u00e8ces"},"content":{"rendered":"<div>\n<p><strong>GLOBO 3D puzzle m\u00e9canique en bois - 393 pi\u00e8ces<\/strong><\/p>\n<\/div>\n<div>\n<div>\n<div>Le globe en bois est une pi\u00e8ce d\u00e9corative et \u00e9ducative qui \u00e9veillera l'int\u00e9r\u00eat pour la connaissance du monde.<\/div>\n<div>Que l'on soit adulte ou enfant, il est impossible de ne pas \u00eatre fascin\u00e9 par un globe terrestre, surtout si on l'assemble de ses propres mains.<\/div>\n<div>C'est un d\u00e9fi parfait pour le cerveau, mais aussi une occasion de m\u00e9ditation et de r\u00e9flexion.<\/div>\n<div>La bo\u00eete \u00e0 secrets est aussi utile qu'intrigante. Une montre, une bague, une cl\u00e9, un bonbon : qui peut deviner ce qui s'y cache ?<\/div>\n<h2>Un cadeau intelligent pour tous<\/h2>\n<div>R\u00e9unissez-le avec un ami proche en parlant de quelque chose de l'\u00e2me, ou avec l'enfant en lui disant que la vie est entre ses mains. Encouragez-le afin qu'il puisse embrasser la terre enti\u00e8re en prenant les bonnes d\u00e9cisions.<\/div>\n<div><\/div>\n<div><strong>D\u00c9TAILS DU PRODUIT :<\/strong><\/div>\n<div>Dimensions du mod\u00e8le : 505*320*320 mm<\/div>\n<div>Dimensions de l'emballage : 374 x 242 x 64 mm<\/div>\n<div>Nombre de pi\u00e8ces : 393<\/div>\n<\/div>\n<\/div>","protected":false},"excerpt":{"rendered":"<p>Le globe en bois est une pi\u00e8ce d\u00e9corative et \u00e9ducative qui \u00e9veillera l'int\u00e9r\u00eat pour la connaissance du monde.<\/p>","protected":false},"featured_media":789,"comment_status":"open","ping_status":"closed","template":"","meta":[],"product_brand":[],"product_cat":[73,88,74,76,89,90,91],"product_tag":[],"woo-feed-brand":[],"class_list":{"0":"post-787","1":"product","2":"type-product","3":"status-publish","4":"has-post-thumbnail","6":"product_cat-puzzle-3d","7":"product_cat-puzzle-3d-adulti","8":"product_cat-puzzle-3d-in-legno","9":"product_cat-puzzle-3d-per-bambini","10":"product_cat-puzzle-meccanici-3d-in-legno","11":"product_cat-puzzle-meccanici-per-bambini","12":"product_cat-puzzle-meccanici-per-adulti","14":"first","15":"instock","16":"shipping-taxable","17":"purchasable","18":"product-type-simple"},"_links":{"self":[{"href":"https:\/\/puzzle3d.co\/fr\/wp-json\/wp\/v2\/product\/787","targetHints":{"allow":["GET"]}}],"collection":[{"href":"https:\/\/puzzle3d.co\/fr\/wp-json\/wp\/v2\/product"}],"about":[{"href":"https:\/\/puzzle3d.co\/fr\/wp-json\/wp\/v2\/types\/product"}],"replies":[{"embeddable":true,"href":"https:\/\/puzzle3d.co\/fr\/wp-json\/wp\/v2\/comments?post=787"}],"wp:featuredmedia":[{"embeddable":true,"href":"https:\/\/puzzle3d.co\/fr\/wp-json\/wp\/v2\/media\/789"}],"wp:attachment":[{"href":"https:\/\/puzzle3d.co\/fr\/wp-json\/wp\/v2\/media?parent=787"}],"wp:term":[{"taxonomy":"product_brand","embeddable":true,"href":"https:\/\/puzzle3d.co\/fr\/wp-json\/wp\/v2\/product_brand?post=787"},{"taxonomy":"product_cat","embeddable":true,"href":"https:\/\/puzzle3d.co\/fr\/wp-json\/wp\/v2\/product_cat?post=787"},{"taxonomy":"product_tag","embeddable":true,"href":"https:\/\/puzzle3d.co\/fr\/wp-json\/wp\/v2\/product_tag?post=787"},{"taxonomy":"woo-feed-brand","embeddable":true,"href":"https:\/\/puzzle3d.co\/fr\/wp-json\/wp\/v2\/woo-feed-brand?post=787"}],"curies":[{"name":"wp","href":"https:\/\/api.w.org\/{rel}","templated":true}]}}