{"id":775,"date":"2023-01-23T22:33:39","date_gmt":"2023-01-23T22:33:39","guid":{"rendered":"https:\/\/puzzle3d.co\/product\/belaz-puzzle-3d-mecanic-copy\/"},"modified":"2025-06-11T19:11:18","modified_gmt":"2025-06-11T19:11:18","slug":"camion-gigantesque-belaz-puzzle-mecanique-3d","status":"publish","type":"product","link":"https:\/\/puzzle3d.co\/fr\/prodotto\/camion-gigantesco-belaz-puzzle-meccanico-3d\/","title":{"rendered":"Camion Gigantesco BELAZ 75600. Mod\u00e8le m\u00e9canique en bois, 307 pi\u00e8ces"},"content":{"rendered":"<div>\n<div>\n<div><strong>BELAZ Giant Truck 75600 - Puzzle m\u00e9canique 3D en bois - 307 pi\u00e8ces<\/strong><\/div>\n<div><\/div>\n<div>L'un des mod\u00e8les les plus remarquables de la s\u00e9rie Belaz vous surprendra par sa construction.<\/div>\n<div>Le camion de gros tonnage est \u00e9quip\u00e9 d'un moteur entra\u00een\u00e9 par un \u00e9lastique. Avec un<\/div>\n<div>il peut se d\u00e9placer de plusieurs m\u00e8tres (en fonction du rev\u00eatement de la route).<\/div>\n<div><\/div>\n<div>La conception d\u00e9taill\u00e9e comprend tous les \u00e9l\u00e9ments de son homologue r\u00e9el. Les portes et le capot s'ouvrent et la remorque se soul\u00e8ve.<\/div>\n<h2>Cadeau pour les passionn\u00e9s de camions et de construction<\/h2>\n<div>C'est un mod\u00e8le qui convient \u00e0 une personne ambitieuse ou \u00e0 un amateur de casse-t\u00eate qui a d\u00e9j\u00e0 une certaine exp\u00e9rience avec un casse-t\u00eate m\u00e9canique.<\/div>\n<div>Avec un peu de patience et de pers\u00e9v\u00e9rance, assemblez un camion qui attirera l'attention et l'admiration des visiteurs.<\/div>\n<div><\/div>\n<\/div>\n<div style=\"width: 1020px;\" class=\"wp-video\"><video class=\"wp-video-shortcode\" id=\"video-775-1\" width=\"1020\" height=\"574\" preload=\"metadata\" controls=\"controls\"><source type=\"video\/mp4\" src=\"https:\/\/puzzle3d.co\/wp-content\/uploads\/2023\/01\/BELAZ-75600-IG.mp4?_=1\" \/><a href=\"https:\/\/puzzle3d.co\/wp-content\/uploads\/2023\/01\/BELAZ-75600-IG.mp4\">https:\/\/puzzle3d.co\/wp-content\/uploads\/2023\/01\/BELAZ-75600-IG.mp4<\/a><\/video><\/div>\n<div>\n<p><strong><span style=\"color: #333333;\">D\u00c9TAILS DU PRODUIT :<br \/>\n<\/span><\/strong><span style=\"color: #333333;\">Dimensions du mod\u00e8le : 310*200*155 mm<br \/>\n<\/span><span style=\"color: #333333;\">Dimensions de l'emballage : 374*243*40 mm<br \/>\n<\/span><span style=\"color: #333333;\">Nombre de pi\u00e8ces : 307<\/span><\/p>\n<\/div>\n<\/div>\n<div>\n<div><\/div>\n<\/div>","protected":false},"excerpt":{"rendered":"<div>Le camion de gros tonnage est \u00e9quip\u00e9 d'un moteur entra\u00een\u00e9 par un \u00e9lastique. La conception d\u00e9taill\u00e9e comprend tous les \u00e9l\u00e9ments de son homologue r\u00e9el. Les portes et le capot s'ouvrent et la remorque se soul\u00e8ve.<\/div>\n<p>&nbsp;<\/p>","protected":false},"featured_media":785,"comment_status":"open","ping_status":"closed","template":"","meta":[],"product_brand":[],"product_cat":[73,88,76,89,90,91],"product_tag":[],"woo-feed-brand":[],"class_list":{"0":"post-775","1":"product","2":"type-product","3":"status-publish","4":"has-post-thumbnail","6":"product_cat-puzzle-3d","7":"product_cat-puzzle-3d-adulti","8":"product_cat-puzzle-3d-per-bambini","9":"product_cat-puzzle-meccanici-3d-in-legno","10":"product_cat-puzzle-meccanici-per-bambini","11":"product_cat-puzzle-meccanici-per-adulti","13":"first","14":"instock","15":"shipping-taxable","16":"purchasable","17":"product-type-simple"},"_links":{"self":[{"href":"https:\/\/puzzle3d.co\/fr\/wp-json\/wp\/v2\/product\/775","targetHints":{"allow":["GET"]}}],"collection":[{"href":"https:\/\/puzzle3d.co\/fr\/wp-json\/wp\/v2\/product"}],"about":[{"href":"https:\/\/puzzle3d.co\/fr\/wp-json\/wp\/v2\/types\/product"}],"replies":[{"embeddable":true,"href":"https:\/\/puzzle3d.co\/fr\/wp-json\/wp\/v2\/comments?post=775"}],"wp:featuredmedia":[{"embeddable":true,"href":"https:\/\/puzzle3d.co\/fr\/wp-json\/wp\/v2\/media\/785"}],"wp:attachment":[{"href":"https:\/\/puzzle3d.co\/fr\/wp-json\/wp\/v2\/media?parent=775"}],"wp:term":[{"taxonomy":"product_brand","embeddable":true,"href":"https:\/\/puzzle3d.co\/fr\/wp-json\/wp\/v2\/product_brand?post=775"},{"taxonomy":"product_cat","embeddable":true,"href":"https:\/\/puzzle3d.co\/fr\/wp-json\/wp\/v2\/product_cat?post=775"},{"taxonomy":"product_tag","embeddable":true,"href":"https:\/\/puzzle3d.co\/fr\/wp-json\/wp\/v2\/product_tag?post=775"},{"taxonomy":"woo-feed-brand","embeddable":true,"href":"https:\/\/puzzle3d.co\/fr\/wp-json\/wp\/v2\/woo-feed-brand?post=775"}],"curies":[{"name":"wp","href":"https:\/\/api.w.org\/{rel}","templated":true}]}}