{"id":766,"date":"2023-01-23T21:53:35","date_gmt":"2023-01-23T21:53:35","guid":{"rendered":"https:\/\/puzzle3d.co\/product\/belaz-puzzle-3d-mecanic-copy\/"},"modified":"2025-06-11T19:11:26","modified_gmt":"2025-06-11T19:11:26","slug":"camion-de-neige-3d-puzzle-mecanique-en-bois","status":"publish","type":"product","link":"https:\/\/puzzle3d.co\/fr\/prodotto\/camion-della-neve-puzzle-meccanico-3d-in-legno\/","title":{"rendered":"Camion de neige - puzzle m\u00e9canique en bois, 460 pi\u00e8ces"},"content":{"rendered":"<div>\n<p><strong>Camion de neige - puzzle m\u00e9canique en bois - 460 pi\u00e8ces<\/strong><\/p>\n<div>Il est difficile de dire ce qui vous plaira le plus dans le camion chasse-neige : l'assembler, le mettre en service ou simplement admirer sa beaut\u00e9.<\/div>\n<\/div>\n<div>\n<div>\n<div>Compos\u00e9 de 417 pi\u00e8ces de puzzle en bois, ce camion invite toute la famille \u00e0 l'assembler.<\/div>\n<div><\/div>\n<div>Le m\u00e9canisme de d\u00e9marrage est d\u00fb \u00e0 un moteur sur un \u00e9lastique, les portes s'ouvrent et se ferment, l'int\u00e9rieur a belle allure et le marchepied arri\u00e8re se l\u00e8ve. Les lames avant et lat\u00e9rales peuvent \u00eatre relev\u00e9es ou m\u00eame enlev\u00e9es.<\/div>\n<div><\/div>\n<div>Il s'agit d'un objet qui rehausse votre d\u00e9coration d'int\u00e9rieur \u00e0 No\u00ebl et tout au long de l'ann\u00e9e.<\/div>\n<div>Laissez votre imagination vous dicter ce que vous en ferez ou comment il s'int\u00e9grera dans un sc\u00e9nario de jeu d'enfant.<\/div>\n<div><\/div>\n<div><strong>D\u00c9TAILS DU PRODUIT :<\/strong><\/div>\n<div>Dimensions du mod\u00e8le : 400*148*141 mm<\/div>\n<div>Dimensions de l'emballage : 374*242*20 mm<\/div>\n<div>Nombre de pi\u00e8ces : 460<\/div>\n<\/div>\n<div><\/div>\n<\/div>","protected":false},"excerpt":{"rendered":"<div>Compos\u00e9 de 417 pi\u00e8ces de puzzle en bois, ce camion invite toute la famille \u00e0 l'assembler.<\/div>\n<div><\/div>\n<div>Le m\u00e9canisme de d\u00e9marrage est d\u00fb \u00e0 un moteur sur un \u00e9lastique, les portes s'ouvrent et se ferment, l'int\u00e9rieur a belle allure et le marchepied arri\u00e8re se l\u00e8ve. Les lames avant et lat\u00e9rales peuvent \u00eatre relev\u00e9es ou m\u00eame enlev\u00e9es.<\/div>","protected":false},"featured_media":771,"comment_status":"open","ping_status":"closed","template":"","meta":{"slim_seo":{"title":"Camion de neige - Puzzle m\u00e9canique en bois 3D","description":"Il est difficile de dire ce qui vous plaira le plus dans le camion chasse-neige : l'assembler, le mettre en service ou simplement admirer sa beaut\u00e9."}},"product_brand":[],"product_cat":[108,89,91,90,73,88,74,76],"product_tag":[],"woo-feed-brand":[],"class_list":{"0":"post-766","1":"product","2":"type-product","3":"status-publish","4":"has-post-thumbnail","6":"product_cat-modellismo-da-costruire-per-adulti","7":"product_cat-puzzle-meccanici-3d-in-legno","8":"product_cat-puzzle-meccanici-per-adulti","9":"product_cat-puzzle-meccanici-per-bambini","10":"product_cat-puzzle-3d","11":"product_cat-puzzle-3d-adulti","12":"product_cat-puzzle-3d-in-legno","13":"product_cat-puzzle-3d-per-bambini","15":"first","16":"instock","17":"shipping-taxable","18":"purchasable","19":"product-type-simple"},"_links":{"self":[{"href":"https:\/\/puzzle3d.co\/fr\/wp-json\/wp\/v2\/product\/766","targetHints":{"allow":["GET"]}}],"collection":[{"href":"https:\/\/puzzle3d.co\/fr\/wp-json\/wp\/v2\/product"}],"about":[{"href":"https:\/\/puzzle3d.co\/fr\/wp-json\/wp\/v2\/types\/product"}],"replies":[{"embeddable":true,"href":"https:\/\/puzzle3d.co\/fr\/wp-json\/wp\/v2\/comments?post=766"}],"wp:featuredmedia":[{"embeddable":true,"href":"https:\/\/puzzle3d.co\/fr\/wp-json\/wp\/v2\/media\/771"}],"wp:attachment":[{"href":"https:\/\/puzzle3d.co\/fr\/wp-json\/wp\/v2\/media?parent=766"}],"wp:term":[{"taxonomy":"product_brand","embeddable":true,"href":"https:\/\/puzzle3d.co\/fr\/wp-json\/wp\/v2\/product_brand?post=766"},{"taxonomy":"product_cat","embeddable":true,"href":"https:\/\/puzzle3d.co\/fr\/wp-json\/wp\/v2\/product_cat?post=766"},{"taxonomy":"product_tag","embeddable":true,"href":"https:\/\/puzzle3d.co\/fr\/wp-json\/wp\/v2\/product_tag?post=766"},{"taxonomy":"woo-feed-brand","embeddable":true,"href":"https:\/\/puzzle3d.co\/fr\/wp-json\/wp\/v2\/woo-feed-brand?post=766"}],"curies":[{"name":"wp","href":"https:\/\/api.w.org\/{rel}","templated":true}]}}