{"id":755,"date":"2023-01-23T21:00:33","date_gmt":"2023-01-23T21:00:33","guid":{"rendered":"https:\/\/puzzle3d.co\/product\/spider-puzzle-3d-mecanic-copy\/"},"modified":"2025-06-19T18:24:56","modified_gmt":"2025-06-19T18:24:56","slug":"puzzle-3d-mecanique-en-bois-camion","status":"publish","type":"product","link":"https:\/\/puzzle3d.co\/fr\/prodotto\/camion-puzzle-3d-meccanico-legno\/","title":{"rendered":"BELAZ truck 75710 Puzzle m\u00e9canique 3D en bois, 453 pi\u00e8ces"},"content":{"rendered":"<div>\n<p><strong>Le plus grand camion du monde Belaz 75710 - Mod\u00e8le m\u00e9canique 3D<\/strong><\/p>\n<div>Vous avez devant vous le plus gros camion du monde ! Vous pouvez maintenant construire votre propre Belaz \u00e0 partir du puzzle. Votre dose d'adr\u00e9naline et de dopamine est garantie.<\/div>\n<\/div>\n<div>\n<div>\n<div><\/div>\n<div><em>Que signifie l'\u00e9nigme m\u00e9canique de Belaz ?<\/em><\/div>\n<div><\/div>\n<div>Il indique que vous pouvez relever le d\u00e9fi d'assembler le plus grand camion-benne jamais construit.<\/div>\n<div>Votre patience et votre concentration seront r\u00e9compens\u00e9es par la satisfaction que vous \u00e9prouverez lorsque vous mettrez le m\u00e9canisme en marche. Le camion se d\u00e9place gr\u00e2ce au tapis roulant, les portes et le capot s'ouvrent et la remorque se soul\u00e8ve.<\/div>\n<div><\/div>\n<div>C'est un mod\u00e8le qui fascinera aussi bien les enfants que les adultes. Avec un peu d'imagination, on peut m\u00eame le personnaliser en le peignant.<\/div>\n<div>Belaz sera le camion pr\u00e9f\u00e9r\u00e9 des enfants et pourra \u00eatre int\u00e9gr\u00e9 dans diff\u00e9rents jeux, tout d\u00e9pend de l'imagination.<\/div>\n<h2>Cadeau pour les passionn\u00e9s de camions et de construction<\/h2>\n<div>Les adultes peuvent l'utiliser comme objet d\u00e9coratif \u00e0 la maison ou au bureau.<\/div>\n<div>Ce g\u00e9ant a en fait la taille approximative d'un immeuble d'habitation de trois \u00e9tages. Il est \u00e9quip\u00e9 de 8 roues et chaque pneu mesure environ 4 m\u00e8tres de diam\u00e8tre.<\/div>\n<div>Vous ne le rencontrerez pas dans la ville. Lorsqu'il doit \u00eatre transport\u00e9 \u00e0 l'endroit o\u00f9 il travaillera, il est d\u00e9mont\u00e9 et transport\u00e9 dans 25 wagons.<\/div>\n<div>Sa remorque peut accueillir exactement 400 voitures Dacia Logan ou le plus grand avion de passagers du monde : l'Airbus A380.<\/div>\n<div><\/div>\n<div><strong>D\u00c9TAILS DU PRODUIT :<\/strong><\/div>\n<div>Dimensions du mod\u00e8le : 435*210*175 mm<\/div>\n<div>Dimensions de l'emballage : 375 x 243 x 62 mm<\/div>\n<div>Nombre de pi\u00e8ces : 453<\/div>\n<\/div>\n<div><\/div>\n<\/div>","protected":false},"excerpt":{"rendered":"<p>Vous avez devant vous le plus grand camion du monde ! Vous pouvez maintenant construire votre propre Belaz \u00e0 partir du puzzle. Le camion se d\u00e9place gr\u00e2ce au tapis roulant, les portes et le capot s'ouvrent et la remorque se soul\u00e8ve.<\/p>","protected":false},"featured_media":759,"comment_status":"open","ping_status":"closed","template":"","meta":[],"product_brand":[],"product_cat":[73,88,74,76,89,90,91],"product_tag":[],"woo-feed-brand":[],"class_list":{"0":"post-755","1":"product","2":"type-product","3":"status-publish","4":"has-post-thumbnail","6":"product_cat-puzzle-3d","7":"product_cat-puzzle-3d-adulti","8":"product_cat-puzzle-3d-in-legno","9":"product_cat-puzzle-3d-per-bambini","10":"product_cat-puzzle-meccanici-3d-in-legno","11":"product_cat-puzzle-meccanici-per-bambini","12":"product_cat-puzzle-meccanici-per-adulti","14":"first","15":"instock","16":"shipping-taxable","17":"purchasable","18":"product-type-simple"},"_links":{"self":[{"href":"https:\/\/puzzle3d.co\/fr\/wp-json\/wp\/v2\/product\/755","targetHints":{"allow":["GET"]}}],"collection":[{"href":"https:\/\/puzzle3d.co\/fr\/wp-json\/wp\/v2\/product"}],"about":[{"href":"https:\/\/puzzle3d.co\/fr\/wp-json\/wp\/v2\/types\/product"}],"replies":[{"embeddable":true,"href":"https:\/\/puzzle3d.co\/fr\/wp-json\/wp\/v2\/comments?post=755"}],"wp:featuredmedia":[{"embeddable":true,"href":"https:\/\/puzzle3d.co\/fr\/wp-json\/wp\/v2\/media\/759"}],"wp:attachment":[{"href":"https:\/\/puzzle3d.co\/fr\/wp-json\/wp\/v2\/media?parent=755"}],"wp:term":[{"taxonomy":"product_brand","embeddable":true,"href":"https:\/\/puzzle3d.co\/fr\/wp-json\/wp\/v2\/product_brand?post=755"},{"taxonomy":"product_cat","embeddable":true,"href":"https:\/\/puzzle3d.co\/fr\/wp-json\/wp\/v2\/product_cat?post=755"},{"taxonomy":"product_tag","embeddable":true,"href":"https:\/\/puzzle3d.co\/fr\/wp-json\/wp\/v2\/product_tag?post=755"},{"taxonomy":"woo-feed-brand","embeddable":true,"href":"https:\/\/puzzle3d.co\/fr\/wp-json\/wp\/v2\/woo-feed-brand?post=755"}],"curies":[{"name":"wp","href":"https:\/\/api.w.org\/{rel}","templated":true}]}}