{"id":743,"date":"2023-01-23T19:29:00","date_gmt":"2023-01-23T19:29:00","guid":{"rendered":"https:\/\/puzzle3d.co\/product\/puppy-puzzle-3d-mecanic-copy\/"},"modified":"2025-06-11T18:59:50","modified_gmt":"2025-06-11T18:59:50","slug":"araignee-araignee-3d-puzzle-mecanique-en-bois","status":"publish","type":"product","link":"https:\/\/puzzle3d.co\/fr\/prodotto\/ragno-spider-puzzle-3d-meccanico-legno\/","title":{"rendered":"Spider 'SPIDER' - Puzzle m\u00e9canique en bois, 293 pi\u00e8ces"},"content":{"rendered":"<div>\n<div>\n<div><strong>Araign\u00e9e 'SPIDER' - Puzzle m\u00e9canique 3D en bois - 293 pi\u00e8ces<\/strong><\/div>\n<div><\/div>\n<div>L'assemblage de cette jolie araign\u00e9e indique que vous \u00eates courageux et tenace.<\/div>\n<div><\/div>\n<div>Gr\u00e2ce au moteur en caoutchouc, l'araign\u00e9e se d\u00e9place aussi gracieusement que la vraie.<\/div>\n<div><\/div>\n<div>Vous pouvez animer une f\u00eate, c\u00e9l\u00e9brer Halloween ou faire plaisir \u00e0 quelqu'un qui aime les araign\u00e9es.<\/div>\n<div>Il est passionnant de l'assembler, de le regarder bouger ou simplement de le collectionner.<\/div>\n<div>Gardez-le en vue, car tout le monde voudra l'admirer en d\u00e9tail et l'allumer<\/div>\n<\/div>\n<div style=\"width: 1020px;\" class=\"wp-video\"><video class=\"wp-video-shortcode\" id=\"video-743-1\" width=\"1020\" height=\"574\" preload=\"metadata\" controls=\"controls\"><source type=\"video\/mp4\" src=\"https:\/\/puzzle3d.co\/wp-content\/uploads\/2023\/01\/Spider.mp4?_=1\" \/><a href=\"https:\/\/puzzle3d.co\/wp-content\/uploads\/2023\/01\/Spider.mp4\">https:\/\/puzzle3d.co\/wp-content\/uploads\/2023\/01\/Spider.mp4<\/a><\/video><\/div>\n<div>\n<p><span style=\"color: #333333;\"><strong>D\u00c9TAILS DU PRODUIT :<\/strong><br \/>\n<\/span><span style=\"color: #333333;\">Dimensions du mod\u00e8le : 240*350*100 mm<br \/>\n<\/span><span style=\"color: #333333;\">Dimensions de l'emballage : 245*188*24 mm<br \/>\n<\/span><span style=\"color: #333333;\">Nombre de pi\u00e8ces : 293<\/span><\/p>\n<\/div>\n<\/div>\n<div>\n<div><\/div>\n<\/div>","protected":false},"excerpt":{"rendered":"<p>Voici l'araign\u00e9e : le fait d'assembler cette jolie araign\u00e9e indique que vous \u00eates courageux et tenace.<br \/>\nGr\u00e2ce au moteur en caoutchouc, l'araign\u00e9e se d\u00e9place aussi gracieusement que la vraie.<\/p>","protected":false},"featured_media":750,"comment_status":"open","ping_status":"closed","template":"","meta":[],"product_brand":[],"product_cat":[73,88,74,76,89,90,91],"product_tag":[],"woo-feed-brand":[],"class_list":{"0":"post-743","1":"product","2":"type-product","3":"status-publish","4":"has-post-thumbnail","6":"product_cat-puzzle-3d","7":"product_cat-puzzle-3d-adulti","8":"product_cat-puzzle-3d-in-legno","9":"product_cat-puzzle-3d-per-bambini","10":"product_cat-puzzle-meccanici-3d-in-legno","11":"product_cat-puzzle-meccanici-per-bambini","12":"product_cat-puzzle-meccanici-per-adulti","14":"first","15":"instock","16":"shipping-taxable","17":"purchasable","18":"product-type-simple"},"_links":{"self":[{"href":"https:\/\/puzzle3d.co\/fr\/wp-json\/wp\/v2\/product\/743","targetHints":{"allow":["GET"]}}],"collection":[{"href":"https:\/\/puzzle3d.co\/fr\/wp-json\/wp\/v2\/product"}],"about":[{"href":"https:\/\/puzzle3d.co\/fr\/wp-json\/wp\/v2\/types\/product"}],"replies":[{"embeddable":true,"href":"https:\/\/puzzle3d.co\/fr\/wp-json\/wp\/v2\/comments?post=743"}],"wp:featuredmedia":[{"embeddable":true,"href":"https:\/\/puzzle3d.co\/fr\/wp-json\/wp\/v2\/media\/750"}],"wp:attachment":[{"href":"https:\/\/puzzle3d.co\/fr\/wp-json\/wp\/v2\/media?parent=743"}],"wp:term":[{"taxonomy":"product_brand","embeddable":true,"href":"https:\/\/puzzle3d.co\/fr\/wp-json\/wp\/v2\/product_brand?post=743"},{"taxonomy":"product_cat","embeddable":true,"href":"https:\/\/puzzle3d.co\/fr\/wp-json\/wp\/v2\/product_cat?post=743"},{"taxonomy":"product_tag","embeddable":true,"href":"https:\/\/puzzle3d.co\/fr\/wp-json\/wp\/v2\/product_tag?post=743"},{"taxonomy":"woo-feed-brand","embeddable":true,"href":"https:\/\/puzzle3d.co\/fr\/wp-json\/wp\/v2\/woo-feed-brand?post=743"}],"curies":[{"name":"wp","href":"https:\/\/api.w.org\/{rel}","templated":true}]}}