{"id":731,"date":"2023-01-23T17:25:32","date_gmt":"2023-01-23T17:25:32","guid":{"rendered":"https:\/\/puzzle3d.co\/product\/autospeciala-de-pompieri-copy\/"},"modified":"2025-06-19T18:25:58","modified_gmt":"2025-06-19T18:25:58","slug":"puzzle-mecanique-3d-pour-chiots-246-pieces","status":"publish","type":"product","link":"https:\/\/puzzle3d.co\/fr\/prodotto\/cucciolo-puzzle-3d-meccanico-246-pezzi\/","title":{"rendered":"PUPPY puppy - puzzle m\u00e9canique en bois, 246 pi\u00e8ces"},"content":{"rendered":"<div><strong>Chiot \"PUPPY\" - Puzzle\/mod\u00e8le en bois m\u00e9canique 3D \u00e0 assembler - 246 pi\u00e8ces<\/strong><\/div>\n<div><\/div>\n<div>Voici la maquette m\u00e9canique en bois 3D de Puppy, votre fid\u00e8le ami. L'aventure au cours de laquelle vous l'assemblerez en 246 pi\u00e8ces sera inoubliable.<\/div>\n<div>Suivez les instructions et assemblez tour \u00e0 tour les oreilles, les pattes et la queue. Les concepteurs ont bien r\u00e9fl\u00e9chi \u00e0 la fa\u00e7on de le construire pour que toutes les articulations et tous les mouvements ressemblent \u00e0 ceux d'un vrai chien.<\/div>\n<div><\/div>\n<div>Vous pouvez le peindre ou le laisser \u00e0 la couleur du bois, vous pouvez l'appeler Puppy ou lui donner un autre nom. Vous \u00eates libre d'en prendre soin et de l'aimer comme un v\u00e9ritable animal de compagnie.<\/div>\n<div><\/div>\n<h2>Cadeau pour les amoureux des animaux<\/h2>\n<div>C'est une joie d'assembler un puzzle qui deviendra un si joli chiot. Si vous souhaitez offrir un cadeau \u00e0 un enfant ou \u00e0 un adulte qui aime les chiens, vous savez d\u00e9j\u00e0 ce qui conviendrait.<\/div>\n<div><\/div>\n<div><strong>D\u00c9TAILS DU PRODUIT :<\/strong><\/div>\n<div>Dimensions du mod\u00e8le : 285*175*95 mm<\/div>\n<div>Dimensions de l'emballage : 245*188*30 mm<\/div>\n<div>Nombre de pi\u00e8ces : 246<\/div>","protected":false},"excerpt":{"rendered":"<p>Voici Puppy, votre fid\u00e8le ami. Les concepteurs ont bien r\u00e9fl\u00e9chi \u00e0 la fa\u00e7on de le construire pour que toutes les articulations et tous les mouvements ressemblent \u00e0 ceux d'un vrai chien.<\/p>","protected":false},"featured_media":737,"comment_status":"open","ping_status":"closed","template":"","meta":{"slim_seo":{"title":"\ud83d\udc36 PUPPY chiot - puzzle m\u00e9canique en bois, 246 pi\u00e8ces","description":"Voici Puppy Puppy, votre fid\u00e8le ami. Les concepteurs ont bien r\u00e9fl\u00e9chi \u00e0 la fa\u00e7on de le construire pour que toutes les articulations et tous les mouvements ressemblent \u00e0 ceux d'un vrai chien."}},"product_brand":[],"product_cat":[89,91,90,73,88,74,76],"product_tag":[],"woo-feed-brand":[],"class_list":{"0":"post-731","1":"product","2":"type-product","3":"status-publish","4":"has-post-thumbnail","6":"product_cat-puzzle-meccanici-3d-in-legno","7":"product_cat-puzzle-meccanici-per-adulti","8":"product_cat-puzzle-meccanici-per-bambini","9":"product_cat-puzzle-3d","10":"product_cat-puzzle-3d-adulti","11":"product_cat-puzzle-3d-in-legno","12":"product_cat-puzzle-3d-per-bambini","14":"first","15":"instock","16":"shipping-taxable","17":"purchasable","18":"product-type-simple"},"_links":{"self":[{"href":"https:\/\/puzzle3d.co\/fr\/wp-json\/wp\/v2\/product\/731","targetHints":{"allow":["GET"]}}],"collection":[{"href":"https:\/\/puzzle3d.co\/fr\/wp-json\/wp\/v2\/product"}],"about":[{"href":"https:\/\/puzzle3d.co\/fr\/wp-json\/wp\/v2\/types\/product"}],"replies":[{"embeddable":true,"href":"https:\/\/puzzle3d.co\/fr\/wp-json\/wp\/v2\/comments?post=731"}],"wp:featuredmedia":[{"embeddable":true,"href":"https:\/\/puzzle3d.co\/fr\/wp-json\/wp\/v2\/media\/737"}],"wp:attachment":[{"href":"https:\/\/puzzle3d.co\/fr\/wp-json\/wp\/v2\/media?parent=731"}],"wp:term":[{"taxonomy":"product_brand","embeddable":true,"href":"https:\/\/puzzle3d.co\/fr\/wp-json\/wp\/v2\/product_brand?post=731"},{"taxonomy":"product_cat","embeddable":true,"href":"https:\/\/puzzle3d.co\/fr\/wp-json\/wp\/v2\/product_cat?post=731"},{"taxonomy":"product_tag","embeddable":true,"href":"https:\/\/puzzle3d.co\/fr\/wp-json\/wp\/v2\/product_tag?post=731"},{"taxonomy":"woo-feed-brand","embeddable":true,"href":"https:\/\/puzzle3d.co\/fr\/wp-json\/wp\/v2\/woo-feed-brand?post=731"}],"curies":[{"name":"wp","href":"https:\/\/api.w.org\/{rel}","templated":true}]}}