{"id":694,"date":"2023-01-23T14:19:26","date_gmt":"2023-01-23T14:19:26","guid":{"rendered":"https:\/\/puzzle3d.co\/product\/black-cat-copy\/"},"modified":"2025-06-11T19:12:00","modified_gmt":"2025-06-11T19:12:00","slug":"puzzle-mecanique-3d-en-bois-en-forme-de-tortue","status":"publish","type":"product","link":"https:\/\/puzzle3d.co\/fr\/prodotto\/tartaruga-puzzle-meccanico-3d-in-legno\/","title":{"rendered":"Tortue - Puzzle m\u00e9canique 3D en bois, 269 pi\u00e8ces"},"content":{"rendered":"<div>\n<p><em><strong>Tortue - Puzzle m\u00e9canique 3D en bois, 269 pi\u00e8ces<\/strong><\/em><\/p>\n<\/div>\n<div>\n<div>\n<div>Que savez-vous de la tortue ?<\/div>\n<div><\/div>\n<div>C'est l'un des reptiles les plus anciens et les plus primitifs, capable de r\u00e9sister \u00e0 tous les climats. On ne le trouve pas seulement en Antarctique. Plus r\u00e9cemment, de nombreuses personnes l'ont tellement aim\u00e9 qu'elles l'ont adopt\u00e9 comme animal de compagnie.<\/div>\n<div><\/div>\n<div>Pendant l'assemblage, vous ferez l'exp\u00e9rience d'un \u00e9tat de paix et de tranquillit\u00e9, propice \u00e0 la recharge des batteries.<\/div>\n<div><\/div>\n<div>Enfin, mettez le m\u00e9canisme en marche et la grenouille bougera, tournera la t\u00eate de gauche \u00e0 droite et vous regardera avec tendresse.<\/div>\n<div>Il est si beau que vous aurez du mal \u00e0 d\u00e9cider si vous le laissez dans la teinte du bois ou si vous le peignez.<\/div>\n<h2>Cadeau pour les amoureux des animaux<\/h2>\n<div><strong>D\u00c9TAILS DU PRODUIT :<\/strong><\/div>\n<div>Dimensions du mod\u00e8le : 223*165*116 mm<\/div>\n<div>Taille de l'emballage : 245*188*30<\/div>\n<div>Nombre de pi\u00e8ces : 269<\/div>\n<\/div>\n<\/div>","protected":false},"excerpt":{"rendered":"<div>\n<div>Turtle - Puzzle m\u00e9canique 3D<\/div>\n<div><\/div>\n<div>Facile \u00e0 assembler et amusant \u00e0 jouer ! Enfin, mettez le m\u00e9canisme en marche et la grenouille bougera, tournera la t\u00eate de gauche \u00e0 droite et vous regardera avec tendresse.<\/div>\n<\/div>\n<p>&nbsp;<\/p>","protected":false},"featured_media":687,"comment_status":"open","ping_status":"closed","template":"","meta":[],"product_brand":[],"product_cat":[73,76,89,90,91],"product_tag":[],"woo-feed-brand":[],"class_list":{"0":"post-694","1":"product","2":"type-product","3":"status-publish","4":"has-post-thumbnail","6":"product_cat-puzzle-3d","7":"product_cat-puzzle-3d-per-bambini","8":"product_cat-puzzle-meccanici-3d-in-legno","9":"product_cat-puzzle-meccanici-per-bambini","10":"product_cat-puzzle-meccanici-per-adulti","12":"first","13":"instock","14":"shipping-taxable","15":"purchasable","16":"product-type-simple"},"_links":{"self":[{"href":"https:\/\/puzzle3d.co\/fr\/wp-json\/wp\/v2\/product\/694","targetHints":{"allow":["GET"]}}],"collection":[{"href":"https:\/\/puzzle3d.co\/fr\/wp-json\/wp\/v2\/product"}],"about":[{"href":"https:\/\/puzzle3d.co\/fr\/wp-json\/wp\/v2\/types\/product"}],"replies":[{"embeddable":true,"href":"https:\/\/puzzle3d.co\/fr\/wp-json\/wp\/v2\/comments?post=694"}],"wp:featuredmedia":[{"embeddable":true,"href":"https:\/\/puzzle3d.co\/fr\/wp-json\/wp\/v2\/media\/687"}],"wp:attachment":[{"href":"https:\/\/puzzle3d.co\/fr\/wp-json\/wp\/v2\/media?parent=694"}],"wp:term":[{"taxonomy":"product_brand","embeddable":true,"href":"https:\/\/puzzle3d.co\/fr\/wp-json\/wp\/v2\/product_brand?post=694"},{"taxonomy":"product_cat","embeddable":true,"href":"https:\/\/puzzle3d.co\/fr\/wp-json\/wp\/v2\/product_cat?post=694"},{"taxonomy":"product_tag","embeddable":true,"href":"https:\/\/puzzle3d.co\/fr\/wp-json\/wp\/v2\/product_tag?post=694"},{"taxonomy":"woo-feed-brand","embeddable":true,"href":"https:\/\/puzzle3d.co\/fr\/wp-json\/wp\/v2\/woo-feed-brand?post=694"}],"curies":[{"name":"wp","href":"https:\/\/api.w.org\/{rel}","templated":true}]}}