{"id":588,"date":"2023-01-18T23:04:09","date_gmt":"2023-01-18T23:04:09","guid":{"rendered":"https:\/\/puzzle3d.co\/?post_type=product&#038;p=588"},"modified":"2025-05-11T08:12:38","modified_gmt":"2025-05-11T08:12:38","slug":"aeroplane-3d-mechanical-wooden-puzzle","status":"publish","type":"product","link":"https:\/\/puzzle3d.co\/fr\/prodotto\/aereo-puzzle-meccanico-3d-in-legno\/","title":{"rendered":"AIRCRAFT - Puzzle m\u00e9canique 3D en bois - 346 pi\u00e8ces"},"content":{"rendered":"<div><strong>AIRCRAFT - Puzzle m\u00e9canique 3D en bois, 346 pi\u00e8ces<\/strong><\/div>\n<div><\/div>\n<div>Tous les passionn\u00e9s d'a\u00e9ronautique, de technologie, de vitesse, de robotique, seront d'accord avec l'affirmation : \"Cet avion est vraiment merveilleux !\".<\/div>\n<div><\/div>\n<div>Avez-vous fait vos valises ? Pr\u00e9voyez une bonne r\u00e9serve de grains de caf\u00e9, car le voyage est long. Nous commen\u00e7ons \u00e0 bord avec 346 pi\u00e8ces de puzzle, toutes en bois. Si vous emportez un tube de colle, vous aurez une amende. Mais vous n'en aurez pas besoin non plus. En effet, toutes les pi\u00e8ces sont si parfaites qu'elles s'embo\u00eetent parfaitement et sont stables. Vous appr\u00e9cierez la balade gr\u00e2ce \u00e0 un moteur \u00e0 \u00e9lastique.<\/div>\n<div><\/div>\n<div>Qui inviterez-vous avec vous ? Aucune tranche d'\u00e2ge ni aucun sexe ne peut ignorer la construction d'un avion-puzzle m\u00e9canique. L'adr\u00e9naline est telle que l'on s'assoit et que l'on se demande ce qui est le mieux : le fait qu'il y ait des centaines de pi\u00e8ces et des heures de travail devant soi, ou l'avion en mouvement et l'exp\u00e9rience unique qu'il repr\u00e9sente.<\/div>\n<div><\/div>\n<div>Vous vous demandez probablement combien d'heures de travail sont n\u00e9cessaires pour assembler 346 pi\u00e8ces. Le plus int\u00e9ressant est que personne ne le sait. Cela d\u00e9pend de nombreux facteurs : le nombre de partenaires que vous avez avec vous, votre exp\u00e9rience et la leur en mati\u00e8re de casse-t\u00eate et de m\u00e9canique, la fr\u00e9quence de vos pauses et la dur\u00e9e de l'exercice. Mais nous savons une chose : ne vous pr\u00e9cipitez pas aussi vite que possible. \u00c9tirez votre joie, car vous arriverez toujours au moment o\u00f9 vous d\u00e9marrerez le moteur.<\/div>\n<div><\/div>\n<div>Pendant le montage, vous remarquerez \u00e0 quel point il est bon de se concentrer, de chercher un morceau que vous avez l'impression de ne plus trouver, au point de l'avoir sous la main. Quelques bonnes heures de concentration feront travailler votre cerveau avec les deux h\u00e9misph\u00e8res en m\u00eame temps. Vous \u00e9prouverez un sentiment de d\u00e9tente et ce sera une bonne occasion de m\u00e9diter.<\/div>\n<div><\/div>\n<div>L'avion m\u00e9canique fait le bonheur de tous les amateurs de puzzles, mais aussi de ceux qui ont n\u00e9glig\u00e9 ce loisir aux multiples avantages. Il peut faire le bonheur d'un enfant, d'un adulte et m\u00eame d'un vieillard qui s'empressera d'appeler ses petits-enfants avant de d\u00e9m\u00ealer les pi\u00e8ces. Il ne convient pas seulement aux plus jeunes, mais d\u00e8s l'\u00e2ge de 4 ans, ils pourront eux aussi devenir des partenaires fiables dans l'assemblage de l'avion.<\/div>\n<div><\/div>\n<div>Et \u00e0 partir de l\u00e0, il ne reste plus grand-chose \u00e0 faire pour un pilote exp\u00e9riment\u00e9...<\/div>\n<div><\/div>\n<div><strong>D\u00c9TAILS DU PRODUIT :<\/strong><\/div>\n<div>Dimensions du mod\u00e8le : 420*287*154 mm<\/div>\n<div>Dimensions de l'emballage : 245*188*38 mm<\/div>\n<div>Nombre de pi\u00e8ces : 346<\/div>\n<div>Assemblage sans colle.<\/div>","protected":false},"excerpt":{"rendered":"<p>\u00cates-vous pr\u00eat \u00e0 voler ?<br \/>\nL'avion m\u00e9canique est un plaisir pour tous les amateurs de vol, d'avions et, surtout, de puzzles. Vous voulez votre propre avion ? Sachez que c'est plus simple que vous ne l'imaginiez.<br \/>\nAvec 346 pi\u00e8ces de puzzle, il vous montre qu'avec de la pers\u00e9v\u00e9rance et de la patience, vous pouvez atteindre les sommets. Sa fabrication est un v\u00e9ritable d\u00e9fi c\u00e9r\u00e9bral qui synth\u00e9tisera de la dopamine et vous fera appr\u00e9cier \u00e0 la fois le processus et le produit final.<\/p>","protected":false},"featured_media":592,"comment_status":"open","ping_status":"closed","template":"","meta":[],"product_brand":[],"product_cat":[73,88,74,76,89,91],"product_tag":[],"woo-feed-brand":[],"class_list":{"0":"post-588","1":"product","2":"type-product","3":"status-publish","4":"has-post-thumbnail","6":"product_cat-puzzle-3d","7":"product_cat-puzzle-3d-adulti","8":"product_cat-puzzle-3d-in-legno","9":"product_cat-puzzle-3d-per-bambini","10":"product_cat-puzzle-meccanici-3d-in-legno","11":"product_cat-puzzle-meccanici-per-adulti","13":"first","14":"instock","15":"shipping-taxable","16":"purchasable","17":"product-type-simple"},"_links":{"self":[{"href":"https:\/\/puzzle3d.co\/fr\/wp-json\/wp\/v2\/product\/588","targetHints":{"allow":["GET"]}}],"collection":[{"href":"https:\/\/puzzle3d.co\/fr\/wp-json\/wp\/v2\/product"}],"about":[{"href":"https:\/\/puzzle3d.co\/fr\/wp-json\/wp\/v2\/types\/product"}],"replies":[{"embeddable":true,"href":"https:\/\/puzzle3d.co\/fr\/wp-json\/wp\/v2\/comments?post=588"}],"wp:featuredmedia":[{"embeddable":true,"href":"https:\/\/puzzle3d.co\/fr\/wp-json\/wp\/v2\/media\/592"}],"wp:attachment":[{"href":"https:\/\/puzzle3d.co\/fr\/wp-json\/wp\/v2\/media?parent=588"}],"wp:term":[{"taxonomy":"product_brand","embeddable":true,"href":"https:\/\/puzzle3d.co\/fr\/wp-json\/wp\/v2\/product_brand?post=588"},{"taxonomy":"product_cat","embeddable":true,"href":"https:\/\/puzzle3d.co\/fr\/wp-json\/wp\/v2\/product_cat?post=588"},{"taxonomy":"product_tag","embeddable":true,"href":"https:\/\/puzzle3d.co\/fr\/wp-json\/wp\/v2\/product_tag?post=588"},{"taxonomy":"woo-feed-brand","embeddable":true,"href":"https:\/\/puzzle3d.co\/fr\/wp-json\/wp\/v2\/woo-feed-brand?post=588"}],"curies":[{"name":"wp","href":"https:\/\/api.w.org\/{rel}","templated":true}]}}