{"id":553,"date":"2023-01-18T11:36:30","date_gmt":"2023-01-18T11:36:30","guid":{"rendered":"https:\/\/puzzle3d.co\/?post_type=product&#038;p=553"},"modified":"2025-05-11T08:10:21","modified_gmt":"2025-05-11T08:10:21","slug":"puzzle-carte-du-monde-en-bois-127-pieces","status":"publish","type":"product","link":"https:\/\/puzzle3d.co\/fr\/prodotto\/puzzle-in-legno-mappa-del-mondo-127-pezzi\/","title":{"rendered":"Planisph\u00e8re mural en bois 'Smoky Dreams' 127 pi\u00e8ces, L\/M\/S"},"content":{"rendered":"<div><strong>Planisph\u00e8re mural en bois 'Smoky Dreams' 127 pi\u00e8ces<\/strong><\/div>\n<div><\/div>\n<div>Carte du monde suspendue en trois couches par EWA Eco-Wood-Art \u00e0 assembler. L'assemblage se fait avec de la colle. Le montage mural peut se faire avec du ruban adh\u00e9sif double face. Le puzzle et les instructions d'assemblage sont fournis avec du ruban adh\u00e9sif double face et de la colle. Disponible en 3 tailles (S, M, L) et 5 couleurs (Blue Fantasy, Untouched World, Emerald Planet, Smoky Dreams, Choco World) sur demande.<\/div>\n<div><\/div>\n<div><strong>D\u00c9TAILS DU PRODUIT :<\/strong><\/div>\n<div>Taille du mod\u00e8le L : 1920*1050*12 mm<\/div>\n<div>Dimensions du mod\u00e8le M : 1440*790*12 mm<\/div>\n<div>Dimensions du mod\u00e8le S : 1000*550*12 mm<\/div>\n<div>Dimensions de l'emballage : 500*385*56 mm<\/div>\n<div><strong>Nombre de pi\u00e8ces : 127<\/strong><\/div>\n<div><\/div>\n<div><\/div>\n<div>Assemblage \u00e0 l'aide de colle et de ruban adh\u00e9sif double face (fournis dans la bo\u00eete).<\/div>","protected":false},"excerpt":{"rendered":"<p>Planisph\u00e8re mural en bois suspendu \u00e0 trois couches EWA Eco-Wood-Art \u00e0 assembler.<\/p>","protected":false},"featured_media":567,"comment_status":"open","ping_status":"closed","template":"","meta":[],"product_brand":[],"product_cat":[68],"product_tag":[],"woo-feed-brand":[],"class_list":{"0":"post-553","1":"product","2":"type-product","3":"status-publish","4":"has-post-thumbnail","6":"product_cat-mappamondo-da-parete-in-legno","8":"first","9":"instock","10":"shipping-taxable","11":"purchasable","12":"product-type-variable"},"_links":{"self":[{"href":"https:\/\/puzzle3d.co\/fr\/wp-json\/wp\/v2\/product\/553","targetHints":{"allow":["GET"]}}],"collection":[{"href":"https:\/\/puzzle3d.co\/fr\/wp-json\/wp\/v2\/product"}],"about":[{"href":"https:\/\/puzzle3d.co\/fr\/wp-json\/wp\/v2\/types\/product"}],"replies":[{"embeddable":true,"href":"https:\/\/puzzle3d.co\/fr\/wp-json\/wp\/v2\/comments?post=553"}],"wp:featuredmedia":[{"embeddable":true,"href":"https:\/\/puzzle3d.co\/fr\/wp-json\/wp\/v2\/media\/567"}],"wp:attachment":[{"href":"https:\/\/puzzle3d.co\/fr\/wp-json\/wp\/v2\/media?parent=553"}],"wp:term":[{"taxonomy":"product_brand","embeddable":true,"href":"https:\/\/puzzle3d.co\/fr\/wp-json\/wp\/v2\/product_brand?post=553"},{"taxonomy":"product_cat","embeddable":true,"href":"https:\/\/puzzle3d.co\/fr\/wp-json\/wp\/v2\/product_cat?post=553"},{"taxonomy":"product_tag","embeddable":true,"href":"https:\/\/puzzle3d.co\/fr\/wp-json\/wp\/v2\/product_tag?post=553"},{"taxonomy":"woo-feed-brand","embeddable":true,"href":"https:\/\/puzzle3d.co\/fr\/wp-json\/wp\/v2\/woo-feed-brand?post=553"}],"curies":[{"name":"wp","href":"https:\/\/api.w.org\/{rel}","templated":true}]}}