{"id":541,"date":"2023-01-18T09:13:26","date_gmt":"2023-01-18T09:13:26","guid":{"rendered":"https:\/\/puzzle3d.co\/product\/mapa-lumii-choco-world-copy\/"},"modified":"2025-05-11T08:10:37","modified_gmt":"2025-05-11T08:10:37","slug":"carte-du-monde-en-bois-suspendue","status":"publish","type":"product","link":"https:\/\/puzzle3d.co\/fr\/prodotto\/planisfero-da-parete\/","title":{"rendered":"Planisph\u00e8re mural \"Emerald Planet\" 127 pi\u00e8ces"},"content":{"rendered":"<div><strong>Planisph\u00e8re en bois accroch\u00e9 au mur<\/strong><\/div>\n<div><\/div>\n<div>Carte du monde suspendue en trois couches par EWA Eco-Wood-Art \u00e0 assembler. L'assemblage se fait avec de la colle. Le montage mural peut se faire avec du ruban adh\u00e9sif double face. Le puzzle et les instructions d'assemblage sont fournis avec du ruban adh\u00e9sif double face et de la colle. Disponible en 3 tailles (S, M, L) et 5 couleurs (Blue Fantasy, Untouched World, Emerald Planet, Smoky Dreams, Choco World) sur demande.<\/div>\n<div><\/div>\n<div><strong>D\u00c9TAILS DU PRODUIT :<\/strong><\/div>\n<div>Taille du mod\u00e8le L : 1920*1050*12 mm<\/div>\n<div>Dimensions du mod\u00e8le M : 1440*790*12 mm<\/div>\n<div>Dimensions du mod\u00e8le S : 1000*550*12 mm<\/div>\n<div>Dimensions de l'emballage : 500*385*56 mm<\/div>\n<div>Nombre de pi\u00e8ces : 127<\/div>\n<div><\/div>\n<div>Assemblage \u00e0 l'aide de colle et de ruban adh\u00e9sif double face (fournis dans la bo\u00eete).<\/div>\n<p>{<br \/>\n\"@context\" : \"https:\/\/schema.org\/\",<br \/>\n\"@type\" : \"Produit\",<br \/>\n\"@id\" : \"https:\/\/puzzle3d.co\/prodotto\/planisfero-da-parete\/\",<br \/>\n\"url\" : \"https:\/\/puzzle3d.co\/prodotto\/planisfero-da-parete\/\",<br \/>\n\"name\" : \"Planisph\u00e8re mural en bois suspendu \u00e0 trois couches\",<br \/>\n\"image\" : \"https:\/\/puzzle3d.co\/wp-content\/uploads\/2023\/01\/Emerald-Planet1w.webp\",<br \/>\n\"description\" : \"Planisph\u00e8re mural en bois suspendu \u00e0 trois couches \u00e0 faire soi-m\u00eame. Puzzle en bois \"Plan\u00e8te d'\u00e9meraude\", 127 pi\u00e8ces, disponible en grand \/ moyen \/ petit,<br \/>\n\"marque\" : {<br \/>\n\"@type\" : \"Marque\",<br \/>\n\"nom\" : \"Puzzle3D.co\".<br \/>\n},<br \/>\n\"aggregateRating\" : {<br \/>\n\"@type\" : \"AggregateRating\",<br \/>\n\"bestRating\" : \"5\",<br \/>\n\"worstRating\" : \"1\",<br \/>\n\"ratingCount\" : \"278\",<br \/>\n\"ratingValue\" : \"4.8\".<br \/>\n}<br \/>\n}<\/p>","protected":false},"excerpt":{"rendered":"<p>Carte du monde suspendue \u00e0 trois couches par EWA Eco-Wood-Art \u00e0 assembler.<\/p>","protected":false},"featured_media":575,"comment_status":"open","ping_status":"closed","template":"","meta":[],"product_brand":[],"product_cat":[68],"product_tag":[],"woo-feed-brand":[],"class_list":{"0":"post-541","1":"product","2":"type-product","3":"status-publish","4":"has-post-thumbnail","6":"product_cat-mappamondo-da-parete-in-legno","8":"first","9":"instock","10":"shipping-taxable","11":"purchasable","12":"product-type-variable"},"_links":{"self":[{"href":"https:\/\/puzzle3d.co\/fr\/wp-json\/wp\/v2\/product\/541","targetHints":{"allow":["GET"]}}],"collection":[{"href":"https:\/\/puzzle3d.co\/fr\/wp-json\/wp\/v2\/product"}],"about":[{"href":"https:\/\/puzzle3d.co\/fr\/wp-json\/wp\/v2\/types\/product"}],"replies":[{"embeddable":true,"href":"https:\/\/puzzle3d.co\/fr\/wp-json\/wp\/v2\/comments?post=541"}],"wp:featuredmedia":[{"embeddable":true,"href":"https:\/\/puzzle3d.co\/fr\/wp-json\/wp\/v2\/media\/575"}],"wp:attachment":[{"href":"https:\/\/puzzle3d.co\/fr\/wp-json\/wp\/v2\/media?parent=541"}],"wp:term":[{"taxonomy":"product_brand","embeddable":true,"href":"https:\/\/puzzle3d.co\/fr\/wp-json\/wp\/v2\/product_brand?post=541"},{"taxonomy":"product_cat","embeddable":true,"href":"https:\/\/puzzle3d.co\/fr\/wp-json\/wp\/v2\/product_cat?post=541"},{"taxonomy":"product_tag","embeddable":true,"href":"https:\/\/puzzle3d.co\/fr\/wp-json\/wp\/v2\/product_tag?post=541"},{"taxonomy":"woo-feed-brand","embeddable":true,"href":"https:\/\/puzzle3d.co\/fr\/wp-json\/wp\/v2\/woo-feed-brand?post=541"}],"curies":[{"name":"wp","href":"https:\/\/api.w.org\/{rel}","templated":true}]}}