{"id":171,"date":"2014-07-06T10:43:57","date_gmt":"2014-07-06T10:43:57","guid":{"rendered":"http:\/\/flatsome.dev\/?post_type=product&#038;p=8263"},"modified":"2025-06-11T18:51:53","modified_gmt":"2025-06-11T18:51:53","slug":"globe-mural-en-bois-2","status":"publish","type":"product","link":"https:\/\/puzzle3d.co\/fr\/prodotto\/mappamondo-legno-parete-in-legno\/","title":{"rendered":"Carte du monde en 3D en bois brun"},"content":{"rendered":"<div><strong>Carte du monde - Puzzle 3D en bois marron 'Choco World' 127 pi\u00e8ces<\/strong><\/div>\n<div><\/div>\n<div>Globe suspendu en bois \u00e0 trois couches EWA Eco-Wood-Art \u00e0 assembler. L'assemblage se fait avec de la colle. La fixation murale peut se faire avec du ruban adh\u00e9sif double face. Le puzzle et les instructions d'assemblage sont fournis avec du ruban adh\u00e9sif double face et de la colle. Disponible en 3 tailles (S, M, L) et 5 couleurs (Blue Fantasy, Untouched World, Emerald Planet, Smoky Dreams, Choco World) sur demande.<\/div>\n<div><\/div>\n<div>Assemblage \u00e0 l'aide de colle et de ruban adh\u00e9sif double face (fournis dans la bo\u00eete).<\/div>","protected":false},"excerpt":{"rendered":"<div>Carte du monde suspendue \u00e0 trois couches \u00e0 assembler.<\/div>\n<p>&nbsp;<\/p>","protected":false},"featured_media":579,"comment_status":"open","ping_status":"closed","template":"","meta":{"slim_seo":{"title":"\ud83d\uddfa Carte du monde. Puzzle en bois \"Choco World\" 127 pi\u00e8ces","description":"Accrochage mural en bois de la carte du monde en trois couches \u00e0 assembler. La fixation murale peut se faire \u00e0 l'aide d'un double ruban adh\u00e9sif."}},"product_brand":[],"product_cat":[68],"product_tag":[],"woo-feed-brand":[],"class_list":{"0":"post-171","1":"product","2":"type-product","3":"status-publish","4":"has-post-thumbnail","6":"product_cat-mappamondo-da-parete-in-legno","8":"first","9":"outofstock","10":"shipping-taxable","11":"purchasable","12":"product-type-variable"},"_links":{"self":[{"href":"https:\/\/puzzle3d.co\/fr\/wp-json\/wp\/v2\/product\/171","targetHints":{"allow":["GET"]}}],"collection":[{"href":"https:\/\/puzzle3d.co\/fr\/wp-json\/wp\/v2\/product"}],"about":[{"href":"https:\/\/puzzle3d.co\/fr\/wp-json\/wp\/v2\/types\/product"}],"replies":[{"embeddable":true,"href":"https:\/\/puzzle3d.co\/fr\/wp-json\/wp\/v2\/comments?post=171"}],"wp:featuredmedia":[{"embeddable":true,"href":"https:\/\/puzzle3d.co\/fr\/wp-json\/wp\/v2\/media\/579"}],"wp:attachment":[{"href":"https:\/\/puzzle3d.co\/fr\/wp-json\/wp\/v2\/media?parent=171"}],"wp:term":[{"taxonomy":"product_brand","embeddable":true,"href":"https:\/\/puzzle3d.co\/fr\/wp-json\/wp\/v2\/product_brand?post=171"},{"taxonomy":"product_cat","embeddable":true,"href":"https:\/\/puzzle3d.co\/fr\/wp-json\/wp\/v2\/product_cat?post=171"},{"taxonomy":"product_tag","embeddable":true,"href":"https:\/\/puzzle3d.co\/fr\/wp-json\/wp\/v2\/product_tag?post=171"},{"taxonomy":"woo-feed-brand","embeddable":true,"href":"https:\/\/puzzle3d.co\/fr\/wp-json\/wp\/v2\/woo-feed-brand?post=171"}],"curies":[{"name":"wp","href":"https:\/\/api.w.org\/{rel}","templated":true}]}}