{"id":1466,"date":"2023-03-08T12:47:30","date_gmt":"2023-03-08T12:47:30","guid":{"rendered":"https:\/\/puzzle3d.co\/product\/tractor-puzzle-mecanic-din-lemn-358-piese-copy\/"},"modified":"2026-01-19T10:27:03","modified_gmt":"2026-01-19T10:27:03","slug":"tracteur-puzzle-mecanique-en-bois-342-pieces","status":"publish","type":"product","link":"https:\/\/puzzle3d.co\/fr\/prodotto\/trattore-puzzle-meccanico-legno-342-pezzi\/","title":{"rendered":"Tracteur m\u00e9canique en bois \u00e0 construire - 342 pi\u00e8ces"},"content":{"rendered":"<div>\n<p><strong>Tracteur \u2013  Mod\u00e8le r\u00e9duit de tracteur m\u00e9canique en bois \u00e0 construire \u2013 342 pi\u00e8ces<\/strong><\/p>\n<div>\n<div>Il est faux de penser que les tracteurs sont r\u00e9serv\u00e9s aux gar\u00e7ons et aux hommes.<\/div>\n<div><\/div>\n<div>Apr\u00e8s avoir assembl\u00e9 ce mod\u00e8le, vous le percevrez comme une v\u00e9ritable \u0153uvre d'art. Et le mat\u00e9riau dans lequel les pi\u00e8ces du puzzle sont fabriqu\u00e9es, le bois, vous montrera sa v\u00e9ritable valeur.<\/div>\n<div><\/div>\n<div>Le moteur avec l'\u00e9lastique permet de le d\u00e9placer, d'ouvrir les portes et le capot. Le tracteur est encore plus beau \u00e0 c\u00f4t\u00e9 de la remorque, qui est disponible en tant que mod\u00e8le s\u00e9par\u00e9.<\/div>\n<div><\/div>\n<div>Elle est facilement attach\u00e9e au tracteur par un crochet et, \u00e0 l'aide d'un levier, elle s'ouvre exactement comme une vraie remorque.<\/div>\n<div><\/div>\n<div>C'est un cadeau polyvalent qui sera appr\u00e9ci\u00e9 aussi bien par un enfant que par un adulte. Ce mod\u00e8le fascinera tous les amateurs de puzzles et de bricolage.<\/div>\n<div><\/div>\n<div>L'ensemble est esth\u00e9tique et peut constituer un objet de d\u00e9coration original. Remplissez la remorque avec de l'herbe, des brindilles, des grains de caf\u00e9 ou tout ce qui vous passe par la t\u00eate.<\/div>\n<div><\/div>\n<div>Les enfants adoreront le tracteur et la remorque du jeu tr\u00e8s appr\u00e9ci\u00e9 \"La ferme\", mais ils inventeront aussi de nouveaux jeux.<\/div>\n<div>Ensuite, assemblez, jouez, admirez et cr\u00e9ez des souvenirs autour du tracteur et de la remorque.<\/div>\n<div><\/div>\n<div><\/div>\n<div><strong>D\u00c9TAILS DU PRODUIT :<\/strong><\/div>\n<div>Dimensions du mod\u00e8le : 282*136*175 mm<\/div>\n<div>Dimensions de l'emballage : 375 x 243 x 30 mm<\/div>\n<div>Nombre de pi\u00e8ces : 342<\/div>\n<\/div>\n<\/div>","protected":false},"excerpt":{"rendered":"<p>Le moteur \u00e0 \u00e9lastique permet de le d\u00e9placer, d'ouvrir les portes et le capot.<\/p>","protected":false},"featured_media":1469,"comment_status":"open","ping_status":"closed","template":"","meta":{"slim_seo":{"title":"\ud83d\ude9c Tracteur m\u00e9canique en bois \u00e0 construire","description":"Mod\u00e8le de tracteur m\u00e9canique - Le moteur avec l'\u00e9lastique permet de le d\u00e9placer, d'ouvrir les portes et le capot. Le tracteur est encore plus beau \u00e0 c\u00f4t\u00e9 de la remorque, qui est disponible en tant que mod\u00e8le s\u00e9par\u00e9."}},"product_brand":[],"product_cat":[108,89,91,90,73,88,74,76],"product_tag":[],"woo-feed-brand":[],"class_list":{"0":"post-1466","1":"product","2":"type-product","3":"status-publish","4":"has-post-thumbnail","6":"product_cat-modellismo-da-costruire-per-adulti","7":"product_cat-puzzle-meccanici-3d-in-legno","8":"product_cat-puzzle-meccanici-per-adulti","9":"product_cat-puzzle-meccanici-per-bambini","10":"product_cat-puzzle-3d","11":"product_cat-puzzle-3d-adulti","12":"product_cat-puzzle-3d-in-legno","13":"product_cat-puzzle-3d-per-bambini","15":"first","16":"instock","17":"shipping-taxable","18":"purchasable","19":"product-type-simple"},"_links":{"self":[{"href":"https:\/\/puzzle3d.co\/fr\/wp-json\/wp\/v2\/product\/1466","targetHints":{"allow":["GET"]}}],"collection":[{"href":"https:\/\/puzzle3d.co\/fr\/wp-json\/wp\/v2\/product"}],"about":[{"href":"https:\/\/puzzle3d.co\/fr\/wp-json\/wp\/v2\/types\/product"}],"replies":[{"embeddable":true,"href":"https:\/\/puzzle3d.co\/fr\/wp-json\/wp\/v2\/comments?post=1466"}],"wp:featuredmedia":[{"embeddable":true,"href":"https:\/\/puzzle3d.co\/fr\/wp-json\/wp\/v2\/media\/1469"}],"wp:attachment":[{"href":"https:\/\/puzzle3d.co\/fr\/wp-json\/wp\/v2\/media?parent=1466"}],"wp:term":[{"taxonomy":"product_brand","embeddable":true,"href":"https:\/\/puzzle3d.co\/fr\/wp-json\/wp\/v2\/product_brand?post=1466"},{"taxonomy":"product_cat","embeddable":true,"href":"https:\/\/puzzle3d.co\/fr\/wp-json\/wp\/v2\/product_cat?post=1466"},{"taxonomy":"product_tag","embeddable":true,"href":"https:\/\/puzzle3d.co\/fr\/wp-json\/wp\/v2\/product_tag?post=1466"},{"taxonomy":"woo-feed-brand","embeddable":true,"href":"https:\/\/puzzle3d.co\/fr\/wp-json\/wp\/v2\/woo-feed-brand?post=1466"}],"curies":[{"name":"wp","href":"https:\/\/api.w.org\/{rel}","templated":true}]}}