{"id":1454,"date":"2023-03-08T11:51:26","date_gmt":"2023-03-08T11:51:26","guid":{"rendered":"https:\/\/puzzle3d.co\/product\/angrenajul-planetar-puzzle-mecanic-din-lemn-153-piese-copy\/"},"modified":"2026-01-02T05:29:01","modified_gmt":"2026-01-02T05:29:01","slug":"puzzle-tracteur-mecanique-bois-358-pieces","status":"publish","type":"product","link":"https:\/\/puzzle3d.co\/fr\/prodotto\/trattore-puzzle-meccanico-in-legno-358-pezzi\/","title":{"rendered":"Trattore \u2013 Puzzle m\u00e9canique en bois, 358 pi\u00e8ces"},"content":{"rendered":"<div>\n<p><strong>Mod\u00e8le r\u00e9duit de tracteur - Puzzle m\u00e9canique en bois, 358 pi\u00e8ces<\/strong><\/p>\n<div><\/div>\n<\/div>\n<div>\n<div>\n<div>T\u00f4t le matin, bien avant l'aube, l'agriculteur d\u00e9marre le tracteur.<\/div>\n<div><\/div>\n<div>Il sait que le tracteur est indispensable pour son travail et pour faire vivre sa ferme et sa famille. Le bruit du tracteur r\u00e9veille les enfants qui r\u00eavent encore de lapins, mais ils se rendorment rapidement.<\/div>\n<div><\/div>\n<div>Alors que le tracteur s'\u00e9loigne vers la ferme, le bruit du moteur et des roues, m\u00eal\u00e9 \u00e0 l'odeur du diesel, peut encore \u00eatre entendu depuis la maison.<\/div>\n<div><\/div>\n<div>Au bord d'un champ de bl\u00e9 fra\u00eechement sem\u00e9, la ferme s'anime. Ici, le bruit du tracteur se m\u00eale d\u00e9j\u00e0 au gazouillis des oiseaux et au message de bonjour des animaux bien-aim\u00e9s, cr\u00e9ant une harmonie particuli\u00e8re.<\/div>\n<div><\/div>\n<div>Apr\u00e8s avoir nourri les animaux, le fermier part avec le tracteur et retourne sur la route de campagne. Il se dirige maintenant vers un autre champ qu'il a sem\u00e9 avec beaucoup d'amour. Le ma\u00efs poussera dans ce champ. Le fermier est reconnaissant \u00e0 son tracteur car il peut nourrir sa famille et les animaux de la ferme.<\/div>\n<div><\/div>\n<div>Le tracteur peut donc \u00eatre consid\u00e9r\u00e9 comme un \u00e9l\u00e9ment de la technologie moderne qui interagit avec la nature de mani\u00e8re amicale, en s'adaptant aux besoins de l'homme et des animaux.<\/div>\n<div><\/div>\n<div>Ce magnifique tracteur compos\u00e9 de 358 pi\u00e8ces de puzzle en bois ravira tous les amateurs de v\u00e9hicules, de puzzles et les fans de la vie \u00e0 la campagne.<\/div>\n<div><\/div>\n<div>Les enfants l'int\u00e9greront volontiers dans leurs jeux de construction ou de ferme.<\/div>\n<div><\/div>\n<div>Il s'agit d'un v\u00e9ritable tracteur miniature. Encore plus beau, si l'on se r\u00e9f\u00e8re au bois dont il est fait. Le tracteur se d\u00e9place d'avant en arri\u00e8re et les roues peuvent tourner de droite \u00e0 gauche. Le capot s'ouvre et on peut voir les quatre cylindres qui transforment l'\u00e9nergie thermique en \u00e9nergie m\u00e9canique. Les portes s'ouvrent \u00e9galement et l'acc\u00e8s au tracteur est facilit\u00e9 par les escaliers. Le salon est inspir\u00e9 de mod\u00e8les r\u00e9els, il est donc impossible de ne pas tomber amoureux de ce mod\u00e8le. Le clou du spectacle sera le d\u00e9marrage du tracteur \u00e0 l'aide du moteur en caoutchouc. Mettez un chocolat gourmand dans le salon et envoyez-le \u00e0 un \u00eatre cher via le v\u00e9hicule.<\/div>\n<div><\/div>\n<div>C'est un bel objet d\u00e9coratif pour la chambre des enfants, mais aussi pour le salon ou le bureau. Il attirera l'attention et ne restera pas longtemps sans \u00eatre allum\u00e9.<\/div>\n<div><\/div>\n<div>Assemblez-le avec votre enfant, votre famille ou vos amis pour une exp\u00e9rience encore meilleure !<\/div>\n<div><\/div>\n<div><strong>D\u00c9TAILS DU PRODUIT :<\/strong><\/div>\n<div>Dimensions du mod\u00e8le : 315*173*207 mm<\/div>\n<div>Dimensions de l'emballage : 375 x 243 x 43 mm<\/div>\n<div><strong>Nombre de pi\u00e8ces : 358<\/strong><\/div>\n<\/div>\n<div><\/div>\n<\/div>","protected":false},"excerpt":{"rendered":"<p>C'est comme un vrai tracteur miniature. Encore plus beau, si l'on se r\u00e9f\u00e8re au bois dans lequel il est fabriqu\u00e9.<\/p>","protected":false},"featured_media":1457,"comment_status":"open","ping_status":"closed","template":"","meta":[],"product_brand":[],"product_cat":[73,88,74,76,89,90,91],"product_tag":[],"woo-feed-brand":[],"class_list":{"0":"post-1454","1":"product","2":"type-product","3":"status-publish","4":"has-post-thumbnail","6":"product_cat-puzzle-3d","7":"product_cat-puzzle-3d-adulti","8":"product_cat-puzzle-3d-in-legno","9":"product_cat-puzzle-3d-per-bambini","10":"product_cat-puzzle-meccanici-3d-in-legno","11":"product_cat-puzzle-meccanici-per-bambini","12":"product_cat-puzzle-meccanici-per-adulti","14":"first","15":"instock","16":"shipping-taxable","17":"purchasable","18":"product-type-simple"},"_links":{"self":[{"href":"https:\/\/puzzle3d.co\/fr\/wp-json\/wp\/v2\/product\/1454","targetHints":{"allow":["GET"]}}],"collection":[{"href":"https:\/\/puzzle3d.co\/fr\/wp-json\/wp\/v2\/product"}],"about":[{"href":"https:\/\/puzzle3d.co\/fr\/wp-json\/wp\/v2\/types\/product"}],"replies":[{"embeddable":true,"href":"https:\/\/puzzle3d.co\/fr\/wp-json\/wp\/v2\/comments?post=1454"}],"wp:featuredmedia":[{"embeddable":true,"href":"https:\/\/puzzle3d.co\/fr\/wp-json\/wp\/v2\/media\/1457"}],"wp:attachment":[{"href":"https:\/\/puzzle3d.co\/fr\/wp-json\/wp\/v2\/media?parent=1454"}],"wp:term":[{"taxonomy":"product_brand","embeddable":true,"href":"https:\/\/puzzle3d.co\/fr\/wp-json\/wp\/v2\/product_brand?post=1454"},{"taxonomy":"product_cat","embeddable":true,"href":"https:\/\/puzzle3d.co\/fr\/wp-json\/wp\/v2\/product_cat?post=1454"},{"taxonomy":"product_tag","embeddable":true,"href":"https:\/\/puzzle3d.co\/fr\/wp-json\/wp\/v2\/product_tag?post=1454"},{"taxonomy":"woo-feed-brand","embeddable":true,"href":"https:\/\/puzzle3d.co\/fr\/wp-json\/wp\/v2\/woo-feed-brand?post=1454"}],"curies":[{"name":"wp","href":"https:\/\/api.w.org\/{rel}","templated":true}]}}