{"id":1441,"date":"2023-03-08T11:10:44","date_gmt":"2023-03-08T11:10:44","guid":{"rendered":"https:\/\/puzzle3d.co\/product\/triceratops-puzzle-mecanic-din-lemn-283-piese-copy\/"},"modified":"2026-01-19T16:26:02","modified_gmt":"2026-01-19T16:26:02","slug":"engrenage-planetaire-puzzle-mecanique-bois-153-pieces","status":"publish","type":"product","link":"https:\/\/puzzle3d.co\/fr\/prodotto\/ingranaggio-planetario-puzzle-meccanico-legno-153-pezzi\/","title":{"rendered":"Engrenage plan\u00e9taire puzzle m\u00e9canique en bois, 153 pi\u00e8ces"},"content":{"rendered":"<div>\n<p>Engrenage plan\u00e9taire puzzle m\u00e9canique en bois, 153 pi\u00e8ces<\/p>\n<div>\n<div>Comment comprendre plus facilement les aspects difficiles de la g\u00e9om\u00e9trie et de la physique ?<\/div>\n<div><\/div>\n<div>Qu'en est-il de la relation spatiale entre les objets ?<\/div>\n<div><\/div>\n<div>Je sais que cela peut para\u00eetre compliqu\u00e9, mais avec les engrenages plan\u00e9taires, cela devient simple et amusant.<\/div>\n<div><\/div>\n<div>Le mat\u00e9riel est accompagn\u00e9 d'instructions claires et de 153 pi\u00e8ces en bois de formes et de tailles diff\u00e9rentes. L'assemblage sera fascinant et, lorsque le mod\u00e8le \"prendra vie\", vous attendrez avec impatience le moment o\u00f9 vous pourrez mettre en marche le moteur en caoutchouc.<\/div>\n<div><\/div>\n<div>En outre, les engrenages peuvent \u00eatre un moyen d'apprendre \u00e0 conna\u00eetre les machines et les dispositifs m\u00e9caniques qui fonctionnent sur la base d'une s\u00e9rie d'engrenages tournant autour d'une grande roue centrale.<\/div>\n<div><\/div>\n<div>Vous n'imaginez m\u00eame pas le nombre de fois o\u00f9 vous interagissez avec un engrenage dans votre vie quotidienne :<\/div>\n<div><\/div>\n<ul>\n<li>La bo\u00eete de vitesses change de rapport en fonction de la vitesse ;<\/li>\n<li>C'est sur cette base que la puissance est transmise des p\u00e9dales aux roues lors de la pratique du cyclisme ;<\/li>\n<li>Un certain nombre de machines industrielles d\u00e9marrent des moteurs, des pompes et des compresseurs \u00e0 l'aide de ce m\u00e9canisme ;<\/li>\n<li>Les machines agricoles et de construction telles que les bulldozers, les excavateurs, les moissonneuses-batteuses, les tracteurs et les semoirs ne peuvent fonctionner sans outils.<\/li>\n<\/ul>\n<div><\/div>\n<div>Il est int\u00e9ressant de noter que les engrenages en bois, utilis\u00e9s pour la transmission de puissance dans les pompes \u00e0 eau et le travail des m\u00e9taux, remontent \u00e0 3000 ans avant J\u00e9sus-Christ.<\/div>\n<div><\/div>\n<div>L'un des premiers scientifiques \u00e0 avoir commenc\u00e9 \u00e0 \u00e9tudier et \u00e0 comprendre le fonctionnement des engrenages est L\u00e9onard de Vinci, au XVe si\u00e8cle. Il a d\u00e9velopp\u00e9 diff\u00e9rents types d'engrenages et a remarqu\u00e9 qu'ils fonctionnaient beaucoup plus efficacement lorsqu'ils \u00e9taient compos\u00e9s de plusieurs dents.<\/div>\n<div><\/div>\n<div>Puzzle 3Da toutefois not\u00e9 que dans les \u00e9quipes compos\u00e9es d'\u00eatres chers, l'\u00e9quipement est assembl\u00e9 plus efficacement et, fait int\u00e9ressant, lorsqu'il y a beaucoup de personnes, la puissance augmente !<\/div>\n<div><\/div>\n<div>C'est un cadeau id\u00e9al pour les \u00e9coliers, mais aussi pour les adultes, en particulier les enseignants. Surtout si la personne est passionn\u00e9e par l'ing\u00e9nierie, la physique, les math\u00e9matiques ou simplement les puzzles.<\/div>\n<div><\/div>\n<div>Apr\u00e8s assemblage, vous pouvez profiter d'une belle pi\u00e8ce de d\u00e9coration pour votre maison ou votre bureau qui attirera l'attention.<\/div>\n<div><\/div>\n<div><\/div>\n<div>D\u00c9TAILS DU PRODUIT :<\/div>\n<div>Dimensions du mod\u00e8le : 247*118*204 mm<\/div>\n<div>Dimensions de l'emballage : 245*188*30 mm<\/div>\n<div>Nombre de pi\u00e8ces : 153<\/div>\n<\/div>\n<\/div>\n<div>\n<div><\/div>\n<\/div>","protected":false},"excerpt":{"rendered":"<div>Le mat\u00e9riel est accompagn\u00e9 d'instructions claires et de 153 pi\u00e8ces en bois de formes et de tailles diff\u00e9rentes. L'assemblage sera fascinant et, lorsque le mod\u00e8le \"prendra vie\", vous attendrez avec impatience le moment o\u00f9 vous pourrez mettre en marche le moteur en caoutchouc.<\/div>\n<p>&nbsp;<\/p>","protected":false},"featured_media":1447,"comment_status":"open","ping_status":"closed","template":"","meta":[],"product_brand":[],"product_cat":[73,88,74,76,89,90,91],"product_tag":[],"woo-feed-brand":[],"class_list":{"0":"post-1441","1":"product","2":"type-product","3":"status-publish","4":"has-post-thumbnail","6":"product_cat-puzzle-3d","7":"product_cat-puzzle-3d-adulti","8":"product_cat-puzzle-3d-in-legno","9":"product_cat-puzzle-3d-per-bambini","10":"product_cat-puzzle-meccanici-3d-in-legno","11":"product_cat-puzzle-meccanici-per-bambini","12":"product_cat-puzzle-meccanici-per-adulti","14":"first","15":"instock","16":"shipping-taxable","17":"purchasable","18":"product-type-simple"},"_links":{"self":[{"href":"https:\/\/puzzle3d.co\/fr\/wp-json\/wp\/v2\/product\/1441","targetHints":{"allow":["GET"]}}],"collection":[{"href":"https:\/\/puzzle3d.co\/fr\/wp-json\/wp\/v2\/product"}],"about":[{"href":"https:\/\/puzzle3d.co\/fr\/wp-json\/wp\/v2\/types\/product"}],"replies":[{"embeddable":true,"href":"https:\/\/puzzle3d.co\/fr\/wp-json\/wp\/v2\/comments?post=1441"}],"wp:featuredmedia":[{"embeddable":true,"href":"https:\/\/puzzle3d.co\/fr\/wp-json\/wp\/v2\/media\/1447"}],"wp:attachment":[{"href":"https:\/\/puzzle3d.co\/fr\/wp-json\/wp\/v2\/media?parent=1441"}],"wp:term":[{"taxonomy":"product_brand","embeddable":true,"href":"https:\/\/puzzle3d.co\/fr\/wp-json\/wp\/v2\/product_brand?post=1441"},{"taxonomy":"product_cat","embeddable":true,"href":"https:\/\/puzzle3d.co\/fr\/wp-json\/wp\/v2\/product_cat?post=1441"},{"taxonomy":"product_tag","embeddable":true,"href":"https:\/\/puzzle3d.co\/fr\/wp-json\/wp\/v2\/product_tag?post=1441"},{"taxonomy":"woo-feed-brand","embeddable":true,"href":"https:\/\/puzzle3d.co\/fr\/wp-json\/wp\/v2\/woo-feed-brand?post=1441"}],"curies":[{"name":"wp","href":"https:\/\/api.w.org\/{rel}","templated":true}]}}