{"id":1431,"date":"2023-03-08T10:39:32","date_gmt":"2023-03-08T10:39:32","guid":{"rendered":"https:\/\/puzzle3d.co\/product\/pasare-puzzle-3d-mecanic-copy\/"},"modified":"2026-01-02T05:29:01","modified_gmt":"2026-01-02T05:29:01","slug":"triceratops-puzzle-mecanique-en-bois","status":"publish","type":"product","link":"https:\/\/puzzle3d.co\/fr\/prodotto\/triceratopo-puzzle-meccanico-in-legno\/","title":{"rendered":"Dinosauro Triceratopo Modello Meccanico in Legno \u2013 283 pezzi"},"content":{"rendered":"<div>\n<p><strong>Mod\u00e8le m\u00e9canique en bois du dinosaure Triceratops<\/strong> \u2013 <strong>283 pi\u00e8ces<\/strong><\/p>\n<div><\/div>\n<\/div>\n<div>\n<div>\n<div>Il y a environ 65 \u00e0 68 millions d'ann\u00e9es, une esp\u00e8ce de dinosaure herbivore \u00e0 trois cornes sur la face - le tric\u00e9ratops - vivait encore sur le continent nord-am\u00e9ricain.<\/div>\n<div><\/div>\n<div>La cause de l'extinction des dinosaures est \u00e9tudi\u00e9e depuis plus de 100 ans. Il n'existe que des hypoth\u00e8ses telles que des infections osseuses, des probl\u00e8mes g\u00e9n\u00e9tiques, l'ast\u00e9ro\u00efde qui a frapp\u00e9 la Terre il y a 65 millions d'ann\u00e9es ou l'\u00e9ruption volcanique massive.<\/div>\n<div><\/div>\n<div>Aujourd'hui encore, les dinosaures int\u00e9ressent aussi bien les enfants que les adultes.<\/div>\n<div>Vous avez maintenant la possibilit\u00e9 d'en assembler un vous-m\u00eame et de le mettre en service.<\/div>\n<div><\/div>\n<div>Ton ami pr\u00e9historique peut bouger la t\u00eate, la queue et les jambes.<\/div>\n<div><\/div>\n<div>Les concepteurs ont soigneusement \u00e9tudi\u00e9 l'anatomie et se sont assur\u00e9s que toutes les articulations et tous les mouvements ressemblaient \u00e0 ceux du v\u00e9ritable tric\u00e9ratops.<\/div>\n<div><\/div>\n<div><\/div>\n<div><strong>D\u00c9TAILS DU PRODUIT :<\/strong><\/div>\n<div>Dimensions du mod\u00e8le : 320*160*105 mm<\/div>\n<div>Dimensions de l'emballage : 245*188*33 mm<\/div>\n<div>Nombre de pi\u00e8ces : 283<\/div>\n<\/div>\n<div><\/div>\n<\/div>","protected":false},"excerpt":{"rendered":"<div>Aujourd'hui encore, les dinosaures int\u00e9ressent aussi bien les enfants que les adultes.<br \/>\nVous avez maintenant la possibilit\u00e9 d'en assembler un vous-m\u00eame et de le mettre en service.<\/div>\n<p>&nbsp;<\/p>","protected":false},"featured_media":1437,"comment_status":"open","ping_status":"closed","template":"","meta":[],"product_brand":[],"product_cat":[73,88,74,76,89,90,91],"product_tag":[],"woo-feed-brand":[],"class_list":{"0":"post-1431","1":"product","2":"type-product","3":"status-publish","4":"has-post-thumbnail","6":"product_cat-puzzle-3d","7":"product_cat-puzzle-3d-adulti","8":"product_cat-puzzle-3d-in-legno","9":"product_cat-puzzle-3d-per-bambini","10":"product_cat-puzzle-meccanici-3d-in-legno","11":"product_cat-puzzle-meccanici-per-bambini","12":"product_cat-puzzle-meccanici-per-adulti","14":"first","15":"outofstock","16":"shipping-taxable","17":"purchasable","18":"product-type-simple"},"_links":{"self":[{"href":"https:\/\/puzzle3d.co\/fr\/wp-json\/wp\/v2\/product\/1431","targetHints":{"allow":["GET"]}}],"collection":[{"href":"https:\/\/puzzle3d.co\/fr\/wp-json\/wp\/v2\/product"}],"about":[{"href":"https:\/\/puzzle3d.co\/fr\/wp-json\/wp\/v2\/types\/product"}],"replies":[{"embeddable":true,"href":"https:\/\/puzzle3d.co\/fr\/wp-json\/wp\/v2\/comments?post=1431"}],"wp:featuredmedia":[{"embeddable":true,"href":"https:\/\/puzzle3d.co\/fr\/wp-json\/wp\/v2\/media\/1437"}],"wp:attachment":[{"href":"https:\/\/puzzle3d.co\/fr\/wp-json\/wp\/v2\/media?parent=1431"}],"wp:term":[{"taxonomy":"product_brand","embeddable":true,"href":"https:\/\/puzzle3d.co\/fr\/wp-json\/wp\/v2\/product_brand?post=1431"},{"taxonomy":"product_cat","embeddable":true,"href":"https:\/\/puzzle3d.co\/fr\/wp-json\/wp\/v2\/product_cat?post=1431"},{"taxonomy":"product_tag","embeddable":true,"href":"https:\/\/puzzle3d.co\/fr\/wp-json\/wp\/v2\/product_tag?post=1431"},{"taxonomy":"woo-feed-brand","embeddable":true,"href":"https:\/\/puzzle3d.co\/fr\/wp-json\/wp\/v2\/woo-feed-brand?post=1431"}],"curies":[{"name":"wp","href":"https:\/\/api.w.org\/{rel}","templated":true}]}}