{"id":1423,"date":"2023-03-08T09:40:19","date_gmt":"2023-03-08T09:40:19","guid":{"rendered":"https:\/\/puzzle3d.co\/product\/retro-car-puzzle-3d-mecanic-copy\/"},"modified":"2026-01-02T05:29:01","modified_gmt":"2026-01-02T05:29:01","slug":"puzzle-mecanique-doiseaux-en-bois","status":"publish","type":"product","link":"https:\/\/puzzle3d.co\/fr\/prodotto\/uccello-puzzle-meccanico-in-legno\/","title":{"rendered":"Bo\u00eete \u00e0 cure-dents en bois pour oiseaux - 37 pi\u00e8ces"},"content":{"rendered":"<p><strong>Oiseau - Bo\u00eete \u00e0 cure-dents en bois - 37 pi\u00e8ces<\/strong><\/p>\n<div>\n<div>Les petits d\u00e9tails font une grande diff\u00e9rence !<\/div>\n<div><\/div>\n<div>Pourquoi aimons-nous choisir les plus beaux r\u00e9cipients pour le th\u00e9 et le caf\u00e9 ?<\/div>\n<div>Parce qu'il ravit nos yeux et notre \u00e2me. Optez pour l'originalit\u00e9 dans la cuisine et sur votre table avec une bo\u00eete \u00e0 cure-dents sp\u00e9ciale, d\u00e9cor\u00e9e d'un oiseau. Vous pouvez \u00e9galement y ranger d'autres petits objets tels que des bagues, des pi\u00e8ces de monnaie ou des mots d'amour.<\/div>\n<div><\/div>\n<div>Vous pouvez le laisser dans la couleur du bois ou le peindre pour l'assortir au d\u00e9cor de votre maison. Vous pouvez le placer sur la terrasse au printemps.<\/div>\n<div>Oui, on ne peut pas faire le printemps avec un seul oiseau, mais avec ce merveilleux puzzle, vous pouvez cr\u00e9er un bel objet qui vous fera sentir le printemps \u00e0 chaque fois que vous l'admirerez. C'est probablement le cadeau le plus appropri\u00e9 pour toutes les m\u00e8res et les grands-m\u00e8res dont les enfants ont grandi et ont quitt\u00e9 le nid...<\/div>\n<div><\/div>\n<div><strong>D\u00c9TAILS DU PRODUIT :<\/strong><\/div>\n<div>Dimensions du mod\u00e8le : 125*80*140 mm<\/div>\n<div>Dimensions de l'emballage : 190 x 123 x 19 mm<\/div>\n<div>Nombre de pi\u00e8ces : 38<\/div>\n<\/div>","protected":false},"excerpt":{"rendered":"<div>Optez pour l'originalit\u00e9 dans la cuisine et sur votre table avec une bo\u00eete \u00e0 cure-dents sp\u00e9ciale, d\u00e9cor\u00e9e d'un oiseau.<\/div>\n<p>&nbsp;<\/p>","protected":false},"featured_media":1427,"comment_status":"open","ping_status":"closed","template":"","meta":[],"product_brand":[],"product_cat":[73,88,74,76,89,90,91],"product_tag":[],"woo-feed-brand":[],"class_list":{"0":"post-1423","1":"product","2":"type-product","3":"status-publish","4":"has-post-thumbnail","6":"product_cat-puzzle-3d","7":"product_cat-puzzle-3d-adulti","8":"product_cat-puzzle-3d-in-legno","9":"product_cat-puzzle-3d-per-bambini","10":"product_cat-puzzle-meccanici-3d-in-legno","11":"product_cat-puzzle-meccanici-per-bambini","12":"product_cat-puzzle-meccanici-per-adulti","14":"first","15":"instock","16":"shipping-taxable","17":"purchasable","18":"product-type-simple"},"_links":{"self":[{"href":"https:\/\/puzzle3d.co\/fr\/wp-json\/wp\/v2\/product\/1423","targetHints":{"allow":["GET"]}}],"collection":[{"href":"https:\/\/puzzle3d.co\/fr\/wp-json\/wp\/v2\/product"}],"about":[{"href":"https:\/\/puzzle3d.co\/fr\/wp-json\/wp\/v2\/types\/product"}],"replies":[{"embeddable":true,"href":"https:\/\/puzzle3d.co\/fr\/wp-json\/wp\/v2\/comments?post=1423"}],"wp:featuredmedia":[{"embeddable":true,"href":"https:\/\/puzzle3d.co\/fr\/wp-json\/wp\/v2\/media\/1427"}],"wp:attachment":[{"href":"https:\/\/puzzle3d.co\/fr\/wp-json\/wp\/v2\/media?parent=1423"}],"wp:term":[{"taxonomy":"product_brand","embeddable":true,"href":"https:\/\/puzzle3d.co\/fr\/wp-json\/wp\/v2\/product_brand?post=1423"},{"taxonomy":"product_cat","embeddable":true,"href":"https:\/\/puzzle3d.co\/fr\/wp-json\/wp\/v2\/product_cat?post=1423"},{"taxonomy":"product_tag","embeddable":true,"href":"https:\/\/puzzle3d.co\/fr\/wp-json\/wp\/v2\/product_tag?post=1423"},{"taxonomy":"woo-feed-brand","embeddable":true,"href":"https:\/\/puzzle3d.co\/fr\/wp-json\/wp\/v2\/woo-feed-brand?post=1423"}],"curies":[{"name":"wp","href":"https:\/\/api.w.org\/{rel}","templated":true}]}}