{"id":1184,"date":"2023-02-06T10:42:01","date_gmt":"2023-02-06T10:42:01","guid":{"rendered":"https:\/\/puzzle3d.co\/product\/locomotiva-puzzle-3d-mecanic-copy\/"},"modified":"2026-03-27T20:03:28","modified_gmt":"2026-03-27T20:03:28","slug":"modelisation-de-voitures-mecaniques-retro","status":"publish","type":"product","link":"https:\/\/puzzle3d.co\/fr\/prodotto\/modellismo-auto-retro-meccanico\/","title":{"rendered":"Voiture r\u00e9tro m\u00e9canique en bois, 315 pi\u00e8ces"},"content":{"rendered":"<div>\n<p><strong>Voiture r\u00e9tro m\u00e9canique en bois, 315 pi\u00e8ces<\/strong><\/p>\n<div>Bien que nous vivions \u00e0 l'\u00e8re de la vitesse, o\u00f9 les voitures puissantes sont de plus en plus recherch\u00e9es, personne ne refuserait un voyage dans une voiture r\u00e9tro.<\/div>\n<\/div>\n<div>\n<div>\n<div><\/div>\n<div>Sur quoi attire-t-on l'attention lorsqu'on a l'occasion d'admirer une exposition de voitures r\u00e9tro ?<\/div>\n<div><\/div>\n<div>Les d\u00e9tails sophistiqu\u00e9s, les ajouts \u00e9l\u00e9gants, les caract\u00e9ristiques que l'on ne trouve pas dans les mod\u00e8les d'aujourd'hui, tout cela fait que l'on s'attarde un peu plus longtemps sur une voiture classique.<\/div>\n<div><\/div>\n<div>Ador\u00e9e par les enfants, les adultes et les personnes \u00e2g\u00e9es, la voiture r\u00e9tro reste un symbole universel de l'histoire et de la beaut\u00e9 de l'automobile, qui traverse les g\u00e9n\u00e9rations et devient de plus en plus populaire.<\/div>\n<div><\/div>\n<div>Nous vous invitons \u00e0 un voyage dans le pass\u00e9 avec un mod\u00e8le vintage absolument \u00e9poustouflant.<\/div>\n<div><\/div>\n<div>Je ne sais m\u00eame pas ce qui vous passionnera le plus : l'assemblage des plus de 300 pi\u00e8ces du puzzle, qui vous prendra pr\u00e8s de 8 heures, ou le produit final, qui vous \"charmera\" comme un grand vin. Ce sera une exp\u00e9rience inoubliable !<\/div>\n<div><\/div>\n<div>Le m\u00e9canisme de d\u00e9marrage est \u00e9nigmatiquement cach\u00e9 dans la roue de secours lat\u00e9rale. Ouvrez grand les portes et installez-vous confortablement. Tournez le volant vers la droite et les roues tourneront dans la m\u00eame direction. Vous avez encore une place libre \u00e0 c\u00f4t\u00e9 de vous, qui vous accompagnera pour un voyage historique ?<\/div>\n<div><\/div>\n<div><\/div>\n<div>La voiture r\u00e9tro est un cadeau id\u00e9al pour tous les fans de voitures, d'histoire, de voyages, les collectionneurs et les meilleurs amis, quel que soit leur \u00e2ge.<\/div>\n<div><\/div>\n<div>Le bois dont est faite la voiture lui conf\u00e8re une touche de luxe et de durabilit\u00e9. On peut honn\u00eatement dire qu'il s'agit d'un investissement dans un objet cher \u00e0 l'\u00e2me.<\/div>\n<div><\/div>\n<div>Achetez d\u00e8s maintenant une voiture de collection personnelle, assemblez-la de vos propres mains et elle prendra de plus en plus de valeur au fil du temps.<\/div>\n<div><\/div>\n<div><\/div>\n<div><strong>D\u00c9TAILS DU PRODUIT :<\/strong><\/div>\n<div>Dimensions du mod\u00e8le : 300*170*155 mm<\/div>\n<div>Dimensions de l'emballage : 374*243*28 mm<\/div>\n<div>Nombre de pi\u00e8ces : 315<\/div>\n<\/div>\n<div><\/div>\n<\/div>","protected":false},"excerpt":{"rendered":"<div>Ador\u00e9e par les enfants, les adultes et les personnes \u00e2g\u00e9es, la voiture r\u00e9tro reste un symbole universel de l'histoire et de la beaut\u00e9 de l'automobile, qui traverse les g\u00e9n\u00e9rations et devient de plus en plus populaire.<\/div>","protected":false},"featured_media":1187,"comment_status":"open","ping_status":"closed","template":"","meta":[],"product_brand":[],"product_cat":[73,88,74,76,89,90,91],"product_tag":[],"woo-feed-brand":[],"class_list":{"0":"post-1184","1":"product","2":"type-product","3":"status-publish","4":"has-post-thumbnail","6":"product_cat-puzzle-3d","7":"product_cat-puzzle-3d-adulti","8":"product_cat-puzzle-3d-in-legno","9":"product_cat-puzzle-3d-per-bambini","10":"product_cat-puzzle-meccanici-3d-in-legno","11":"product_cat-puzzle-meccanici-per-bambini","12":"product_cat-puzzle-meccanici-per-adulti","14":"first","15":"instock","16":"shipping-taxable","17":"purchasable","18":"product-type-simple"},"_links":{"self":[{"href":"https:\/\/puzzle3d.co\/fr\/wp-json\/wp\/v2\/product\/1184","targetHints":{"allow":["GET"]}}],"collection":[{"href":"https:\/\/puzzle3d.co\/fr\/wp-json\/wp\/v2\/product"}],"about":[{"href":"https:\/\/puzzle3d.co\/fr\/wp-json\/wp\/v2\/types\/product"}],"replies":[{"embeddable":true,"href":"https:\/\/puzzle3d.co\/fr\/wp-json\/wp\/v2\/comments?post=1184"}],"wp:featuredmedia":[{"embeddable":true,"href":"https:\/\/puzzle3d.co\/fr\/wp-json\/wp\/v2\/media\/1187"}],"wp:attachment":[{"href":"https:\/\/puzzle3d.co\/fr\/wp-json\/wp\/v2\/media?parent=1184"}],"wp:term":[{"taxonomy":"product_brand","embeddable":true,"href":"https:\/\/puzzle3d.co\/fr\/wp-json\/wp\/v2\/product_brand?post=1184"},{"taxonomy":"product_cat","embeddable":true,"href":"https:\/\/puzzle3d.co\/fr\/wp-json\/wp\/v2\/product_cat?post=1184"},{"taxonomy":"product_tag","embeddable":true,"href":"https:\/\/puzzle3d.co\/fr\/wp-json\/wp\/v2\/product_tag?post=1184"},{"taxonomy":"woo-feed-brand","embeddable":true,"href":"https:\/\/puzzle3d.co\/fr\/wp-json\/wp\/v2\/woo-feed-brand?post=1184"}],"curies":[{"name":"wp","href":"https:\/\/api.w.org\/{rel}","templated":true}]}}