{"id":1177,"date":"2023-02-06T10:20:19","date_gmt":"2023-02-06T10:20:19","guid":{"rendered":"https:\/\/puzzle3d.co\/product\/gramophone-puzzle-3d-copy\/"},"modified":"2026-01-02T05:29:01","modified_gmt":"2026-01-02T05:29:01","slug":"locomotive-a-vapeur-puzzle-mecanique","status":"publish","type":"product","link":"https:\/\/puzzle3d.co\/fr\/prodotto\/locomotiva-a-vapore-puzzle-meccanico\/","title":{"rendered":"Mod\u00e8le de train m\u00e9canique en bois, 325 pi\u00e8ces"},"content":{"rendered":"<div>\n<p><strong>Maquette de train m\u00e9canique en bois, 325 pi\u00e8ces - Locomotive \u00e0 vapeur<\/strong><\/p>\n<div>La premi\u00e8re locomotive au monde a \u00e9t\u00e9 invent\u00e9e en Angleterre par George Stephenson et son fils Robert en 1804.<\/div>\n<\/div>\n<div>\n<div>\n<div><\/div>\n<div>La population de l'Angleterre s'accro\u00eet, les usines se multiplient et il faut trouver un moyen de transporter les personnes et les marchandises sur de longues distances.<\/div>\n<div><\/div>\n<div>Elle \u00e9tait appel\u00e9e \"locomotive \u00e0 vapeur\" et sa vitesse maximale \u00e9tait de 16 km\/h.<\/div>\n<div><\/div>\n<div>Il est curieux qu'ils aient \u00e9t\u00e9 g\u00ean\u00e9s par des fermiers hostiles qui utilisaient des chevaux pour la traction et qui \u00e9taient m\u00e9contents que l'industrie ferroviaire provoque l'effondrement du march\u00e9 de l'avoine.<\/div>\n<div><\/div>\n<div>Int\u00e9ressant, n'est-ce pas ?<\/div>\n<div><\/div>\n<div>Vous pouvez maintenant assembler la premi\u00e8re locomotive avec un moteur en caoutchouc sans une seule goutte de colle. Les pi\u00e8ces en bois naturel lui conf\u00e8rent une touche vintage et un aspect sophistiqu\u00e9.<\/div>\n<div><\/div>\n<div>Cadeau pour toute la famille<\/div>\n<div><\/div>\n<div>Assemblez la locomotive m\u00e9canique avec un \u00eatre cher, comme il se doit pour un voyage. Mettez ensuite le v\u00e9hicule sur ses roues et c'est parti !<\/div>\n<div>Que voulez-vous mettre dans le wagon ? Il y a assez de place... (pour une bague, un billet ou une cl\u00e9).<\/div>\n<div><\/div>\n<div>\u00c0 la fin du voyage, placez cette merveilleuse locomotive dans un endroit visible de votre maison.<\/div>\n<div><\/div>\n<div>C'est un cadeau id\u00e9al pour tous les amoureux du voyage, les passionn\u00e9s de m\u00e9canique et les enfants jusqu'\u00e0 99 ans.<\/div>\n<div><\/div>\n<div>Maintenant que vous avez votre locomotive personnelle, profitez de voyages romantiques aussi souvent que possible !<\/div>\n<div><\/div>\n<div><\/div>\n<div><\/div>\n<div><strong>D\u00c9TAILS DU PRODUIT :<\/strong><\/div>\n<div>Dimensions du mod\u00e8le : 400*103*178 mm<\/div>\n<div>Dimensions de l'emballage : 245*188*30 mm<\/div>\n<div><strong>Nombre de pi\u00e8ces : 325<\/strong><\/div>\n<\/div>\n<div><\/div>\n<\/div>","protected":false},"excerpt":{"rendered":"<div>C'est un cadeau id\u00e9al pour tous les amoureux du voyage, les passionn\u00e9s de m\u00e9canique et les enfants jusqu'\u00e0 99 ans.<\/div>\n<p>&nbsp;<\/p>","protected":false},"featured_media":1180,"comment_status":"open","ping_status":"closed","template":"","meta":[],"product_brand":[],"product_cat":[73,108,88,74,76,89,90,91],"product_tag":[],"woo-feed-brand":[],"class_list":{"0":"post-1177","1":"product","2":"type-product","3":"status-publish","4":"has-post-thumbnail","6":"product_cat-puzzle-3d","7":"product_cat-modellismo-da-costruire-per-adulti","8":"product_cat-puzzle-3d-adulti","9":"product_cat-puzzle-3d-in-legno","10":"product_cat-puzzle-3d-per-bambini","11":"product_cat-puzzle-meccanici-3d-in-legno","12":"product_cat-puzzle-meccanici-per-bambini","13":"product_cat-puzzle-meccanici-per-adulti","15":"first","16":"instock","17":"shipping-taxable","18":"purchasable","19":"product-type-simple"},"_links":{"self":[{"href":"https:\/\/puzzle3d.co\/fr\/wp-json\/wp\/v2\/product\/1177","targetHints":{"allow":["GET"]}}],"collection":[{"href":"https:\/\/puzzle3d.co\/fr\/wp-json\/wp\/v2\/product"}],"about":[{"href":"https:\/\/puzzle3d.co\/fr\/wp-json\/wp\/v2\/types\/product"}],"replies":[{"embeddable":true,"href":"https:\/\/puzzle3d.co\/fr\/wp-json\/wp\/v2\/comments?post=1177"}],"wp:featuredmedia":[{"embeddable":true,"href":"https:\/\/puzzle3d.co\/fr\/wp-json\/wp\/v2\/media\/1180"}],"wp:attachment":[{"href":"https:\/\/puzzle3d.co\/fr\/wp-json\/wp\/v2\/media?parent=1177"}],"wp:term":[{"taxonomy":"product_brand","embeddable":true,"href":"https:\/\/puzzle3d.co\/fr\/wp-json\/wp\/v2\/product_brand?post=1177"},{"taxonomy":"product_cat","embeddable":true,"href":"https:\/\/puzzle3d.co\/fr\/wp-json\/wp\/v2\/product_cat?post=1177"},{"taxonomy":"product_tag","embeddable":true,"href":"https:\/\/puzzle3d.co\/fr\/wp-json\/wp\/v2\/product_tag?post=1177"},{"taxonomy":"woo-feed-brand","embeddable":true,"href":"https:\/\/puzzle3d.co\/fr\/wp-json\/wp\/v2\/woo-feed-brand?post=1177"}],"curies":[{"name":"wp","href":"https:\/\/api.w.org\/{rel}","templated":true}]}}