{"id":1139,"date":"2023-02-03T13:44:29","date_gmt":"2023-02-03T13:44:29","guid":{"rendered":"https:\/\/puzzle3d.co\/product\/moara-de-vant-puzzle-3d-mecanic-copy\/"},"modified":"2026-01-02T05:29:02","modified_gmt":"2026-01-02T05:29:02","slug":"maison-de-chat-en-bois-noir","status":"publish","type":"product","link":"https:\/\/puzzle3d.co\/fr\/prodotto\/casetta-per-gatti-in-legno-nero\/","title":{"rendered":"Maison pour chat en bois 152 pi\u00e8ces"},"content":{"rendered":"<p><strong>Maison pour chat en bois de 152 pi\u00e8ces de diff\u00e9rentes couleurs<\/strong><\/p>\n<div>\n<div>Lorsqu'ils r\u00eavent, les chats agitent leurs pattes, ronronnent et sourient. Apr\u00e8s un r\u00eave agr\u00e9able, ils sont d'une humeur extraordinaire : ils offrent \u00e0 leur propri\u00e9taire beaucoup d'affection et de caresses.<\/div>\n<div><\/div>\n<div>Nous savons \u00e0 quel point vous tenez \u00e0 votre animal de compagnie. C'est pourquoi les pi\u00e8ces de bois naturel sont coup\u00e9es et assembl\u00e9es de mani\u00e8re si id\u00e9ale qu'aucune goutte de colle n'est n\u00e9cessaire. Juste une couverture douce.<\/div>\n<div><\/div>\n<div>La maison de jeu en bois est comme une d\u00e9claration d'amour au chat. Aimez-la autant qu'elle vous aime.<\/div>\n<div><\/div>\n<div>Maison pour chat en bois avec fourrure. Livr\u00e9e en 4 couleurs diff\u00e9rentes :<\/div>\n<\/div>\n<ul>\n<li>petite maison noire \u00e0 fourrure blanche<\/li>\n<li>maison blanche \u00e0 fourrure noire<\/li>\n<li>maison blanche avec fourrure rose<\/li>\n<li>maison en bois avec fourrure blanche.<\/li>\n<\/ul>\n<div>\n<div><\/div>\n<div><strong>D\u00c9TAILS DU PRODUIT :<\/strong><\/div>\n<div><\/div>\n<div>Dimensions du mod\u00e8le : 480*362*456 mm<\/div>\n<div>Dimensions de l'emballage : 580*380*40 mm<\/div>\n<div>Nombre de pi\u00e8ces : 152<\/div>\n<\/div>\n<div><\/div>","protected":false},"excerpt":{"rendered":"<div><\/div>\n<p>&nbsp;<\/p>","protected":false},"featured_media":2672,"comment_status":"open","ping_status":"closed","template":"","meta":[],"product_brand":[],"product_cat":[99],"product_tag":[],"woo-feed-brand":[],"class_list":{"0":"post-1139","1":"product","2":"type-product","3":"status-publish","4":"has-post-thumbnail","6":"product_cat-casette-per-gatti-da-interno","8":"first","9":"instock","10":"shipping-taxable","11":"purchasable","12":"product-type-variable"},"_links":{"self":[{"href":"https:\/\/puzzle3d.co\/fr\/wp-json\/wp\/v2\/product\/1139","targetHints":{"allow":["GET"]}}],"collection":[{"href":"https:\/\/puzzle3d.co\/fr\/wp-json\/wp\/v2\/product"}],"about":[{"href":"https:\/\/puzzle3d.co\/fr\/wp-json\/wp\/v2\/types\/product"}],"replies":[{"embeddable":true,"href":"https:\/\/puzzle3d.co\/fr\/wp-json\/wp\/v2\/comments?post=1139"}],"wp:featuredmedia":[{"embeddable":true,"href":"https:\/\/puzzle3d.co\/fr\/wp-json\/wp\/v2\/media\/2672"}],"wp:attachment":[{"href":"https:\/\/puzzle3d.co\/fr\/wp-json\/wp\/v2\/media?parent=1139"}],"wp:term":[{"taxonomy":"product_brand","embeddable":true,"href":"https:\/\/puzzle3d.co\/fr\/wp-json\/wp\/v2\/product_brand?post=1139"},{"taxonomy":"product_cat","embeddable":true,"href":"https:\/\/puzzle3d.co\/fr\/wp-json\/wp\/v2\/product_cat?post=1139"},{"taxonomy":"product_tag","embeddable":true,"href":"https:\/\/puzzle3d.co\/fr\/wp-json\/wp\/v2\/product_tag?post=1139"},{"taxonomy":"woo-feed-brand","embeddable":true,"href":"https:\/\/puzzle3d.co\/fr\/wp-json\/wp\/v2\/woo-feed-brand?post=1139"}],"curies":[{"name":"wp","href":"https:\/\/api.w.org\/{rel}","templated":true}]}}