{"id":457,"date":"2023-01-12T16:12:45","date_gmt":"2023-01-12T16:12:45","guid":{"rendered":"https:\/\/puzzle3d.co\/?page_id=457"},"modified":"2025-02-16T07:17:23","modified_gmt":"2025-02-16T07:17:23","slug":"qui-nous-sommes","status":"publish","type":"page","link":"https:\/\/puzzle3d.co\/fr\/chi-siamo\/","title":{"rendered":"A propos de nous"},"content":{"rendered":"<section class=\"section\" id=\"section_2044153425\">\n\t\t<div class=\"section-bg fill\" >\n\t\t\t\t\t\t\t\t\t\n\t\t\t\n\n\t\t<\/div>\n\n\t\t\n\n\t\t<div class=\"section-content relative\">\n\t\t\t\n<div class=\"row row-collapse row-full-width align-middle\"  id=\"row-1564455183\">\n\n\t<div id=\"col-595065441\" class=\"col medium-12 small-12 large-6\"  >\n\t\t\t\t<div class=\"col-inner\"  >\n\t\t\t\n\t\t\t\n\t<div id=\"gap-84204561\" class=\"gap-element clearfix\" style=\"display:block; height:auto;\">\n\t\t\n<style>\n#gap-84204561 {\n  padding-top: 50px;\n}\n<\/style>\n\t<\/div>\n\t\n<div class=\"row align-center\"  id=\"row-1535835043\">\n\n\t<div id=\"col-993246479\" class=\"col small-12 large-12\"  >\n\t\t\t\t<div class=\"col-inner text-center\"  >\n\t\t\t\n\t\t\t\n\t<div id=\"text-531909578\" class=\"text\">\n\t\t\n<h1 class=\"uppercase\">A propos de nous<\/h1>\n\t\t\n<style>\n#text-531909578 {\n  font-size: 1.75rem;\n}\n@media (min-width:550px) {\n  #text-531909578 {\n    font-size: 2rem;\n  }\n}\n<\/style>\n\t<\/div>\n\t\n<div>Nous sommes distributeurs officiels de la marque Ewa Eco Wood Art Italia. Mod\u00e8les m\u00e9caniques sous forme de b\u00e2tisseur \u00e0 assembler soi-m\u00eame (sans colle ni outils sp\u00e9ciaux), puzzles, jouets, souvenirs et cadeaux d'entreprise en mat\u00e9riaux naturels.<\/div>\n<div><\/div>\n<div>Dans un monde de plus en plus press\u00e9, nous avons d\u00e9cid\u00e9 de r\u00e9unir la famille et les amis pour passer du temps de qualit\u00e9 en assemblant une <a class=\"wpil_keyword_link\" title=\"scie sauteuse\" href=\"https:\/\/puzzle3d.co\/collection\/puzzle-3d\/\" data-wpil-keyword-link=\"linked\">scie sauteuse<\/a>.<\/div>\n<div><\/div>\n<div>Nos valeurs sont la famille, la sant\u00e9 et la nature.<\/div>\n<div>Si, dans chaque famille, il existe une culture qui consiste \u00e0 r\u00e9soudre le puzzle ensemble, sur fond de communication profonde et authentique, cela signifiera que notre mission sera accomplie.<\/div>\n<div><\/div>\n<div>Des recherches men\u00e9es par des neurochirurgiens et des professeurs de psychologie ont d\u00e9montr\u00e9 les effets b\u00e9n\u00e9fiques des puzzles sur la sant\u00e9 du cerveau et le comportement humain.<\/div>\n<div><\/div>\n<div>Les mat\u00e9riaux durables et le respect de la nature sont l'une de nos pr\u00e9occupations. Les pi\u00e8ces sont en bois et sont assembl\u00e9es sans la moindre goutte de colle.<\/div>\n<div><\/div>\n<div>De plus en plus d'adultes sont conscients de ces avantages et choisissent de faire des puzzles un passe-temps accessible et int\u00e9ressant. Et nous nous en r\u00e9jouissons !<\/div>\n<div>La pand\u00e9mie nous a appris la vraie valeur de la communication et de la rencontre avec les personnes qui nous sont ch\u00e8res. Alors n'h\u00e9sitez pas : choisissez votre puzzle pr\u00e9f\u00e9r\u00e9 et vivez la vie en beaut\u00e9 !<\/div>\n<div><\/div>\n<div>Notre conviction est que \"la beaut\u00e9 sauvera le monde\". Et \u00e0 l'\u00e8re de la technologie et de la robotique, cr\u00e9er quelque chose de beau de ses propres mains, c'est comme voler dans le ciel avec ses propres ailes.<\/div>\n\t<div id=\"gap-317351240\" class=\"gap-element clearfix\" style=\"display:block; height:auto;\">\n\t\t\n<style>\n#gap-317351240 {\n  padding-top: 20px;\n}\n@media (min-width:550px) {\n  #gap-317351240 {\n    padding-top: 0px;\n  }\n}\n<\/style>\n\t<\/div>\n\t\n<a href=\"https:\/\/puzzle3d.co\/\" class=\"button secondary is-underline\" >\n\t\t<span>d\u00e9couvrir<\/span>\n\t<\/a>\n\n\t\t<\/div>\n\t\t\t\t\n<style>\n#col-993246479 > .col-inner {\n  padding: 30px 5% 30px 5%;\n}\n@media (min-width:550px) {\n  #col-993246479 > .col-inner {\n    padding: 50px 10% 50px 10%;\n  }\n}\n@media (min-width:850px) {\n  #col-993246479 > .col-inner {\n    padding: 0px 5% 0px 5%;\n  }\n}\n<\/style>\n\t<\/div>\n\n\t\n<\/div>\n\t\t<\/div>\n\t\t\t\t\t<\/div>\n\n\t\n\n\t<div id=\"col-190269451\" class=\"col medium-12 small-12 large-6\"  >\n\t\t\t\t<div class=\"col-inner\" style=\"background-color:rgb(255, 255, 255);\" >\n\t\t\t\n\t\t\t\n<div class=\"slider-wrapper relative\" id=\"slider-79154195\" >\n    <div class=\"slider slider-nav-circle slider-nav-large slider-nav-light slider-style-container\"\n        data-flickity-options='{            \"cellAlign\": \"center\",            \"imagesLoaded\": true,            \"lazyLoad\": 1,            \"freeScroll\": true,            \"wrapAround\": true,            \"autoPlay\": 100,            \"pauseAutoPlayOnHover\" : false,            \"prevNextButtons\": false,            \"contain\" : true,            \"adaptiveHeight\" : true,            \"dragThreshold\" : 10,            \"percentPosition\": true,            \"pageDots\": true,            \"rightToLeft\": false,            \"draggable\": true,            \"selectedAttraction\": 0.1,            \"parallax\" : 0,            \"friction\": 0.6        }'\n        >\n        \n\n  <div class=\"banner has-hover\" id=\"banner-767731532\">\n          <div class=\"banner-inner fill\">\n        <div class=\"banner-bg fill\" >\n            <img loading=\"lazy\" decoding=\"async\" width=\"1000\" height=\"650\" src=\"https:\/\/puzzle3d.co\/wp-content\/uploads\/2013\/12\/tren-abur2.jpg\" class=\"bg attachment-large size-large\" alt=\"\">                                    \n                    <\/div>\n\t\t\n        <div class=\"banner-layers container\">\n            <div class=\"fill banner-link\"><\/div>            \n   <div id=\"text-box-817995673\" class=\"text-box banner-layer x50 md-x50 lg-x50 y50 md-y50 lg-y50 res-text\">\n                                <div class=\"text-box-content text dark\">\n              \n              <div class=\"text-inner text-center\">\n                  \n              <\/div>\n           <\/div>\n                            \n<style>\n#text-box-817995673 {\n  width: 60%;\n}\n#text-box-817995673 .text-box-content {\n  font-size: 100%;\n}\n<\/style>\n    <\/div>\n \n        <\/div>\n      <\/div>\n\n            \n<style>\n#banner-767731532 {\n  padding-top: 300px;\n  background-color: rgba(255, 255, 255, 0);\n}\n#banner-767731532 .banner-bg img {\n  object-position: 28% 50%;\n}\n@media (min-width:550px) {\n  #banner-767731532 {\n    padding-top: 450px;\n  }\n}\n@media (min-width:850px) {\n  #banner-767731532 {\n    padding-top: 750px;\n  }\n}\n<\/style>\n  <\/div>\n\n\n\n  <div class=\"banner has-hover\" id=\"banner-1600822405\">\n          <div class=\"banner-inner fill\">\n        <div class=\"banner-bg fill\" >\n            <img loading=\"lazy\" decoding=\"async\" width=\"1000\" height=\"650\" src=\"https:\/\/puzzle3d.co\/wp-content\/uploads\/2023\/01\/caine.jpg\" class=\"bg attachment-large size-large\" alt=\"\">                                    \n                    <\/div>\n\t\t\n        <div class=\"banner-layers container\">\n            <div class=\"fill banner-link\"><\/div>            \n   <div id=\"text-box-1130425884\" class=\"text-box banner-layer x50 md-x50 lg-x50 y50 md-y50 lg-y50 res-text\">\n                                <div class=\"text-box-content text dark\">\n              \n              <div class=\"text-inner text-center\">\n                  \n              <\/div>\n           <\/div>\n                            \n<style>\n#text-box-1130425884 {\n  width: 60%;\n}\n#text-box-1130425884 .text-box-content {\n  font-size: 100%;\n}\n<\/style>\n    <\/div>\n \n        <\/div>\n      <\/div>\n\n            \n<style>\n#banner-1600822405 {\n  padding-top: 300px;\n  background-color: rgba(255, 255, 255, 0);\n}\n#banner-1600822405 .banner-bg img {\n  object-position: 41% 8%;\n}\n@media (min-width:550px) {\n  #banner-1600822405 {\n    padding-top: 450px;\n  }\n}\n@media (min-width:850px) {\n  #banner-1600822405 {\n    padding-top: 750px;\n  }\n}\n<\/style>\n  <\/div>\n\n\n\n  <div class=\"banner has-hover\" id=\"banner-897446752\">\n          <div class=\"banner-inner fill\">\n        <div class=\"banner-bg fill\" >\n            <img loading=\"lazy\" decoding=\"async\" width=\"1000\" height=\"650\" src=\"https:\/\/puzzle3d.co\/wp-content\/uploads\/2023\/01\/lion.jpg\" class=\"bg attachment-large size-large\" alt=\"\">                                    \n                    <\/div>\n\t\t\n        <div class=\"banner-layers container\">\n            <div class=\"fill banner-link\"><\/div>            \n   <div id=\"text-box-91752466\" class=\"text-box banner-layer x50 md-x50 lg-x50 y50 md-y50 lg-y50 res-text\">\n                                <div class=\"text-box-content text dark\">\n              \n              <div class=\"text-inner text-center\">\n                  \n              <\/div>\n           <\/div>\n                            \n<style>\n#text-box-91752466 {\n  width: 60%;\n}\n#text-box-91752466 .text-box-content {\n  font-size: 100%;\n}\n<\/style>\n    <\/div>\n \n        <\/div>\n      <\/div>\n\n            \n<style>\n#banner-897446752 {\n  padding-top: 300px;\n  background-color: rgba(255, 255, 255, 0);\n}\n#banner-897446752 .banner-bg img {\n  object-position: 42% 48%;\n}\n@media (min-width:550px) {\n  #banner-897446752 {\n    padding-top: 450px;\n  }\n}\n@media (min-width:850px) {\n  #banner-897446752 {\n    padding-top: 750px;\n  }\n}\n<\/style>\n  <\/div>\n\n\n     <\/div>\n\n     <div class=\"loading-spin dark large centered\"><\/div>\n\n\t<\/div>\n\n\n\t<div id=\"gap-1176017567\" class=\"gap-element clearfix\" style=\"display:block; height:auto;\">\n\t\t\n<style>\n#gap-1176017567 {\n  padding-top: 30px;\n}\n<\/style>\n\t<\/div>\n\t\n<div class=\"row\"  id=\"row-991095398\">\n\n\t<div id=\"col-1048912127\" class=\"col small-12 large-12\"  >\n\t\t\t\t<div class=\"col-inner\"  >\n\t\t\t\n\t\t\t\n<div class=\"row row-solid\"  id=\"row-1543947509\">\n\n\t<div id=\"col-634860091\" class=\"col medium-4 small-12 large-4\"  >\n\t\t\t\t<div class=\"col-inner text-center\"  >\n\t\t\t\n\t\t\t\n\t<div id=\"gap-1667287202\" class=\"gap-element clearfix\" style=\"display:block; height:auto;\">\n\t\t\n<style>\n#gap-1667287202 {\n  padding-top: 5px;\n}\n<\/style>\n\t<\/div>\n\t\n\t<div id=\"text-1309040051\" class=\"text\">\n\t\t\n<h4>Sans cola<\/h4>\n\t\t\n<style>\n#text-1309040051 {\n  line-height: 0.75;\n}\n<\/style>\n\t<\/div>\n\t\n\t\t<\/div>\n\t\t\t\t\t<\/div>\n\n\t\n\n\t<div id=\"col-562409259\" class=\"col medium-4 small-12 large-4\"  >\n\t\t\t\t<div class=\"col-inner text-center\"  >\n\t\t\t\n\t\t\t\n\t<div id=\"gap-1565747727\" class=\"gap-element clearfix\" style=\"display:block; height:auto;\">\n\t\t\n<style>\n#gap-1565747727 {\n  padding-top: 5px;\n}\n<\/style>\n\t<\/div>\n\t\n\t<div id=\"text-3654145041\" class=\"text\">\n\t\t\n<h4>Durable<\/h4>\n\t\t\n<style>\n#text-3654145041 {\n  line-height: 0.75;\n}\n<\/style>\n\t<\/div>\n\t\n\t\t<\/div>\n\t\t\t\t\t<\/div>\n\n\t\n\n\t<div id=\"col-734248115\" class=\"col medium-4 small-12 large-4\"  >\n\t\t\t\t<div class=\"col-inner text-center\"  >\n\t\t\t\n\t\t\t\n\t<div id=\"gap-1150063221\" class=\"gap-element clearfix\" style=\"display:block; height:auto;\">\n\t\t\n<style>\n#gap-1150063221 {\n  padding-top: 5px;\n}\n<\/style>\n\t<\/div>\n\t\n\t<div id=\"text-3374837203\" class=\"text\">\n\t\t\n<h4>Cr\u00e9atif<\/h4>\n\t\t\n<style>\n#text-3374837203 {\n  line-height: 0.75;\n}\n<\/style>\n\t<\/div>\n\t\n\t\t<\/div>\n\t\t\t\t\t<\/div>\n\n\t\n<\/div>\n\t\t<\/div>\n\t\t\t\t\n<style>\n#col-1048912127 > .col-inner {\n  padding: 0px 5% 0px 5%;\n  margin: 0px 0px 0px 0px;\n}\n@media (min-width:850px) {\n  #col-1048912127 > .col-inner {\n    padding: 0px 10% 0px 10%;\n    margin: 0px 0px -15px 0px;\n  }\n}\n<\/style>\n\t<\/div>\n\n\t\n<\/div>\n\t\t<\/div>\n\t\t\t\t\t<\/div>\n\n\t\n<\/div>\n\t\t<\/div>\n\n\t\t\n<style>\n#section_2044153425 {\n  padding-top: 50px;\n  padding-bottom: 50px;\n  background-color: rgb(237, 236, 232);\n}\n<\/style>\n\t<\/section>","protected":false},"excerpt":{"rendered":"","protected":false},"author":10,"featured_media":0,"parent":0,"menu_order":0,"comment_status":"closed","ping_status":"closed","template":"","meta":{"footnotes":""},"class_list":["post-457","page","type-page","status-publish","hentry"],"_links":{"self":[{"href":"https:\/\/puzzle3d.co\/fr\/wp-json\/wp\/v2\/pages\/457","targetHints":{"allow":["GET"]}}],"collection":[{"href":"https:\/\/puzzle3d.co\/fr\/wp-json\/wp\/v2\/pages"}],"about":[{"href":"https:\/\/puzzle3d.co\/fr\/wp-json\/wp\/v2\/types\/page"}],"author":[{"embeddable":true,"href":"https:\/\/puzzle3d.co\/fr\/wp-json\/wp\/v2\/users\/10"}],"replies":[{"embeddable":true,"href":"https:\/\/puzzle3d.co\/fr\/wp-json\/wp\/v2\/comments?post=457"}],"version-history":[{"count":0,"href":"https:\/\/puzzle3d.co\/fr\/wp-json\/wp\/v2\/pages\/457\/revisions"}],"wp:attachment":[{"href":"https:\/\/puzzle3d.co\/fr\/wp-json\/wp\/v2\/media?parent=457"}],"curies":[{"name":"wp","href":"https:\/\/api.w.org\/{rel}","templated":true}]}}