{"id":3152,"date":"2023-11-21T11:55:37","date_gmt":"2023-11-21T11:55:37","guid":{"rendered":"https:\/\/puzzle3d.co\/?page_id=3152"},"modified":"2024-10-23T17:10:27","modified_gmt":"2024-10-23T17:10:27","slug":"conditions-generales","status":"publish","type":"page","link":"https:\/\/puzzle3d.co\/fr\/termini-e-condizioni\/","title":{"rendered":"Conditions g\u00e9n\u00e9rales d'utilisation"},"content":{"rendered":"<section class=\"section\" id=\"section_963362011\">\n\t\t<div class=\"section-bg fill\" >\n\t\t\t\t\t\t\t\t\t\n\t\t\t\n\n\t\t<\/div>\n\n\t\t\n\n\t\t<div class=\"section-content relative\">\n\t\t\t\n<div class=\"row\"  id=\"row-1416949137\">\n\n\t<div id=\"col-1175191723\" class=\"col small-12 large-12\"  >\n\t\t\t\t<div class=\"col-inner text-center\"  >\n\t\t\t\n\t\t\t\n<div class=\"container section-title-container\">\n<h1 class=\"section-title section-title-normal\" style=\"text-align: left;\"><span class=\"section-title-main\">CONDITIONS G\u00c9N\u00c9RALES<\/span><\/h1>\n<\/div>\n<div id=\"cmplz-document\" class=\"cmplz-document cmplz-terms-conditions\">\n<p style=\"text-align: left;\"><i>Les conditions g\u00e9n\u00e9rales ont \u00e9t\u00e9 mises \u00e0 jour pour la derni\u00e8re fois le 11 d\u00e9cembre 2022.<\/i><\/p>\n<h2 style=\"text-align: left;\">1. Introduction<\/h2>\n<p style=\"text-align: left;\">Les pr\u00e9sentes conditions g\u00e9n\u00e9rales s'appliquent \u00e0 ce site web et aux transactions relatives \u00e0 nos produits et services. Vous pouvez \u00eatre li\u00e9 par des accords suppl\u00e9mentaires relatifs \u00e0 votre relation avec nous ou \u00e0 tout produit ou service que vous recevez de notre part. Si l'une des dispositions des accords suppl\u00e9mentaires est en contradiction avec l'une des dispositions des pr\u00e9sentes conditions, ce sont les dispositions de ces accords suppl\u00e9mentaires qui pr\u00e9vaudront.<\/p>\n<h2 style=\"text-align: left;\">2. Obligation<\/h2>\n<p style=\"text-align: left;\">En vous inscrivant, en acc\u00e9dant ou en utilisant d'une autre mani\u00e8re ce site web, vous acceptez d'\u00eatre li\u00e9 par les conditions g\u00e9n\u00e9rales ci-dessous. Le simple fait d'utiliser ce site web signifie que vous reconnaissez et acceptez ces conditions. Dans certains cas particuliers, nous pouvons \u00e9galement vous demander votre consentement explicite.<\/p>\n<h2 style=\"text-align: left;\">3. Communication \u00e9lectronique<\/h2>\n<p style=\"text-align: left;\">En utilisant ce site web ou en communiquant avec nous par voie \u00e9lectronique, vous acceptez et reconnaissez que nous pouvons communiquer avec vous par voie \u00e9lectronique sur notre site web ou en vous envoyant un courrier \u00e9lectronique, et vous acceptez que tous les accords, avis, divulgations et autres communications que nous vous fournissons par voie \u00e9lectronique satisfont \u00e0 toute exigence l\u00e9gale, y compris, mais sans s'y limiter, l'exigence que ces communications soient faites par \u00e9crit.<\/p>\n<h2 style=\"text-align: left;\">4. Propri\u00e9t\u00e9 intellectuelle<\/h2>\n<p style=\"text-align: left;\">Nous ou nos conc\u00e9dants de licence d\u00e9tenons et contr\u00f4lons tous les droits d'auteur et autres droits de propri\u00e9t\u00e9 intellectuelle sur le site web et les donn\u00e9es, informations et autres ressources affich\u00e9es ou accessibles sur le site web.<\/p>\n<p class=\"cmplz-subtitle\" style=\"text-align: left;\">4.1 Tous droits r\u00e9serv\u00e9s<\/p>\n<p style=\"text-align: left;\">Sauf indication contraire dans le contenu sp\u00e9cifique, aucune licence ni aucun autre droit ne vous sont accord\u00e9s en vertu d'un droit d'auteur, d'une marque, d'un brevet ou d'un autre droit de propri\u00e9t\u00e9 intellectuelle. Cela signifie que vous ne pouvez pas utiliser, copier, reproduire, ex\u00e9cuter, afficher, distribuer, incorporer dans un support \u00e9lectronique, modifier, d\u00e9compiler, transf\u00e9rer, t\u00e9l\u00e9charger, transmettre, mon\u00e9tiser, vendre ou commercialiser les ressources de ce site web sous quelque forme que ce soit, sans notre autorisation \u00e9crite pr\u00e9alable, sauf et uniquement dans la mesure o\u00f9 des dispositions l\u00e9gales imp\u00e9ratives (telles que le droit de citation) en disposent autrement.<\/p>\n<h2 style=\"text-align: left;\">5. Bulletin d'information<\/h2>\n<p style=\"text-align: left;\">Nonobstant ce qui pr\u00e9c\u00e8de, il est possible de transmettre notre bulletin d'information sous forme \u00e9lectronique \u00e0 d'autres personnes susceptibles d'\u00eatre int\u00e9ress\u00e9es par notre site web.<\/p>\n<h2 style=\"text-align: left;\">6. Biens de tiers<\/h2>\n<p style=\"text-align: left;\">Notre site web peut inclure des hyperliens ou d'autres r\u00e9f\u00e9rences \u00e0 des sites web d'autres parties. Nous ne contr\u00f4lons ni n'examinons le contenu des sites web d'autres parties qui sont li\u00e9s au pr\u00e9sent site web. Les produits ou services offerts par d'autres sites web sont soumis aux conditions g\u00e9n\u00e9rales applicables de ces tiers. Les opinions exprim\u00e9es ou le mat\u00e9riel apparaissant sur ces sites web ne sont pas n\u00e9cessairement avalis\u00e9s ou approuv\u00e9s par nous.<\/p>\n<p style=\"text-align: left;\">Nous ne sommes pas responsables des pratiques en mati\u00e8re de protection de la vie priv\u00e9e ou du contenu de ces sites. Vous assumez tous les risques li\u00e9s \u00e0 l'utilisation de ces sites web et de tout service tiers connexe. Nous d\u00e9clinons toute responsabilit\u00e9 en cas de perte ou de dommage, quelle qu'en soit la cause, r\u00e9sultant de la divulgation d'informations personnelles \u00e0 des tiers.<\/p>\n<h2 style=\"text-align: left;\">7. Utilisation responsable<\/h2>\n<p style=\"text-align: left;\">En visitant notre site web, vous acceptez de l'utiliser uniquement aux fins pr\u00e9vues et autoris\u00e9es par les pr\u00e9sentes conditions, par tout accord suppl\u00e9mentaire conclu avec nous, par les lois et r\u00e9glementations applicables, ainsi que par les pratiques en ligne g\u00e9n\u00e9ralement accept\u00e9es et les lignes directrices de l'industrie. Vous ne pouvez pas utiliser notre site web ou nos services pour utiliser, publier ou distribuer du mat\u00e9riel qui consiste en (ou est li\u00e9 \u00e0) des logiciels informatiques malveillants ; utiliser les donn\u00e9es collect\u00e9es sur notre site web pour des activit\u00e9s de marketing direct ; ou mener des activit\u00e9s de collecte de donn\u00e9es syst\u00e9matiques ou automatis\u00e9es sur ou en relation avec notre site web.<\/p>\n<p style=\"text-align: left;\">Il est strictement interdit de s'engager dans une activit\u00e9 qui cause, ou peut causer, des dommages au site web ou qui interf\u00e8re avec la performance, la disponibilit\u00e9 ou l'accessibilit\u00e9 du site web.<\/p>\n<h2 style=\"text-align: left;\">8. L'inscription<\/h2>\n<p style=\"text-align: left;\">Vous pouvez cr\u00e9er un compte sur notre site web. Au cours de cette proc\u00e9dure, il peut vous \u00eatre demand\u00e9 de choisir un mot de passe. Vous \u00eates responsable de la confidentialit\u00e9 de vos mots de passe et des informations relatives \u00e0 votre compte et vous vous engagez \u00e0 ne pas partager vos mots de passe, les informations relatives \u00e0 votre compte ou l'acc\u00e8s prot\u00e9g\u00e9 \u00e0 notre site web ou \u00e0 nos services avec une autre personne. Vous ne devez pas permettre \u00e0 une autre personne d'utiliser votre compte pour acc\u00e9der au site web, car vous \u00eates responsable de toutes les activit\u00e9s qui se produisent par l'utilisation de vos mots de passe ou de votre compte. Vous devez nous informer imm\u00e9diatement de toute divulgation de votre mot de passe.<\/p>\n<p style=\"text-align: left;\">Apr\u00e8s avoir ferm\u00e9 votre compte, vous ne tenterez pas d'ouvrir un nouveau compte sans notre autorisation.<\/p>\n<h2 style=\"text-align: left;\">9. Politique de remboursement et de retour<\/h2>\n<p class=\"cmplz-subtitle\" style=\"text-align: left;\">9.1 Droit de retrait<\/p>\n<p style=\"text-align: left;\">Vous avez le droit de r\u00e9silier le pr\u00e9sent contrat dans un d\u00e9lai de 14 jours sans donner de raison.<\/p>\n<p style=\"text-align: left;\">Le d\u00e9lai de r\u00e9tractation expire 14 jours apr\u00e8s le jour o\u00f9 vous acqu\u00e9rez, ou un tiers autre que le transporteur indiqu\u00e9 par vous acquiert, la possession physique des biens.<\/p>\n<p style=\"text-align: left;\">Pour exercer votre droit de r\u00e9tractation, vous devez nous informer de votre d\u00e9cision de r\u00e9tractation du pr\u00e9sent contrat par une d\u00e9claration sans \u00e9quivoque (par exemple, lettre envoy\u00e9e par la poste, t\u00e9l\u00e9copie ou courrier \u00e9lectronique). Vous trouverez nos coordonn\u00e9es ci-dessous. Vous pouvez utiliser le mod\u00e8le ci-joint\u00a0<a href=\"https:\/\/grillnbbq.it\/wp-content\/uploads\/complianz\/withdrawal-forms\/withdrawal-form-it.pdf\" target=\"_blank\" rel=\"noopener\">Formulaire de retrait<\/a>mais ce n'est pas obligatoire.<\/p>\n<p style=\"text-align: left;\">Si vous utilisez cette option, nous vous informerons sans d\u00e9lai de la r\u00e9ception de cette r\u00e9tractation sur un support durable (par exemple, par courrier \u00e9lectronique).<\/p>\n<p style=\"text-align: left;\">Pour respecter le d\u00e9lai de r\u00e9tractation, il suffit que vous envoyiez votre communication concernant l'exercice du droit de r\u00e9tractation avant l'expiration du d\u00e9lai de r\u00e9tractation.<\/p>\n<p class=\"cmplz-subtitle\" style=\"text-align: left;\">9.2 Effets du sevrage<\/p>\n<p style=\"text-align: left;\">En cas de r\u00e9tractation de votre part du pr\u00e9sent contrat, nous vous rembourserons tous les paiements re\u00e7us de vous, y compris les frais de livraison (\u00e0 l'exception des frais suppl\u00e9mentaires d\u00e9coulant du fait que vous avez choisi un mode de livraison autre que le mode de livraison standard le moins co\u00fbteux propos\u00e9 par nous), sans retard excessif et, en tout \u00e9tat de cause, au plus tard 14 jours \u00e0 compter du jour o\u00f9 nous sommes inform\u00e9s de votre d\u00e9cision de r\u00e9tractation du pr\u00e9sent contrat. Nous effectuerons ce remboursement en utilisant le m\u00eame moyen de paiement que celui que vous avez utilis\u00e9 pour la transaction initiale, sauf si vous en avez express\u00e9ment convenu autrement ; en tout \u00e9tat de cause, aucun frais ne vous sera imput\u00e9 au titre de ce remboursement.<\/p>\n<p style=\"text-align: left;\">Nous r\u00e9cup\u00e9rons les marchandises.<\/p>\n<p style=\"text-align: left;\">Vous devrez supporter les co\u00fbts directs de renvoi des marchandises.<\/p>\n<p style=\"text-align: left;\">Vous n'\u00eates responsable que de la d\u00e9pr\u00e9ciation des marchandises r\u00e9sultant de manipulations autres que celles n\u00e9cessaires pour \u00e9tablir la nature, les caract\u00e9ristiques et le fonctionnement des marchandises.<\/p>\n<p style=\"text-align: left;\">Veuillez noter qu'il existe des exceptions l\u00e9gales au droit de r\u00e9tractation et que certains articles ne peuvent donc pas \u00eatre retourn\u00e9s ou \u00e9chang\u00e9s. Nous vous informerons si cela s'applique \u00e0 votre cas particulier.<\/p>\n<h2 style=\"text-align: left;\">10. Soumission d'id\u00e9es<\/h2>\n<p style=\"text-align: left;\">Ne soumettez pas d'id\u00e9es, d'inventions, de travaux d'auteur ou d'autres informations pouvant \u00eatre consid\u00e9r\u00e9es comme votre propre propri\u00e9t\u00e9 intellectuelle que vous souhaitez nous soumettre, \u00e0 moins que nous n'ayons pr\u00e9alablement sign\u00e9 un accord de propri\u00e9t\u00e9 intellectuelle ou un accord de non-divulgation. Si vous nous le divulguez sans un tel accord \u00e9crit, vous nous accordez une licence mondiale, irr\u00e9vocable, non exclusive et libre de redevances pour utiliser, reproduire, stocker, adapter, publier, traduire et distribuer votre contenu dans tous les m\u00e9dias existants ou futurs.<\/p>\n<h2 style=\"text-align: left;\">11. Fin de l'utilisation<\/h2>\n<p style=\"text-align: left;\">Nous pouvons, \u00e0 notre seule discr\u00e9tion, modifier ou supprimer \u00e0 tout moment votre acc\u00e8s, de mani\u00e8re temporaire ou permanente, au site web ou \u00e0 tout service qu'il propose. Vous acceptez que nous ne soyons pas responsables envers vous ou envers un tiers de toute modification, suspension ou interruption de votre acc\u00e8s ou de votre utilisation du site web ou de tout contenu que vous avez pu partager sur le site web. Vous n'aurez droit \u00e0 aucune indemnit\u00e9 ni \u00e0 aucun autre paiement, m\u00eame si des fonctions, des param\u00e8tres et\/ou des contenus auxquels vous avez contribu\u00e9 ou sur lesquels vous vous \u00eates appuy\u00e9 sont d\u00e9finitivement perdus. Il vous est interdit de contourner ou d'\u00e9luder, ou de tenter de contourner ou d'\u00e9luder, toute mesure de restriction d'acc\u00e8s \u00e0 notre site web.<\/p>\n<h2 style=\"text-align: left;\">12. Garanties et responsabilit\u00e9<\/h2>\n<p style=\"text-align: left;\">Aucune disposition de la pr\u00e9sente section ne limite ou n'exclut une garantie implicite en vertu de la loi qu'il serait ill\u00e9gal de limiter ou d'exclure. Ce site web et tout son contenu sont fournis \"en l'\u00e9tat\" et \"tels que disponibles\" et peuvent comporter des inexactitudes ou des erreurs typographiques. Nous d\u00e9clinons express\u00e9ment toute garantie, expresse ou implicite, quant \u00e0 la disponibilit\u00e9, l'exactitude ou l'exhaustivit\u00e9 du contenu. Nous ne garantissons pas que :<\/p>\n<ul style=\"text-align: left;\">\n<li>ce site web ou nos produits et services r\u00e9pondent \u00e0 vos besoins ;<\/li>\n<li>ce site web sera disponible de mani\u00e8re ininterrompue, opportune, s\u00fbre ou sans erreur ;<\/li>\n<li>la qualit\u00e9 de tout produit ou service achet\u00e9 ou obtenu par l'interm\u00e9diaire de ce site web r\u00e9pondra \u00e0 vos attentes.<\/li>\n<\/ul>\n<p style=\"text-align: left;\">Rien sur ce site ne constitue ou n'est destin\u00e9 \u00e0 constituer un conseil juridique, financier ou m\u00e9dical de quelque nature que ce soit. Si vous avez besoin d'un conseil, vous devez consulter un professionnel appropri\u00e9.<\/p>\n<p style=\"text-align: left;\">Les dispositions suivantes de la pr\u00e9sente section s'appliquent dans toute la mesure permise par la loi applicable et ne limitent ni n'excluent notre responsabilit\u00e9 \u00e0 l'\u00e9gard de toute question qu'il serait ill\u00e9gal ou illicite pour nous de limiter ou d'exclure notre responsabilit\u00e9. Nous ne serons en aucun cas responsables des dommages directs ou indirects (y compris les dommages li\u00e9s \u00e0 la perte de b\u00e9n\u00e9fices ou de revenus, \u00e0 la perte ou \u00e0 la corruption de donn\u00e9es, de logiciels ou de bases de donn\u00e9es, ou \u00e0 la perte ou \u00e0 l'endommagement de biens ou de donn\u00e9es) subis par vous ou par un tiers et r\u00e9sultant de votre acc\u00e8s \u00e0 notre site web ou de votre utilisation de celui-ci.<\/p>\n<p style=\"text-align: left;\">Sauf dans la mesure o\u00f9 un accord compl\u00e9mentaire stipule express\u00e9ment le contraire, notre responsabilit\u00e9 maximale envers vous pour tous les dommages d\u00e9coulant de ou li\u00e9s au site web ou \u00e0 tous les produits et services commercialis\u00e9s ou vendus par l'interm\u00e9diaire du site web, quelle que soit la forme d'action imposant la responsabilit\u00e9 (qu'il s'agisse de contrat, d'\u00e9quit\u00e9, de n\u00e9gligence, de faute intentionnelle, de d\u00e9lit civil ou autre) est limit\u00e9e \u00e0 500. Cette limite s'applique globalement \u00e0 l'ensemble de vos r\u00e9clamations, actions et causes d'action de tout type et de toute nature.<\/p>\n<h2 style=\"text-align: left;\">13. Protection de la vie priv\u00e9e<\/h2>\n<p style=\"text-align: left;\">Pour acc\u00e9der \u00e0 notre site web et\/ou \u00e0 nos services, il peut vous \u00eatre demand\u00e9 de fournir certaines informations vous concernant dans le cadre de la proc\u00e9dure d'enregistrement. Vous vous engagez \u00e0 ce que les informations que vous fournissez soient toujours exactes, correctes et \u00e0 jour.<\/p>\n<p style=\"text-align: left;\">Nous prenons vos donn\u00e9es personnelles au s\u00e9rieux et nous nous engageons \u00e0 prot\u00e9ger votre vie priv\u00e9e. Nous n'utiliserons pas votre adresse \u00e9lectronique pour envoyer des courriers non sollicit\u00e9s. Tout courrier \u00e9lectronique que nous vous enverrons sera uniquement li\u00e9 \u00e0 la fourniture de produits ou de services convenus.<\/p>\n<p style=\"text-align: left;\">Nous avons \u00e9labor\u00e9 une politique visant \u00e0 r\u00e9pondre \u00e0 toute pr\u00e9occupation que vous pourriez avoir en mati\u00e8re de protection de la vie priv\u00e9e. Pour plus d'informations, veuillez consulter notre\u00a0<a href=\"https:\/\/puzzle3d.co\/dichiarazione-sulla-privacy-ue\/\">D\u00e9claration de confidentialit\u00e9<\/a>\u00a0et notre\u00a0<a href=\"https:\/\/puzzle3d.co\/cookie-policy-eu\/\">Politique en mati\u00e8re de cookies.<\/a><\/p>\n<h2 style=\"text-align: left;\">14. L'accessibilit\u00e9<\/h2>\n<p style=\"text-align: left;\">Nous nous engageons \u00e0 rendre le contenu que nous fournissons accessible aux personnes handicap\u00e9es. Si vous \u00eates handicap\u00e9 et que vous ne pouvez pas acc\u00e9der \u00e0 une partie de notre site web en raison de votre handicap, veuillez nous en informer en incluant une description d\u00e9taill\u00e9e du probl\u00e8me que vous avez rencontr\u00e9. Si le probl\u00e8me est facilement identifiable et peut \u00eatre r\u00e9solu \u00e0 l'aide d'outils et de techniques informatiques standard, nous le r\u00e9soudrons rapidement.<\/p>\n<h2 style=\"text-align: left;\">15. Restrictions \u00e0 l'exportation\/conformit\u00e9 juridique<\/h2>\n<p style=\"text-align: left;\">L'acc\u00e8s au site web \u00e0 partir de territoires ou de pays o\u00f9 le contenu ou l'achat de produits ou de services vendus sur le site web est ill\u00e9gal est interdit. Vous ne pouvez pas utiliser ce site web en violation des lois et r\u00e9glementations italiennes en mati\u00e8re d'exportation.<\/p>\n<h2 style=\"text-align: left;\">16. Marketing d'affiliation<\/h2>\n<p style=\"text-align: left;\">Par l'interm\u00e9diaire de ce site web, nous pouvons nous engager dans un marketing d'affiliation o\u00f9 nous recevons un pourcentage ou une commission sur la vente de services ou de produits sur ou par l'interm\u00e9diaire de ce site web. Nous pouvons \u00e9galement accepter des parrainages ou d'autres formes de compensation publicitaire de la part d'entreprises. L'objectif de cette divulgation est de se conformer aux exigences l\u00e9gales en mati\u00e8re de marketing et de publicit\u00e9 qui peuvent s'appliquer, telles que les r\u00e8gles de la Commission f\u00e9d\u00e9rale du commerce des \u00c9tats-Unis.<\/p>\n<h2 style=\"text-align: left;\">17. Affectation<\/h2>\n<p style=\"text-align: left;\">Vous ne pouvez pas c\u00e9der, transf\u00e9rer ou sous-traiter l'un quelconque de vos droits et\/ou obligations au titre des pr\u00e9sentes conditions g\u00e9n\u00e9rales, en tout ou en partie, \u00e0 un tiers sans notre consentement \u00e9crit pr\u00e9alable. Toute pr\u00e9tendue cession en violation de la pr\u00e9sente section est nulle et non avenue.<\/p>\n<h2 style=\"text-align: left;\">18. Violation des pr\u00e9sentes conditions g\u00e9n\u00e9rales<\/h2>\n<p style=\"text-align: left;\">Sans pr\u00e9judice de nos autres droits en vertu des pr\u00e9sentes conditions g\u00e9n\u00e9rales, si vous enfreignez les pr\u00e9sentes conditions g\u00e9n\u00e9rales de quelque mani\u00e8re que ce soit, nous pouvons prendre les mesures que nous jugeons appropri\u00e9es pour rem\u00e9dier \u00e0 l'infraction, y compris suspendre temporairement ou d\u00e9finitivement votre acc\u00e8s au site web, contacter votre fournisseur d'acc\u00e8s \u00e0 Internet pour lui demander de bloquer votre acc\u00e8s au site web, et\/ou intenter une action en justice contre vous.<\/p>\n<h2 style=\"text-align: left;\">19. Force majeure<\/h2>\n<p style=\"text-align: left;\">\u00c0 l'exception des obligations de paiement, aucun retard, manquement ou omission par l'une ou l'autre partie d'ex\u00e9cuter ou de respecter l'une de ses obligations ne sera consid\u00e9r\u00e9 comme une violation des pr\u00e9sentes conditions g\u00e9n\u00e9rales si et aussi longtemps que ce retard, ce manquement ou cette omission r\u00e9sulte d'une cause \u00e9chappant au contr\u00f4le raisonnable de cette partie.<\/p>\n<h2 style=\"text-align: left;\">20. Indemnisation<\/h2>\n<p style=\"text-align: left;\">Vous acceptez de nous indemniser, de nous d\u00e9fendre et de nous d\u00e9gager de toute responsabilit\u00e9 en cas de r\u00e9clamation, de responsabilit\u00e9, de dommages, de pertes et de d\u00e9penses li\u00e9s \u00e0 votre violation des pr\u00e9sentes conditions g\u00e9n\u00e9rales et des lois applicables, y compris les droits de propri\u00e9t\u00e9 intellectuelle et les droits relatifs \u00e0 la protection de la vie priv\u00e9e. Vous nous rembourserez rapidement nos dommages, pertes, co\u00fbts et d\u00e9penses li\u00e9s \u00e0 ces r\u00e9clamations ou en d\u00e9coulant.<\/p>\n<h2 style=\"text-align: left;\">21. Renonciation<\/h2>\n<p style=\"text-align: left;\">Le fait de ne pas appliquer l'une des dispositions des pr\u00e9sentes conditions g\u00e9n\u00e9rales et de tout accord, ou de ne pas exercer une option de r\u00e9siliation, ne doit pas \u00eatre interpr\u00e9t\u00e9 comme une renonciation \u00e0 ces dispositions et n'affecte pas la validit\u00e9 des pr\u00e9sentes conditions g\u00e9n\u00e9rales ou de tout ou partie d'un accord, ni le droit ult\u00e9rieur d'appliquer une disposition individuelle.<\/p>\n<h2 style=\"text-align: left;\">22. Langue<\/h2>\n<p style=\"text-align: left;\">Les pr\u00e9sentes conditions g\u00e9n\u00e9rales seront interpr\u00e9t\u00e9es exclusivement en italien. Tous les avis et toute la correspondance doivent \u00eatre r\u00e9dig\u00e9s exclusivement dans cette langue.<\/p>\n<h2 style=\"text-align: left;\">23. Accord global<\/h2>\n<p style=\"text-align: left;\">Les pr\u00e9sentes conditions g\u00e9n\u00e9rales, ainsi que notre d\u00e9claration de confidentialit\u00e9 et notre politique en mati\u00e8re de cookies, constituent l'int\u00e9gralit\u00e9 de l'accord entre vous et MEDDYS di Saca Eugeniu &amp;C SNC en ce qui concerne l'utilisation de ce site web.<\/p>\n<h2 style=\"text-align: left;\">24. Mise \u00e0 jour des pr\u00e9sentes conditions g\u00e9n\u00e9rales<\/h2>\n<p style=\"text-align: left;\">Nous pouvons mettre \u00e0 jour les pr\u00e9sentes conditions g\u00e9n\u00e9rales de temps \u00e0 autre. Il vous incombe de v\u00e9rifier p\u00e9riodiquement si ces conditions ont \u00e9t\u00e9 modifi\u00e9es ou mises \u00e0 jour. La date indiqu\u00e9e en t\u00eate des pr\u00e9sentes conditions g\u00e9n\u00e9rales est la date de la derni\u00e8re r\u00e9vision. Les modifications apport\u00e9es aux pr\u00e9sentes conditions g\u00e9n\u00e9rales entreront en vigueur lorsqu'elles seront publi\u00e9es sur ce site web. En continuant \u00e0 utiliser ce site web apr\u00e8s la publication des modifications ou des mises \u00e0 jour, vous serez r\u00e9put\u00e9 avoir accept\u00e9 de vous conformer aux pr\u00e9sentes conditions et d'\u00eatre li\u00e9 par elles.<\/p>\n<h2 style=\"text-align: left;\">25. Choix de la loi et de la juridiction<\/h2>\n<p style=\"text-align: left;\">Les pr\u00e9sentes conditions g\u00e9n\u00e9rales sont r\u00e9gies par les lois italiennes. Tout litige relatif aux pr\u00e9sentes conditions g\u00e9n\u00e9rales sera soumis \u00e0 la juridiction des tribunaux italiens. Si une partie ou une disposition des pr\u00e9sentes conditions g\u00e9n\u00e9rales est jug\u00e9e invalide et\/ou inapplicable par un tribunal ou une autre autorit\u00e9 en vertu de la loi applicable, cette partie ou cette disposition sera modifi\u00e9e, supprim\u00e9e et\/ou appliqu\u00e9e dans toute la mesure du possible afin de donner effet \u00e0 l'intention des pr\u00e9sentes conditions g\u00e9n\u00e9rales. Les autres dispositions ne sont pas affect\u00e9es.<\/p>\n<h2 style=\"text-align: left;\">26. Informations sur les contacts<\/h2>\n<p style=\"text-align: left;\">Ce site web est d\u00e9tenu et g\u00e9r\u00e9 par MEDDYS di Saca Eugeniu &amp;C SNC.<\/p>\n<p style=\"text-align: left;\">Vous pouvez nous contacter au sujet des pr\u00e9sentes conditions g\u00e9n\u00e9rales en nous \u00e9crivant ou en nous envoyant un courrier \u00e9lectronique \u00e0 l'adresse suivante : info@puzzle3d.co<\/p>\n<p style=\"text-align: left;\">Adresse :<\/p>\n<h4 style=\"text-align: left;\"><strong>Puzzles en 3D<br \/><\/strong>(MEDDYS SNC)<\/h4>\n<p style=\"text-align: left;\"><span id=\"Via_Cipro_125124_BresciaItalia\">Via Bologna, 10<br \/>25073 Bovezzo (BS)<br \/><\/span>Italie<\/p>\n<p style=\"text-align: left;\">https:\/\/puzzle3d.co<br \/>support@puzzle3d.co<br \/>T\u00e9l. +39 371 5394 647<\/p>\n<\/div>\n\t\t<\/div>\n\t\t\t\t\t<\/div>\n\n\t\n<\/div>\n\t\t<\/div>\n\n\t\t\n<style>\n#section_963362011 {\n  padding-top: 60px;\n  padding-bottom: 60px;\n  min-height: 300px;\n  background-color: rgb(245, 245, 245);\n}\n<\/style>\n\t<\/section>","protected":false},"excerpt":{"rendered":"","protected":false},"author":10,"featured_media":0,"parent":0,"menu_order":0,"comment_status":"closed","ping_status":"closed","template":"","meta":{"footnotes":""},"class_list":["post-3152","page","type-page","status-publish","hentry"],"_links":{"self":[{"href":"https:\/\/puzzle3d.co\/fr\/wp-json\/wp\/v2\/pages\/3152","targetHints":{"allow":["GET"]}}],"collection":[{"href":"https:\/\/puzzle3d.co\/fr\/wp-json\/wp\/v2\/pages"}],"about":[{"href":"https:\/\/puzzle3d.co\/fr\/wp-json\/wp\/v2\/types\/page"}],"author":[{"embeddable":true,"href":"https:\/\/puzzle3d.co\/fr\/wp-json\/wp\/v2\/users\/10"}],"replies":[{"embeddable":true,"href":"https:\/\/puzzle3d.co\/fr\/wp-json\/wp\/v2\/comments?post=3152"}],"version-history":[{"count":0,"href":"https:\/\/puzzle3d.co\/fr\/wp-json\/wp\/v2\/pages\/3152\/revisions"}],"wp:attachment":[{"href":"https:\/\/puzzle3d.co\/fr\/wp-json\/wp\/v2\/media?parent=3152"}],"curies":[{"name":"wp","href":"https:\/\/api.w.org\/{rel}","templated":true}]}}