{"id":3037,"date":"2023-11-15T18:15:18","date_gmt":"2023-11-15T18:15:18","guid":{"rendered":"https:\/\/puzzle3d.co\/?page_id=3037"},"modified":"2025-02-16T07:14:26","modified_gmt":"2025-02-16T07:14:26","slug":"declaration-de-confidentialite-de-lue","status":"publish","type":"page","link":"https:\/\/puzzle3d.co\/fr\/dichiarazione-sulla-privacy-ue\/","title":{"rendered":"D\u00e9claration de confidentialit\u00e9 (UE)"},"content":{"rendered":"<h1><span id=\"Dichiarazione_sulla_Privacy_UE\"><strong>D\u00e9claration de confidentialit\u00e9 (UE)<\/strong><\/span><\/h1>\n<p><em>Cette d\u00e9claration de confidentialit\u00e9 a \u00e9t\u00e9 mise \u00e0 jour le 21 octobre 2022 et s'applique aux citoyens et aux r\u00e9sidents permanents de l'Espace \u00e9conomique europ\u00e9en et de la Suisse.<\/em><\/p>\n<p>Dans cette d\u00e9claration de confidentialit\u00e9, nous expliquons ce que nous faisons des donn\u00e9es que nous obtenons de vous par l'interm\u00e9diaire de https:\/\/puzzle3d.co. Nous vous recommandons de lire attentivement cette d\u00e9claration. Lors du traitement des donn\u00e9es, nous respectons les exigences de la l\u00e9gislation relative \u00e0 la protection de la vie priv\u00e9e. Cela signifie, entre autres, que :<\/p>\n<ul>\n<li>nous communiquons clairement les raisons pour lesquelles nous traitons des donn\u00e9es \u00e0 caract\u00e8re personnel. Nous le faisons par le biais de cette d\u00e9claration de confidentialit\u00e9 ;<\/li>\n<li>Nous visons \u00e0 limiter la collecte de donn\u00e9es \u00e0 caract\u00e8re personnel aux seules donn\u00e9es n\u00e9cessaires \u00e0 des fins l\u00e9gitimes ;<\/li>\n<li>nous demandons d'abord votre consentement explicite pour traiter vos donn\u00e9es \u00e0 caract\u00e8re personnel dans les cas n\u00e9cessitant votre consentement ;<\/li>\n<li>Nous prenons des mesures de s\u00e9curit\u00e9 appropri\u00e9es pour prot\u00e9ger vos donn\u00e9es \u00e0 caract\u00e8re personnel et nous l'exigeons \u00e9galement des parties qui traitent des donn\u00e9es \u00e0 caract\u00e8re personnel en notre nom ;<\/li>\n<li>nous respectons votre droit d'acc\u00e9der \u00e0 vos donn\u00e9es personnelles ou de les faire corriger ou supprimer \u00e0 votre demande.<\/li>\n<\/ul>\n<p>Si vous avez des questions ou si vous souhaitez savoir exactement quelles donn\u00e9es nous stockons, veuillez nous contacter.<\/p>\n<ol>\n<li><strong>Finalit\u00e9, donn\u00e9es et dur\u00e9e de conservation<\/strong><\/li>\n<\/ol>\n<p>Nous pouvons collecter ou recevoir des informations personnelles \u00e0 diverses fins li\u00e9es \u00e0 nos activit\u00e9s commerciales, notamment les suivantes : (cliquez pour agrandir)<\/p>\n<h3><span id=\"11_Contatto_8211_Tramite_telefono_posta_email_eo_moduli_web\">1.1 Contact - par t\u00e9l\u00e9phone, courrier, courriel et\/ou formulaires web<\/span><\/h3>\n<p><strong>Nous utilisons les donn\u00e9es suivantes \u00e0 cette fin :<\/strong><\/p>\n<ul>\n<li>Un nom et un pr\u00e9nom<\/li>\n<li>Nom du compte ou alias<\/li>\n<li>Une maison ou une adresse physique diff\u00e9rente, y compris le nom de la rue et la ville<\/li>\n<li>Une adresse \u00e9lectronique<\/li>\n<li>Un num\u00e9ro de t\u00e9l\u00e9phone<\/li>\n<li>Adresse IP<\/li>\n<li>les informations relatives \u00e0 l'activit\u00e9 sur Internet, y compris, mais sans s'y limiter, l'historique de navigation, l'historique de recherche et les informations relatives \u00e0 l'interaction d'un utilisateur avec un site Internet, une application ou une publicit\u00e9<\/li>\n<li>Donn\u00e9es de g\u00e9olocalisation<\/li>\n<\/ul>\n<p><strong>La base sur laquelle nous traitons les donn\u00e9es est la suivante :<\/strong><\/p>\n<p><a href=\"https:\/\/cookiedatabase.org\/legal-bases\/#consent\" target=\"_blank\" rel=\"noopener\">Sur consentement.<\/a><\/p>\n<p><strong>P\u00e9riode de stockage<\/strong><\/p>\n<p>En cas de cessation du service, nous conservons ces donn\u00e9es pendant la p\u00e9riode suivante : 24 mois.<\/p>\n<h3><span id=\"12_Pagamenti\">1.2 Paiements<\/span><\/h3>\n<p><strong>Nous utilisons les donn\u00e9es suivantes \u00e0 cette fin :<\/strong><\/p>\n<ul>\n<li>Un nom et un pr\u00e9nom<\/li>\n<li>Nom du compte ou alias<\/li>\n<li>Une maison ou une adresse physique diff\u00e9rente, y compris le nom de la rue et la ville<\/li>\n<li>Une adresse \u00e9lectronique<\/li>\n<li>Un num\u00e9ro de t\u00e9l\u00e9phone<\/li>\n<li>Adresse IP<\/li>\n<li>les informations relatives \u00e0 l'activit\u00e9 sur Internet, y compris, mais sans s'y limiter, l'historique de navigation, l'historique de recherche et les informations relatives \u00e0 l'interaction d'un utilisateur avec un site Internet, une application ou une publicit\u00e9<\/li>\n<\/ul>\n<p><strong>La base sur laquelle nous traitons les donn\u00e9es est la suivante :<\/strong><\/p>\n<p><a href=\"https:\/\/cookiedatabase.org\/legal-bases\/#consent\" target=\"_blank\" rel=\"noopener\">Sur consentement.<\/a><\/p>\n<p><strong>P\u00e9riode de stockage<\/strong><\/p>\n<p>En cas de cessation du service, nous conservons ces donn\u00e9es pendant la p\u00e9riode suivante : 24 mois.<\/p>\n<h3><span id=\"13_Registrazione_account\">1.3 Enregistrement du compte<\/span><\/h3>\n<p><strong>Nous utilisons les donn\u00e9es suivantes \u00e0 cette fin :<\/strong><\/p>\n<ul>\n<li>Un nom et un pr\u00e9nom<\/li>\n<li>Nom du compte ou alias<\/li>\n<li>Une maison ou une adresse physique diff\u00e9rente, y compris le nom de la rue et la ville<\/li>\n<li>Une adresse \u00e9lectronique<\/li>\n<li>Un num\u00e9ro de t\u00e9l\u00e9phone<\/li>\n<li>Adresse IP<\/li>\n<li>les informations relatives \u00e0 l'activit\u00e9 sur Internet, y compris, mais sans s'y limiter, l'historique de navigation, l'historique de recherche et les informations relatives \u00e0 l'interaction d'un utilisateur avec un site Internet, une application ou une publicit\u00e9<\/li>\n<\/ul>\n<p><strong>La base sur laquelle nous traitons les donn\u00e9es est la suivante :<\/strong><\/p>\n<p><a href=\"https:\/\/cookiedatabase.org\/legal-bases\/#consent\" target=\"_blank\" rel=\"noopener\">Sur consentement.<\/a><\/p>\n<p><strong>P\u00e9riode de stockage<\/strong><\/p>\n<p>En cas de cessation du service, nous conservons ces donn\u00e9es pendant la p\u00e9riode suivante : 24 mois.<\/p>\n<h3><span id=\"14_Newsletter\">1.4 Bulletin d'information<\/span><\/h3>\n<p><strong>Nous utilisons les donn\u00e9es suivantes \u00e0 cette fin :<\/strong><\/p>\n<ul>\n<li>Un nom et un pr\u00e9nom<\/li>\n<li>Nom du compte ou alias<\/li>\n<li>Une maison ou une adresse physique diff\u00e9rente, y compris le nom de la rue et la ville<\/li>\n<li>Une adresse \u00e9lectronique<\/li>\n<li>Un num\u00e9ro de t\u00e9l\u00e9phone<\/li>\n<li>Adresse IP<\/li>\n<li>les informations relatives \u00e0 l'activit\u00e9 sur Internet, y compris, mais sans s'y limiter, l'historique de navigation, l'historique de recherche et les informations relatives \u00e0 l'interaction d'un utilisateur avec un site Internet, une application ou une publicit\u00e9<\/li>\n<\/ul>\n<p><strong>La base sur laquelle nous traitons les donn\u00e9es est la suivante :<\/strong><\/p>\n<p><a href=\"https:\/\/cookiedatabase.org\/legal-bases\/#consent\" target=\"_blank\" rel=\"noopener\">Sur consentement.<\/a><\/p>\n<p><strong>P\u00e9riode de stockage<\/strong><\/p>\n<p>En cas de cessation du service, nous conservons ces donn\u00e9es pendant la p\u00e9riode suivante : 24 mois.<\/p>\n<h3><span id=\"15_Per_supportare_servizi_o_prodotti_che_un_cliente_vogliono_o_hanno_comprato\">1.5 Soutenir les services ou les produits qu'un client souhaite ou a achet\u00e9s<\/span><\/h3>\n<p><strong>Nous utilisons les donn\u00e9es suivantes \u00e0 cette fin :<\/strong><\/p>\n<ul>\n<li>Un nom et un pr\u00e9nom<\/li>\n<li>Nom du compte ou alias<\/li>\n<li>Une maison ou une adresse physique diff\u00e9rente, y compris le nom de la rue et la ville<\/li>\n<li>Une adresse \u00e9lectronique<\/li>\n<li>Un num\u00e9ro de t\u00e9l\u00e9phone<\/li>\n<li>Adresse IP<\/li>\n<li>les informations relatives \u00e0 l'activit\u00e9 sur Internet, y compris, mais sans s'y limiter, l'historique de navigation, l'historique de recherche et les informations relatives \u00e0 l'interaction d'un utilisateur avec un site Internet, une application ou une publicit\u00e9<\/li>\n<li>Donn\u00e9es de g\u00e9olocalisation<\/li>\n<\/ul>\n<p><strong>La base sur laquelle nous traitons les donn\u00e9es est la suivante :<\/strong><\/p>\n<p><a href=\"https:\/\/cookiedatabase.org\/legal-bases\/#consent\" target=\"_blank\" rel=\"noopener\">Sur consentement.<\/a><\/p>\n<p><strong>P\u00e9riode de stockage<\/strong><\/p>\n<p>En cas de cessation du service, nous conservons ces donn\u00e9es pendant la p\u00e9riode suivante : 24 mois.<\/p>\n<h3><span id=\"16_Per_essere_in_grado_di_rispettare_gli_obblighi_legali\">1.6 Pour \u00eatre en mesure de respecter les obligations l\u00e9gales<\/span><\/h3>\n<p><strong>Nous utilisons les donn\u00e9es suivantes \u00e0 cette fin :<\/strong><\/p>\n<ul>\n<li>Un nom et un pr\u00e9nom<\/li>\n<li>Nom du compte ou alias<\/li>\n<li>Une maison ou une adresse physique diff\u00e9rente, y compris le nom de la rue et la ville<\/li>\n<li>Une adresse \u00e9lectronique<\/li>\n<li>Un num\u00e9ro de t\u00e9l\u00e9phone<\/li>\n<li>Adresse IP<\/li>\n<li>les informations relatives \u00e0 l'activit\u00e9 sur Internet, y compris, mais sans s'y limiter, l'historique de navigation, l'historique de recherche et les informations relatives \u00e0 l'interaction d'un utilisateur avec un site Internet, une application ou une publicit\u00e9<\/li>\n<\/ul>\n<p><strong>La base sur laquelle nous traitons les donn\u00e9es est la suivante :<\/strong><\/p>\n<p><a href=\"https:\/\/cookiedatabase.org\/legal-bases\/#consent\" target=\"_blank\" rel=\"noopener\">Sur consentement.<\/a><\/p>\n<p><strong>P\u00e9riode de stockage<\/strong><\/p>\n<p>En cas de cessation du service, nous conservons ces donn\u00e9es pendant la p\u00e9riode suivante : 24 mois.<\/p>\n<h3><span id=\"17_Compilazione_ed_analisi_di_statistiche_per_migliore_il_sito\">1.7 Compilation et analyse de statistiques pour am\u00e9liorer le site.<\/span><\/h3>\n<p><strong>Nous utilisons les donn\u00e9es suivantes \u00e0 cette fin :<\/strong><\/p>\n<ul>\n<li>Un nom et un pr\u00e9nom<\/li>\n<li>Nom du compte ou alias<\/li>\n<li>Une maison ou une adresse physique diff\u00e9rente, y compris le nom de la rue et la ville<\/li>\n<li>Une adresse \u00e9lectronique<\/li>\n<li>Un num\u00e9ro de t\u00e9l\u00e9phone<\/li>\n<li>Adresse IP<\/li>\n<li>les informations relatives \u00e0 l'activit\u00e9 sur Internet, y compris, mais sans s'y limiter, l'historique de navigation, l'historique de recherche et les informations relatives \u00e0 l'interaction d'un utilisateur avec un site Internet, une application ou une publicit\u00e9<\/li>\n<li>Donn\u00e9es de g\u00e9olocalisation<\/li>\n<\/ul>\n<p><strong>La base sur laquelle nous traitons les donn\u00e9es est la suivante :<\/strong><\/p>\n<p><a href=\"https:\/\/cookiedatabase.org\/legal-bases\/#consent\" target=\"_blank\" rel=\"noopener\">Sur consentement.<\/a><\/p>\n<p><strong>P\u00e9riode de stockage<\/strong><\/p>\n<p>En cas de cessation du service, nous conservons ces donn\u00e9es pendant la p\u00e9riode suivante : 24 mois.<\/p>\n<h3><span id=\"18_Per_poter_offrire_prodotti_e_servizi_personalizzati\">1.8 Pour pouvoir offrir des produits et des services personnalis\u00e9s<\/span><\/h3>\n<p><strong>Nous utilisons les donn\u00e9es suivantes \u00e0 cette fin :<\/strong><\/p>\n<ul>\n<li>Un nom et un pr\u00e9nom<\/li>\n<li>Nom du compte ou alias<\/li>\n<li>Une maison ou une adresse physique diff\u00e9rente, y compris le nom de la rue et la ville<\/li>\n<li>Une adresse \u00e9lectronique<\/li>\n<li>Un num\u00e9ro de t\u00e9l\u00e9phone<\/li>\n<li>Adresse IP<\/li>\n<li>les informations relatives \u00e0 l'activit\u00e9 sur Internet, y compris, mais sans s'y limiter, l'historique de navigation, l'historique de recherche et les informations relatives \u00e0 l'interaction d'un utilisateur avec un site Internet, une application ou une publicit\u00e9<\/li>\n<li>Donn\u00e9es de g\u00e9olocalisation<\/li>\n<\/ul>\n<p><strong>La base sur laquelle nous traitons les donn\u00e9es est la suivante :<\/strong><\/p>\n<p><a href=\"https:\/\/cookiedatabase.org\/legal-bases\/#consent\" target=\"_blank\" rel=\"noopener\">Sur consentement.<\/a><\/p>\n<p><strong>P\u00e9riode de stockage<\/strong><\/p>\n<p>En cas de cessation du service, nous conservons ces donn\u00e9es pendant la p\u00e9riode suivante : 24 mois.<\/p>\n<ol start=\"2\">\n<li><strong>Cookies<\/strong><\/li>\n<\/ol>\n<p>Notre site web utilise des cookies. Pour plus d'informations sur les cookies, veuillez consulter notre Politique en mati\u00e8re de cookies.<\/p>\n<p>Nous avons conclu un accord de traitement des donn\u00e9es avec Google.<\/p>\n<p>Google ne peut pas utiliser ces donn\u00e9es pour d'autres services Google.<\/p>\n<ol start=\"3\">\n<li><strong>S\u00e9curit\u00e9<\/strong><\/li>\n<\/ol>\n<p>Nous nous engageons \u00e0 assurer la s\u00e9curit\u00e9 des donn\u00e9es \u00e0 caract\u00e8re personnel. Nous prenons des mesures de s\u00e9curit\u00e9 appropri\u00e9es pour limiter les abus et l'acc\u00e8s non autoris\u00e9 aux donn\u00e9es \u00e0 caract\u00e8re personnel. Cela garantit que seules les personnes n\u00e9cessaires ont acc\u00e8s \u00e0 vos donn\u00e9es, que l'acc\u00e8s aux donn\u00e9es est prot\u00e9g\u00e9 et que nos mesures de s\u00e9curit\u00e9 sont r\u00e9guli\u00e8rement r\u00e9vis\u00e9es.<\/p>\n<ol start=\"4\">\n<li><strong>Sites web de tiers<\/strong><\/li>\n<\/ol>\n<p>La pr\u00e9sente d\u00e9claration de confidentialit\u00e9 ne s'applique pas aux sites web de tiers li\u00e9s \u00e0 notre site web. Nous ne pouvons pas garantir que ces tiers traitent vos donn\u00e9es personnelles de mani\u00e8re fiable et s\u00fbre. Nous vous conseillons de lire les d\u00e9clarations de confidentialit\u00e9 de ces sites web avant de les utiliser.<\/p>\n<ol start=\"5\">\n<li><strong>Amendes sur cette d\u00e9claration de confidentialit\u00e9.<\/strong><\/li>\n<\/ol>\n<p>Nous nous r\u00e9servons le droit de modifier la pr\u00e9sente d\u00e9claration de confidentialit\u00e9. Nous vous recommandons de consulter r\u00e9guli\u00e8rement la pr\u00e9sente d\u00e9claration de confidentialit\u00e9 afin de prendre connaissance de toute modification. En outre, nous vous informerons activement dans la mesure du possible.<\/p>\n<ol start=\"6\">\n<li><strong>Acc\u00e9der \u00e0 vos donn\u00e9es et les modifier<\/strong><\/li>\n<\/ol>\n<p>Si vous avez des questions ou si vous souhaitez savoir exactement quelles sont les donn\u00e9es personnelles que nous d\u00e9tenons sur vous, veuillez nous contacter.<\/p>\n<ul>\n<li>Vous avez le droit de savoir quand vos donn\u00e9es personnelles sont n\u00e9cessaires, ce qu'il en advient et combien de temps elles seront conserv\u00e9es.<\/li>\n<li>Droit d'acc\u00e8s : vous avez le droit d'acc\u00e9der \u00e0 vos donn\u00e9es personnelles dont nous avons connaissance.<\/li>\n<li>Droit de rectification : vous avez le droit de compl\u00e9ter, de corriger, de supprimer ou de bloquer vos donn\u00e9es personnelles quand vous le souhaitez.<\/li>\n<li>Si vous avez des questions ou des probl\u00e8mes concernant l'accessibilit\u00e9 du site web, n'h\u00e9sitez pas \u00e0 nous contacter.<\/li>\n<li>Droit de transf\u00e9rer vos donn\u00e9es : vous avez le droit de demander au responsable du traitement de vous communiquer toutes vos donn\u00e9es et de les transf\u00e9rer \u00e0 un autre responsable du traitement.<\/li>\n<li>Droit d'opposition : vous avez le droit de vous opposer au traitement de vos donn\u00e9es. Nous respecterons ce choix, \u00e0 moins qu'il n'existe une base valable pour le traitement.<\/li>\n<\/ul>\n<p>Veillez \u00e0 toujours indiquer clairement qui vous \u00eates, afin d'\u00eatre s\u00fbr de ne pas supprimer ou modifier les donn\u00e9es d'une mauvaise personne.<\/p>\n<ol start=\"7\">\n<li><strong>Envoi d'une plainte<\/strong><\/li>\n<\/ol>\n<p>Si vous n'\u00eates pas satisfait de la mani\u00e8re dont nous traitons (une plainte concernant) le traitement de vos donn\u00e9es personnelles, vous avez le droit d'envoyer une plainte \u00e0 l'Autorit\u00e9 de protection des donn\u00e9es.<\/p>\n<ol start=\"8\">\n<li><strong>Coordonn\u00e9es de la personne \u00e0 contacter<\/strong><\/li>\n<\/ol>\n<p><strong>PUZZLE3D.CO<\/strong><br \/>\n<span style=\"font-size: 75%;\">(MEDDYS SNC)<\/span><\/p>\n<p>Via Bologna 10<br \/>\nBovezzo (BS) 25073<br \/>\nItalie<\/p>\n<p>Site web : https:\/\/puzzle3d.co<br \/>\nCourriel : support@puzzle3d.co<br \/>\nNum\u00e9ro de t\u00e9l\u00e9phone : 371 5394 647<\/p>","protected":false},"excerpt":{"rendered":"<p>Dichiarazione sulla Privacy (UE) Questa dichiarazione sulla privacy \u00e8 stata aggiornata l\u2019ultima volta il Ottobre 21, 2022 e si applica ai cittadini e ai residenti permanenti legali dello Spazio Economico Europeo e della Svizzera In questa dichiarazione sulla privacy, spieghiamo cosa facciamo con i dati che otteniamo da te attraverso\u00a0https:\/\/puzzle3d.co\u00a0Ti consigliamo di leggere attentamente la [&#8230;]\n","protected":false},"author":10,"featured_media":0,"parent":0,"menu_order":0,"comment_status":"closed","ping_status":"closed","template":"","meta":{"footnotes":""},"class_list":["post-3037","page","type-page","status-publish","hentry"],"_links":{"self":[{"href":"https:\/\/puzzle3d.co\/fr\/wp-json\/wp\/v2\/pages\/3037","targetHints":{"allow":["GET"]}}],"collection":[{"href":"https:\/\/puzzle3d.co\/fr\/wp-json\/wp\/v2\/pages"}],"about":[{"href":"https:\/\/puzzle3d.co\/fr\/wp-json\/wp\/v2\/types\/page"}],"author":[{"embeddable":true,"href":"https:\/\/puzzle3d.co\/fr\/wp-json\/wp\/v2\/users\/10"}],"replies":[{"embeddable":true,"href":"https:\/\/puzzle3d.co\/fr\/wp-json\/wp\/v2\/comments?post=3037"}],"version-history":[{"count":0,"href":"https:\/\/puzzle3d.co\/fr\/wp-json\/wp\/v2\/pages\/3037\/revisions"}],"wp:attachment":[{"href":"https:\/\/puzzle3d.co\/fr\/wp-json\/wp\/v2\/media?parent=3037"}],"curies":[{"name":"wp","href":"https:\/\/api.w.org\/{rel}","templated":true}]}}