{"id":942,"date":"2023-01-31T09:32:58","date_gmt":"2023-01-31T09:32:58","guid":{"rendered":"https:\/\/puzzle3d.co\/product\/kinetic-globe-puzzle-3d-copy\/"},"modified":"2025-06-11T19:04:17","modified_gmt":"2025-06-11T19:04:17","slug":"mekaaninen-tuulimylly-3d-palapeli","status":"publish","type":"product","link":"https:\/\/puzzle3d.co\/fi\/prodotto\/mulino-a-vento-meccanico-puzzle-3d\/","title":{"rendered":"Puinen mekaaninen tuulimylly rakennettavaksi 227 kpl"},"content":{"rendered":"<div>\n<div>\n<div>\n<p><strong>Puinen mekaaninen tuulimylly rakennettavaksi 227 kpl<\/strong><\/p>\n<\/div>\n<div><\/div>\n<div>Tuulimyllyt pelastivat Alankomaat tulvilta.<\/div>\n<div><\/div>\n<div>Miten se voisi \"pelastaa\" sinutkin?<\/div>\n<div><\/div>\n<div>Kokoa tuulimylly, kun haluat paeta rutiinia, katsella potkureiden py\u00f6rimist\u00e4, kun olet v\u00e4synyt, tai yksinkertaisesti antaa tuulimyllyn rakkaalle, ja h\u00e4n on hyvin kiitollinen.<\/div>\n<div><\/div>\n<div>T\u00e4ydellinen lahja luonnon yst\u00e4ville<\/div>\n<div><\/div>\n<div>Voit koota sen yhdess\u00e4 lapsesi kanssa. Pieni kumppanisi on innostunut t\u00e4st\u00e4 mallista ja kertoo samalla tarinaa, kuvittele, miten satoja vuosia sitten ihmiset jauhoivat jyvi\u00e4, viljaa, puristivat \u00f6ljy\u00e4, silppusivat tupakkaa ja jopa valmistivat paperia.<\/div>\n<div><\/div>\n<div>Muuten, ensimm\u00e4iset tuulimyllyt keksittiin noin 9. vuosisadalla muinaisessa Persiassa, ja ne levisi Eurooppaan noin 18. vuosisadalla.<\/div>\n<div><\/div>\n<div>Tuulimylly on huonekalu, jonka haluat laittaa esille sinne, miss\u00e4 viet\u00e4t suurimman osan ajastasi.<\/div>\n<div><\/div>\n<\/div>\n<div>\n<div><strong>TUOTETIEDOT:<\/strong><\/div>\n<div><\/div>\n<div>Mallin mitat: 195*340*400 mm<\/div>\n<div>Pakkauksen mitat: 375 x 243 x 20 mm<\/div>\n<div>Kappalem\u00e4\u00e4r\u00e4: 227<\/div>\n<\/div>\n<\/div>\n<div>\n<div><\/div>\n<\/div>","protected":false},"excerpt":{"rendered":"<div>Kokoa tuulimylly, kun haluat paeta rutiinia, katsella potkureiden py\u00f6rimist\u00e4, kun olet v\u00e4synyt, tai yksinkertaisesti antaa tuulimyllyn rakkaalle, ja h\u00e4n on hyvin kiitollinen.<\/div>\n<p>&nbsp;<\/p>","protected":false},"featured_media":948,"comment_status":"open","ping_status":"closed","template":"","meta":[],"product_brand":[],"product_cat":[73,74,76,89,90,91],"product_tag":[],"woo-feed-brand":[],"class_list":{"0":"post-942","1":"product","2":"type-product","3":"status-publish","4":"has-post-thumbnail","6":"product_cat-puzzle-3d","7":"product_cat-puzzle-3d-in-legno","8":"product_cat-puzzle-3d-per-bambini","9":"product_cat-puzzle-meccanici-3d-in-legno","10":"product_cat-puzzle-meccanici-per-bambini","11":"product_cat-puzzle-meccanici-per-adulti","13":"first","14":"instock","15":"shipping-taxable","16":"purchasable","17":"product-type-simple"},"_links":{"self":[{"href":"https:\/\/puzzle3d.co\/fi\/wp-json\/wp\/v2\/product\/942","targetHints":{"allow":["GET"]}}],"collection":[{"href":"https:\/\/puzzle3d.co\/fi\/wp-json\/wp\/v2\/product"}],"about":[{"href":"https:\/\/puzzle3d.co\/fi\/wp-json\/wp\/v2\/types\/product"}],"replies":[{"embeddable":true,"href":"https:\/\/puzzle3d.co\/fi\/wp-json\/wp\/v2\/comments?post=942"}],"wp:featuredmedia":[{"embeddable":true,"href":"https:\/\/puzzle3d.co\/fi\/wp-json\/wp\/v2\/media\/948"}],"wp:attachment":[{"href":"https:\/\/puzzle3d.co\/fi\/wp-json\/wp\/v2\/media?parent=942"}],"wp:term":[{"taxonomy":"product_brand","embeddable":true,"href":"https:\/\/puzzle3d.co\/fi\/wp-json\/wp\/v2\/product_brand?post=942"},{"taxonomy":"product_cat","embeddable":true,"href":"https:\/\/puzzle3d.co\/fi\/wp-json\/wp\/v2\/product_cat?post=942"},{"taxonomy":"product_tag","embeddable":true,"href":"https:\/\/puzzle3d.co\/fi\/wp-json\/wp\/v2\/product_tag?post=942"},{"taxonomy":"woo-feed-brand","embeddable":true,"href":"https:\/\/puzzle3d.co\/fi\/wp-json\/wp\/v2\/woo-feed-brand?post=942"}],"curies":[{"name":"wp","href":"https:\/\/api.w.org\/{rel}","templated":true}]}}