{"id":879,"date":"2023-01-26T12:35:38","date_gmt":"2023-01-26T12:35:38","guid":{"rendered":"https:\/\/puzzle3d.co\/product\/t-rex-tyrannosaurus-rex-puzzle-classic-lemn-puzzle-jigsaw-copy\/"},"modified":"2025-06-11T19:04:33","modified_gmt":"2025-06-11T19:04:33","slug":"kameleontti-2d-palapeli-puu","status":"publish","type":"product","link":"https:\/\/puzzle3d.co\/fi\/prodotto\/camaleonte-puzzle-2d-jigsaw-legno\/","title":{"rendered":"Kameleontti 2D puinen palapeli , 111 palaa"},"content":{"rendered":"<div>\n<p><strong>Kameleontti 2D puinen palapeli , 111 palaa<\/strong><\/p>\n<div><\/div>\n<\/div>\n<div>\n<div>\n<div>T\u00e4m\u00e4 kameleontti voi opettaa teille jotain perustavanlaatuista siit\u00e4, mit\u00e4 olemme kokeneet viimeisten kolmen vuoden aikana: sopeutumiskyky\u00e4.<\/div>\n<div><\/div>\n<div>Kameleontin hermosto ohjaa pigmenttej\u00e4 sis\u00e4lt\u00e4vi\u00e4 kromatofoorisoluja, joiden avulla se pystyy vaihtamaan v\u00e4ri\u00e4 ymp\u00e4rist\u00f6n mukaan.<\/div>\n<div><\/div>\n<div>Jos kaipaat vaihtelua, meditoi ja kokoa kameleonttipalapeli\u00e4. Keskit\u00e4 ajatuksesi ja saatat l\u00f6yt\u00e4\u00e4 vaihteeksi uusia ratkaisuja.<\/div>\n<div><\/div>\n<div>Jos haluat lis\u00e4haastetta ja enemm\u00e4n aikaa itsellesi, valitse L-koko, jossa on 505 palaa.<\/div>\n<div><\/div>\n<div><\/div>\n<div><strong>TUOTETIEDOT:<\/strong><\/div>\n<div>Mallin mitat: 371*280*5 mm<\/div>\n<div>Pakkauksen mitat: 255 x 192 x 42 mm<\/div>\n<div>Kappalem\u00e4\u00e4r\u00e4: 111<\/div>\n<\/div>\n<div><\/div>\n<\/div>","protected":false},"excerpt":{"rendered":"<p>T\u00e4m\u00e4 kameleontti voi opettaa teille jotain perustavanlaatuista siit\u00e4, mit\u00e4 olemme kokeneet viimeisten kolmen vuoden aikana: sopeutumiskyky\u00e4.<\/p>","protected":false},"featured_media":850,"comment_status":"open","ping_status":"closed","template":"","meta":[],"product_brand":[],"product_cat":[80,84,83],"product_tag":[],"woo-feed-brand":[],"class_list":{"0":"post-879","1":"product","2":"type-product","3":"status-publish","4":"has-post-thumbnail","6":"product_cat-puzzle-jigsaw","7":"product_cat-puzzle-jigsaw-in-legno","8":"product_cat-puzzle-jigsaw-bambini","10":"first","11":"instock","12":"shipping-taxable","13":"purchasable","14":"product-type-simple"},"_links":{"self":[{"href":"https:\/\/puzzle3d.co\/fi\/wp-json\/wp\/v2\/product\/879","targetHints":{"allow":["GET"]}}],"collection":[{"href":"https:\/\/puzzle3d.co\/fi\/wp-json\/wp\/v2\/product"}],"about":[{"href":"https:\/\/puzzle3d.co\/fi\/wp-json\/wp\/v2\/types\/product"}],"replies":[{"embeddable":true,"href":"https:\/\/puzzle3d.co\/fi\/wp-json\/wp\/v2\/comments?post=879"}],"wp:featuredmedia":[{"embeddable":true,"href":"https:\/\/puzzle3d.co\/fi\/wp-json\/wp\/v2\/media\/850"}],"wp:attachment":[{"href":"https:\/\/puzzle3d.co\/fi\/wp-json\/wp\/v2\/media?parent=879"}],"wp:term":[{"taxonomy":"product_brand","embeddable":true,"href":"https:\/\/puzzle3d.co\/fi\/wp-json\/wp\/v2\/product_brand?post=879"},{"taxonomy":"product_cat","embeddable":true,"href":"https:\/\/puzzle3d.co\/fi\/wp-json\/wp\/v2\/product_cat?post=879"},{"taxonomy":"product_tag","embeddable":true,"href":"https:\/\/puzzle3d.co\/fi\/wp-json\/wp\/v2\/product_tag?post=879"},{"taxonomy":"woo-feed-brand","embeddable":true,"href":"https:\/\/puzzle3d.co\/fi\/wp-json\/wp\/v2\/woo-feed-brand?post=879"}],"curies":[{"name":"wp","href":"https:\/\/api.w.org\/{rel}","templated":true}]}}