{"id":877,"date":"2023-01-26T12:26:03","date_gmt":"2023-01-26T12:26:03","guid":{"rendered":"https:\/\/puzzle3d.co\/product\/lynx-puzzle-classic-lemn-copy\/"},"modified":"2025-06-11T19:05:15","modified_gmt":"2025-06-11T19:05:15","slug":"t-rex-dinosaurus-palapeli-puusta","status":"publish","type":"product","link":"https:\/\/puzzle3d.co\/fi\/prodotto\/t-rex-dinosauro-puzzle-jigsaw-legno\/","title":{"rendered":"Dinosaurus 2D-palapeli puusta. 129 palaa"},"content":{"rendered":"<div>\n<p><strong>T-Rex dinosaurus 2D palapeli puusta, 129 palaa<\/strong><\/p>\n<div><\/div>\n<\/div>\n<div>\n<div>\n<div>67 tai 65 miljoonaa vuotta sitten Pohjois-Amerikassa eli kuuluisa Tyrannosaurus Rex eli T-Rex.<\/div>\n<div><\/div>\n<div>Siihen liittyy kuva suuresta ja voimakkaasta dinosauruksesta, jolla on mahtava leuka ja pitk\u00e4t, ter\u00e4v\u00e4t hampaat.<\/div>\n<div><\/div>\n<div>Se painoi noin 6-8 tonnia, ja sen ruumiin pituus oli 12-13 metri\u00e4.<\/div>\n<div><\/div>\n<div>Eik\u00f6 olekin uskomatonta?<\/div>\n<div><\/div>\n<div>Jos pid\u00e4t dinosauruksista tai haluat omaper\u00e4isen koristeen kotiisi tai jos etsit lahjaa esihistorian harrastajalle, T-rez on varmasti arvostettu.<\/div>\n<div><\/div>\n<div>H\u00e4nen kadehdittavan kauniit hampaansa saavat lapset ottamaan vastuun hammashygieniasta.<\/div>\n<div><\/div>\n<div>Muista puisen palapelin palasista tunnistat dinosauruksen, lent\u00e4v\u00e4n lepakon, kengurun ja kengurun.<\/div>\n<div>.<\/div>\n<div><\/div>\n<div><strong>TUOTETIEDOT:<\/strong><\/div>\n<div>Mallin mitat: 400*244*5 mm<\/div>\n<div>Pakkauksen mitat: 255 x 192 x 42 mm<\/div>\n<div>Kappalem\u00e4\u00e4r\u00e4: 129<\/div>\n<\/div>\n<div><\/div>\n<\/div>","protected":false},"excerpt":{"rendered":"<p>T-REX-Tyrannosaurus Rex klassinen puinen palapeli. Muista puupalapelin paloista tunnistat dinosauruksen, lent\u00e4v\u00e4n lepakon, kengurun ja kengurun.<\/p>","protected":false},"featured_media":858,"comment_status":"open","ping_status":"closed","template":"","meta":[],"product_brand":[],"product_cat":[80,84,83],"product_tag":[],"woo-feed-brand":[],"class_list":{"0":"post-877","1":"product","2":"type-product","3":"status-publish","4":"has-post-thumbnail","6":"product_cat-puzzle-jigsaw","7":"product_cat-puzzle-jigsaw-in-legno","8":"product_cat-puzzle-jigsaw-bambini","10":"first","11":"instock","12":"shipping-taxable","13":"purchasable","14":"product-type-simple"},"_links":{"self":[{"href":"https:\/\/puzzle3d.co\/fi\/wp-json\/wp\/v2\/product\/877","targetHints":{"allow":["GET"]}}],"collection":[{"href":"https:\/\/puzzle3d.co\/fi\/wp-json\/wp\/v2\/product"}],"about":[{"href":"https:\/\/puzzle3d.co\/fi\/wp-json\/wp\/v2\/types\/product"}],"replies":[{"embeddable":true,"href":"https:\/\/puzzle3d.co\/fi\/wp-json\/wp\/v2\/comments?post=877"}],"wp:featuredmedia":[{"embeddable":true,"href":"https:\/\/puzzle3d.co\/fi\/wp-json\/wp\/v2\/media\/858"}],"wp:attachment":[{"href":"https:\/\/puzzle3d.co\/fi\/wp-json\/wp\/v2\/media?parent=877"}],"wp:term":[{"taxonomy":"product_brand","embeddable":true,"href":"https:\/\/puzzle3d.co\/fi\/wp-json\/wp\/v2\/product_brand?post=877"},{"taxonomy":"product_cat","embeddable":true,"href":"https:\/\/puzzle3d.co\/fi\/wp-json\/wp\/v2\/product_cat?post=877"},{"taxonomy":"product_tag","embeddable":true,"href":"https:\/\/puzzle3d.co\/fi\/wp-json\/wp\/v2\/product_tag?post=877"},{"taxonomy":"woo-feed-brand","embeddable":true,"href":"https:\/\/puzzle3d.co\/fi\/wp-json\/wp\/v2\/woo-feed-brand?post=877"}],"curies":[{"name":"wp","href":"https:\/\/api.w.org\/{rel}","templated":true}]}}