{"id":875,"date":"2023-01-26T12:17:36","date_gmt":"2023-01-26T12:17:36","guid":{"rendered":"https:\/\/puzzle3d.co\/product\/panther-puzzle-classic-lemn-copy\/"},"modified":"2025-09-10T09:44:49","modified_gmt":"2025-09-10T09:44:49","slug":"linx-palapeli-puu","status":"publish","type":"product","link":"https:\/\/puzzle3d.co\/fi\/prodotto\/linx-puzzle-jigsaw-legno\/","title":{"rendered":"Linx Eurasian - 2D puupalapeli, 139 palaa"},"content":{"rendered":"<div><strong>Linx Eurasian - 2D puupalapeli, 139 palaa<\/strong><\/div>\n<div><\/div>\n<div>Luulit sit\u00e4 leijonaksi, mutta se onkin ilves, luonnonvarainen kissalaji, jota kutsutaan my\u00f6s \"lumipantteriksi\" tai \"lumikissaksi\".<\/div>\n<div><\/div>\n<div>Termi\u00e4 \"ilves\" voidaan k\u00e4ytt\u00e4\u00e4 my\u00f6s viittaamaan henkil\u00f6\u00f6n, joka on hyvin valpas ja tarkkaavainen tai jolla on eritt\u00e4in hyv\u00e4 n\u00e4k\u00f6.<\/div>\n<div><\/div>\n<div>Jos siis pid\u00e4t itse\u00e4si tarkkaavaisena ja valppaana, haastan sinut kokeilemaan t\u00e4llaista klassista puupalapeli\u00e4, joka testaa paitsi tarkkaavaisuutesi my\u00f6s keskittymiskykysi.<\/div>\n<div><\/div>\n<div><strong>TUOTETIEDOT:<\/strong><\/div>\n<div>Mallin mitat: 353*280*5mm<\/div>\n<div>Pakkauksen mitat: 255 x 192 x 42 mm<\/div>\n<div>Kappalem\u00e4\u00e4r\u00e4: 139<\/div>","protected":false},"excerpt":{"rendered":"<p>LYNX - klassinen puinen palapeli, jossa on villi kissa<\/p>","protected":false},"featured_media":854,"comment_status":"open","ping_status":"closed","template":"","meta":{"slim_seo":{"title":"\ud83d\udc3eLinx Euraasian 2D puupalapeli, 139 palaa","description":"Linx - Klassinen puinen palapeli, jossa on villi kissa. Jos siis pid\u00e4t itse\u00e4si tarkkaavaisena ja valppaana, haastan sinut t\u00e4h\u00e4n klassiseen puiseen palapelimalliin, joka testaa paitsi tarkkaavaisuutesi my\u00f6s keskittymiskykysi."}},"product_brand":[],"product_cat":[80,83,84],"product_tag":[],"woo-feed-brand":[],"class_list":{"0":"post-875","1":"product","2":"type-product","3":"status-publish","4":"has-post-thumbnail","6":"product_cat-puzzle-jigsaw","7":"product_cat-puzzle-jigsaw-bambini","8":"product_cat-puzzle-jigsaw-in-legno","10":"first","11":"instock","12":"shipping-taxable","13":"purchasable","14":"product-type-simple"},"_links":{"self":[{"href":"https:\/\/puzzle3d.co\/fi\/wp-json\/wp\/v2\/product\/875","targetHints":{"allow":["GET"]}}],"collection":[{"href":"https:\/\/puzzle3d.co\/fi\/wp-json\/wp\/v2\/product"}],"about":[{"href":"https:\/\/puzzle3d.co\/fi\/wp-json\/wp\/v2\/types\/product"}],"replies":[{"embeddable":true,"href":"https:\/\/puzzle3d.co\/fi\/wp-json\/wp\/v2\/comments?post=875"}],"wp:featuredmedia":[{"embeddable":true,"href":"https:\/\/puzzle3d.co\/fi\/wp-json\/wp\/v2\/media\/854"}],"wp:attachment":[{"href":"https:\/\/puzzle3d.co\/fi\/wp-json\/wp\/v2\/media?parent=875"}],"wp:term":[{"taxonomy":"product_brand","embeddable":true,"href":"https:\/\/puzzle3d.co\/fi\/wp-json\/wp\/v2\/product_brand?post=875"},{"taxonomy":"product_cat","embeddable":true,"href":"https:\/\/puzzle3d.co\/fi\/wp-json\/wp\/v2\/product_cat?post=875"},{"taxonomy":"product_tag","embeddable":true,"href":"https:\/\/puzzle3d.co\/fi\/wp-json\/wp\/v2\/product_tag?post=875"},{"taxonomy":"woo-feed-brand","embeddable":true,"href":"https:\/\/puzzle3d.co\/fi\/wp-json\/wp\/v2\/woo-feed-brand?post=875"}],"curies":[{"name":"wp","href":"https:\/\/api.w.org\/{rel}","templated":true}]}}