{"id":873,"date":"2023-01-26T12:01:44","date_gmt":"2023-01-26T12:01:44","guid":{"rendered":"https:\/\/puzzle3d.co\/product\/lion-puzzle-classic-lemn-copy\/"},"modified":"2025-06-11T19:05:45","modified_gmt":"2025-06-11T19:05:45","slug":"pantteri-palapeli-klassinen-puu-palapeli","status":"publish","type":"product","link":"https:\/\/puzzle3d.co\/fi\/prodotto\/pantera-puzzle-classic-legno-jigsaw\/","title":{"rendered":"Black PANTHER 2D puinen palapeli, 102 palaa"},"content":{"rendered":"<div><strong>Black PANTHER 2D puinen palapeli, 102 palaa<\/strong><\/div>\n<div><\/div>\n<div>Tiesitk\u00f6, ett\u00e4 mustapantterin tieteellinen nimi on pardus?<\/div>\n<div><\/div>\n<div>Monissa Afrikan, Aasian ja Intian perinteisiss\u00e4 kulttuureissa mustaa pantteria pidet\u00e4\u00e4n voiman ja rohkeuden, vaurauden ja onnen symbolina.<\/div>\n<div><\/div>\n<div>Etsitk\u00f6 viel\u00e4 syit\u00e4, miksi sinun pit\u00e4isi valita t\u00e4m\u00e4 s\u00f6p\u00f6 puinen palapeli?<\/div>\n<div><\/div>\n<div>Jos olet my\u00f6s rohkea ihminen, palojen sovittaminen yhteen on mielenkiintoinen prosessi. L\u00f6yd\u00e4t palojen joukosta villikissoja, jaguaareja, tiikereit\u00e4 ja muita kissael\u00e4imi\u00e4, jotka tarjoavat toiminnant\u00e4yteisen kokemuksen.<\/div>\n<div><\/div>\n<div><\/div>\n<div><strong>TUOTETIEDOT:<\/strong><\/div>\n<div>Mallin mitat: 311*280*5 mm<\/div>\n<div>Pakkauksen mitat: 255 x 192 x 42 mm<\/div>\n<div>Kappalem\u00e4\u00e4r\u00e4: 102<\/div>","protected":false},"excerpt":{"rendered":"<p>Mustaa pantteria pidet\u00e4\u00e4n voiman ja rohkeuden, vaurauden ja onnen symbolina. T\u00e4m\u00e4n palapelin palasten joukosta l\u00f6yd\u00e4t villikissoja, jaguaareja, tiikereit\u00e4 ja muita kissael\u00e4imi\u00e4, jotka tarjoavat toiminnant\u00e4yteisen kokemuksen.<\/p>","protected":false},"featured_media":857,"comment_status":"open","ping_status":"closed","template":"","meta":[],"product_brand":[],"product_cat":[80,84,83],"product_tag":[],"woo-feed-brand":[],"class_list":{"0":"post-873","1":"product","2":"type-product","3":"status-publish","4":"has-post-thumbnail","6":"product_cat-puzzle-jigsaw","7":"product_cat-puzzle-jigsaw-in-legno","8":"product_cat-puzzle-jigsaw-bambini","10":"first","11":"instock","12":"shipping-taxable","13":"purchasable","14":"product-type-simple"},"_links":{"self":[{"href":"https:\/\/puzzle3d.co\/fi\/wp-json\/wp\/v2\/product\/873","targetHints":{"allow":["GET"]}}],"collection":[{"href":"https:\/\/puzzle3d.co\/fi\/wp-json\/wp\/v2\/product"}],"about":[{"href":"https:\/\/puzzle3d.co\/fi\/wp-json\/wp\/v2\/types\/product"}],"replies":[{"embeddable":true,"href":"https:\/\/puzzle3d.co\/fi\/wp-json\/wp\/v2\/comments?post=873"}],"wp:featuredmedia":[{"embeddable":true,"href":"https:\/\/puzzle3d.co\/fi\/wp-json\/wp\/v2\/media\/857"}],"wp:attachment":[{"href":"https:\/\/puzzle3d.co\/fi\/wp-json\/wp\/v2\/media?parent=873"}],"wp:term":[{"taxonomy":"product_brand","embeddable":true,"href":"https:\/\/puzzle3d.co\/fi\/wp-json\/wp\/v2\/product_brand?post=873"},{"taxonomy":"product_cat","embeddable":true,"href":"https:\/\/puzzle3d.co\/fi\/wp-json\/wp\/v2\/product_cat?post=873"},{"taxonomy":"product_tag","embeddable":true,"href":"https:\/\/puzzle3d.co\/fi\/wp-json\/wp\/v2\/product_tag?post=873"},{"taxonomy":"woo-feed-brand","embeddable":true,"href":"https:\/\/puzzle3d.co\/fi\/wp-json\/wp\/v2\/woo-feed-brand?post=873"}],"curies":[{"name":"wp","href":"https:\/\/api.w.org\/{rel}","templated":true}]}}