{"id":870,"date":"2023-01-26T11:45:24","date_gmt":"2023-01-26T11:45:24","guid":{"rendered":"https:\/\/puzzle3d.co\/product\/fox-puzzle-classic-lemn-copy\/"},"modified":"2025-06-11T19:06:20","modified_gmt":"2025-06-11T19:06:20","slug":"leone-puzzle-classic-jigsaw-legno","status":"publish","type":"product","link":"https:\/\/puzzle3d.co\/fi\/prodotto\/leone-puzzle-classic-jigsaw-legno\/","title":{"rendered":"LEONE Palapeli 2D puusta , 100 palaa"},"content":{"rendered":"<div><span style=\"font-size: 100%;\"><strong>LION - klassinen puinen palapeli<\/strong><\/span><\/div>\n<div><\/div>\n<div><span style=\"font-size: 100%;\">Villiel\u00e4inten kuningas nyt kotona.<\/span><\/div>\n<div><\/div>\n<div><span style=\"font-size: 100%;\">Rakastut t\u00e4h\u00e4n leijonaan ensi silm\u00e4yksell\u00e4. Hienostuneet yksityiskohdat ja runsaat v\u00e4rit houkuttelevat katseet ja ihailun.<\/span><\/div>\n<div><\/div>\n<div><span style=\"font-size: 100%;\">H\u00e4n ei tule yksin, vaan laajennetun perheens\u00e4 kanssa: norsu, tiikeri, kirahvi (mit\u00e4 muita el\u00e4imi\u00e4 tunnistat?), jotka tunnistat puupalapelin palasista.<\/span><\/div>\n<div><\/div>\n<div><span style=\"font-size: 100%;\">Kysytte miksi? Koska vahvana oleminen ja el\u00e4inten kuninkaaksi kutsuminen tarkoittaa ennen kaikkea sit\u00e4, ett\u00e4 on oltava muiden kanssa rinnakkain.<\/span><\/div>\n<div><\/div>\n<div><span style=\"font-size: 100%;\">Jos haluat viett\u00e4\u00e4 mielenkiintoisen illan jonkun rakastamasi henkil\u00f6n kanssa, valitse t\u00e4m\u00e4 leijona ja keskustelkaa filosofisesta aiheesta.<\/span><\/div>\n<div><\/div>\n<div><span style=\"font-size: 100%;\">Esimerkiksi filosofiassa leijonaa pidet\u00e4\u00e4n ihmisluonnon symbolina, joka voidaan jakaa kahteen osaan: rationaaliseen ja el\u00e4imelliseen osaan.<\/span><\/div>\n<div><\/div>\n<div><span style=\"font-size: 100%;\">Tarjoamme 3 kokoa (S, M, L), joista voit valita sopivan kodin tai toimiston sein\u00e4lle. Tai ehk\u00e4 haluat laittaa t\u00e4m\u00e4n s\u00f6p\u00f6n palapelin kehykseen - valinta on sinun.<\/span><\/div>\n<div><\/div>\n<div><span style=\"font-size: 100%;\"><strong>TUOTETIEDOT:<\/strong><\/span><\/div>\n<div><span style=\"font-size: 100%;\">Mallin mitat: 310*280*5mm<\/span><\/div>\n<div><span style=\"font-size: 100%;\">Pakkauksen mitat: 255 x 192 x 42 mm<\/span><\/div>\n<div><span style=\"font-size: 100%;\">Kappalem\u00e4\u00e4r\u00e4: 100<\/span><\/div>","protected":false},"excerpt":{"rendered":"<p>Rakastut t\u00e4h\u00e4n leijonaan ensi silm\u00e4yksell\u00e4. Hienostuneet yksityiskohdat ja runsaat v\u00e4rit houkuttelevat katseet ja ihailun.<br \/>\nH\u00e4n ei tule yksin, vaan laajennetun perheens\u00e4 kanssa: norsu, tiikeri ja kirahvi, jotka tunnistat puupalapelin palasten joukosta.<\/p>","protected":false},"featured_media":853,"comment_status":"open","ping_status":"closed","template":"","meta":[],"product_brand":[],"product_cat":[80,84,83],"product_tag":[],"woo-feed-brand":[],"class_list":{"0":"post-870","1":"product","2":"type-product","3":"status-publish","4":"has-post-thumbnail","6":"product_cat-puzzle-jigsaw","7":"product_cat-puzzle-jigsaw-in-legno","8":"product_cat-puzzle-jigsaw-bambini","10":"first","11":"instock","12":"sale","13":"shipping-taxable","14":"purchasable","15":"product-type-simple"},"_links":{"self":[{"href":"https:\/\/puzzle3d.co\/fi\/wp-json\/wp\/v2\/product\/870","targetHints":{"allow":["GET"]}}],"collection":[{"href":"https:\/\/puzzle3d.co\/fi\/wp-json\/wp\/v2\/product"}],"about":[{"href":"https:\/\/puzzle3d.co\/fi\/wp-json\/wp\/v2\/types\/product"}],"replies":[{"embeddable":true,"href":"https:\/\/puzzle3d.co\/fi\/wp-json\/wp\/v2\/comments?post=870"}],"wp:featuredmedia":[{"embeddable":true,"href":"https:\/\/puzzle3d.co\/fi\/wp-json\/wp\/v2\/media\/853"}],"wp:attachment":[{"href":"https:\/\/puzzle3d.co\/fi\/wp-json\/wp\/v2\/media?parent=870"}],"wp:term":[{"taxonomy":"product_brand","embeddable":true,"href":"https:\/\/puzzle3d.co\/fi\/wp-json\/wp\/v2\/product_brand?post=870"},{"taxonomy":"product_cat","embeddable":true,"href":"https:\/\/puzzle3d.co\/fi\/wp-json\/wp\/v2\/product_cat?post=870"},{"taxonomy":"product_tag","embeddable":true,"href":"https:\/\/puzzle3d.co\/fi\/wp-json\/wp\/v2\/product_tag?post=870"},{"taxonomy":"woo-feed-brand","embeddable":true,"href":"https:\/\/puzzle3d.co\/fi\/wp-json\/wp\/v2\/woo-feed-brand?post=870"}],"curies":[{"name":"wp","href":"https:\/\/api.w.org\/{rel}","templated":true}]}}