{"id":868,"date":"2023-01-26T10:56:46","date_gmt":"2023-01-26T10:56:46","guid":{"rendered":"https:\/\/puzzle3d.co\/product\/turtle-puzzle-classic-lemn-copy\/"},"modified":"2025-06-11T19:06:33","modified_gmt":"2025-06-11T19:06:33","slug":"vulpa-puzzle-classic-puu","status":"publish","type":"product","link":"https:\/\/puzzle3d.co\/fi\/prodotto\/vulpa-puzzle-classic-legno\/","title":{"rendered":"VULPA 2D puupalapeli , 141 palaa"},"content":{"rendered":"<div><strong>VULPA klassinen puinen palapeli<\/strong><\/div>\n<div><\/div>\n<div>Vieh\u00e4tt\u00e4v\u00e4 ja haastava palapeli lumoaa sinut hienoilla yksityiskohdilla ja runsailla v\u00e4reill\u00e4.<\/div>\n<div>Mit\u00e4 n\u00e4et h\u00e4nen silmiss\u00e4\u00e4n: oveluutta ja viettely\u00e4 vai \u00e4ly\u00e4, rohkeutta ja itsen\u00e4isyytt\u00e4?<\/div>\n<div><\/div>\n<div>Tapa, jolla koet sen, voi my\u00f6s kertoa paljon sinusta ihmisen\u00e4.<\/div>\n<div><\/div>\n<div>T\u00e4m\u00e4n ihanan koristeen muodostavat palapelin palaset sis\u00e4lt\u00e4v\u00e4t lis\u00e4\u00e4 kettuja, susia, kaneja, rottia ja kanoja.<\/div>\n<div>Harjoittele mielikuvitustasi kaikkien n\u00e4iden el\u00e4inten avulla ja sisusta sitten paikka, jossa viihdyt mielell\u00e4si ja ihailet niit\u00e4 mahdollisimman usein.<\/div>\n<div><\/div>\n<div>Kettu muistuttaa sinua my\u00f6s mets\u00e4st\u00e4, joten aina kun sinulla on mahdollisuus menn\u00e4 puistoon tai mets\u00e4\u00e4n ja uppoutua luontoon.<\/div>\n<div><\/div>\n<div><strong>TUOTETIEDOT:<\/strong><\/div>\n<div>Mallin mitat: 400*280*5 mm<\/div>\n<div>Pakkauksen mitat: 255 x 192 x 42 mm<\/div>\n<div>Kappalem\u00e4\u00e4r\u00e4: 141<\/div>","protected":false},"excerpt":{"rendered":"<p>T\u00e4m\u00e4n ihanan koristeen muodostavat palapelin palaset sis\u00e4lt\u00e4v\u00e4t lis\u00e4\u00e4 kettuja, susia, kaneja, rottia ja kanoja.<\/p>","protected":false},"featured_media":851,"comment_status":"open","ping_status":"closed","template":"","meta":[],"product_brand":[],"product_cat":[80,84,83],"product_tag":[],"woo-feed-brand":[],"class_list":{"0":"post-868","1":"product","2":"type-product","3":"status-publish","4":"has-post-thumbnail","6":"product_cat-puzzle-jigsaw","7":"product_cat-puzzle-jigsaw-in-legno","8":"product_cat-puzzle-jigsaw-bambini","10":"first","11":"instock","12":"shipping-taxable","13":"purchasable","14":"product-type-simple"},"_links":{"self":[{"href":"https:\/\/puzzle3d.co\/fi\/wp-json\/wp\/v2\/product\/868","targetHints":{"allow":["GET"]}}],"collection":[{"href":"https:\/\/puzzle3d.co\/fi\/wp-json\/wp\/v2\/product"}],"about":[{"href":"https:\/\/puzzle3d.co\/fi\/wp-json\/wp\/v2\/types\/product"}],"replies":[{"embeddable":true,"href":"https:\/\/puzzle3d.co\/fi\/wp-json\/wp\/v2\/comments?post=868"}],"wp:featuredmedia":[{"embeddable":true,"href":"https:\/\/puzzle3d.co\/fi\/wp-json\/wp\/v2\/media\/851"}],"wp:attachment":[{"href":"https:\/\/puzzle3d.co\/fi\/wp-json\/wp\/v2\/media?parent=868"}],"wp:term":[{"taxonomy":"product_brand","embeddable":true,"href":"https:\/\/puzzle3d.co\/fi\/wp-json\/wp\/v2\/product_brand?post=868"},{"taxonomy":"product_cat","embeddable":true,"href":"https:\/\/puzzle3d.co\/fi\/wp-json\/wp\/v2\/product_cat?post=868"},{"taxonomy":"product_tag","embeddable":true,"href":"https:\/\/puzzle3d.co\/fi\/wp-json\/wp\/v2\/product_tag?post=868"},{"taxonomy":"woo-feed-brand","embeddable":true,"href":"https:\/\/puzzle3d.co\/fi\/wp-json\/wp\/v2\/woo-feed-brand?post=868"}],"curies":[{"name":"wp","href":"https:\/\/api.w.org\/{rel}","templated":true}]}}