{"id":866,"date":"2023-01-25T22:19:56","date_gmt":"2023-01-25T22:19:56","guid":{"rendered":"https:\/\/puzzle3d.co\/product\/owl-puzzle-classic-lemn-copy\/"},"modified":"2026-01-21T16:50:41","modified_gmt":"2026-01-21T16:50:41","slug":"kilpikonna-palapeli","status":"publish","type":"product","link":"https:\/\/puzzle3d.co\/fi\/prodotto\/tartaruga-puzzle\/","title":{"rendered":"TARTARUGA 2D-palapeli \/ puupalapeli, 150 palaa"},"content":{"rendered":"<div><strong>TARTARUGA 2D Calssic Puzzle \/ Puupalapeli, 150 palaa<\/strong><\/div>\n<div><\/div>\n<div>Mietitk\u00f6 sin\u00e4kin, mist\u00e4 sammakko alkoi? Etsit\u00e4\u00e4n vastausta yhdess\u00e4.<\/div>\n<div><\/div>\n<div>Mielenkiintoista on, ett\u00e4 kilpikonnat ovat pitk\u00e4ik\u00e4isyyden symboli, sill\u00e4 ne el\u00e4v\u00e4t yli 100-vuotiaiksi. Niiden kuori merkitsee suojelua ja turvallisuutta, sill\u00e4 se tarjoaa henkisen ja fyysisen suojan.<\/div>\n<div><\/div>\n<div>Kun tunnet olosi uupuneeksi, kannattaa rakentaa kuvan kaltainen palapeli. Rentoudut, voit keskitty\u00e4 ja jopa laittaa kuoren uuvuttavan rutiinin p\u00e4\u00e4lle.<\/div>\n<div><\/div>\n<div>Innostu kuvassa olevan palapelin kilpikonnasta, ja lopussa saat selville, mist\u00e4 se sai alkunsa.<\/div>\n<div><\/div>\n<div><strong>TUOTETIEDOT:<\/strong><\/div>\n<div>Mallin mitat: 281*395*5 mm<\/div>\n<div>Pakkauksen mitat: 255 x 192 x 42 mm<\/div>\n<div>Kappalem\u00e4\u00e4r\u00e4: 150<\/div>","protected":false},"excerpt":{"rendered":"<p>TARTARUGA Puzzle 2D Calssico \/ Jigsaw in legno, 150 pezzi Ti chiedi anche tu dove \u00e8 iniziata la rana? Cerchiamo insieme la risposta. \u00c8 interessante sapere che le tartarughe sono il simbolo della longevit\u00e0, perch\u00e9 vivono oltre 100 anni. Il loro guscio significa protezione e sicurezza, offrendo una barriera mentale e fisica. Quando ti senti [&#8230;]\n","protected":false},"featured_media":859,"comment_status":"open","ping_status":"closed","template":"","meta":[],"product_brand":[],"product_cat":[80,84,83],"product_tag":[],"woo-feed-brand":[],"class_list":{"0":"post-866","1":"product","2":"type-product","3":"status-publish","4":"has-post-thumbnail","6":"product_cat-puzzle-jigsaw","7":"product_cat-puzzle-jigsaw-in-legno","8":"product_cat-puzzle-jigsaw-bambini","10":"first","11":"instock","12":"shipping-taxable","13":"purchasable","14":"product-type-simple"},"_links":{"self":[{"href":"https:\/\/puzzle3d.co\/fi\/wp-json\/wp\/v2\/product\/866","targetHints":{"allow":["GET"]}}],"collection":[{"href":"https:\/\/puzzle3d.co\/fi\/wp-json\/wp\/v2\/product"}],"about":[{"href":"https:\/\/puzzle3d.co\/fi\/wp-json\/wp\/v2\/types\/product"}],"replies":[{"embeddable":true,"href":"https:\/\/puzzle3d.co\/fi\/wp-json\/wp\/v2\/comments?post=866"}],"wp:featuredmedia":[{"embeddable":true,"href":"https:\/\/puzzle3d.co\/fi\/wp-json\/wp\/v2\/media\/859"}],"wp:attachment":[{"href":"https:\/\/puzzle3d.co\/fi\/wp-json\/wp\/v2\/media?parent=866"}],"wp:term":[{"taxonomy":"product_brand","embeddable":true,"href":"https:\/\/puzzle3d.co\/fi\/wp-json\/wp\/v2\/product_brand?post=866"},{"taxonomy":"product_cat","embeddable":true,"href":"https:\/\/puzzle3d.co\/fi\/wp-json\/wp\/v2\/product_cat?post=866"},{"taxonomy":"product_tag","embeddable":true,"href":"https:\/\/puzzle3d.co\/fi\/wp-json\/wp\/v2\/product_tag?post=866"},{"taxonomy":"woo-feed-brand","embeddable":true,"href":"https:\/\/puzzle3d.co\/fi\/wp-json\/wp\/v2\/woo-feed-brand?post=866"}],"curies":[{"name":"wp","href":"https:\/\/api.w.org\/{rel}","templated":true}]}}