{"id":864,"date":"2023-01-25T22:15:13","date_gmt":"2023-01-25T22:15:13","guid":{"rendered":"https:\/\/puzzle3d.co\/product\/mastodon-puzzle-classic-lemn-copy\/"},"modified":"2025-06-11T19:07:05","modified_gmt":"2025-06-11T19:07:05","slug":"pollo-palapeli-klassinen-puu","status":"publish","type":"product","link":"https:\/\/puzzle3d.co\/fi\/prodotto\/gufo-puzzle-classic-legno\/","title":{"rendered":"2D puinen OWL-palapeli, 120 palaa"},"content":{"rendered":"<div>\n<h2><strong>2D puinen OWL-palapeli, 120 palaa<\/strong><\/h2>\n<div>\"Pime\u00e4ss\u00e4 n\u00e4keminen\" ei tarkoita vain suunnan l\u00f6yt\u00e4mist\u00e4 y\u00f6ll\u00e4 huoneessa, jossa ei ole valoa... Se on kyky\u00e4 ymm\u00e4rt\u00e4\u00e4 ja n\u00e4hd\u00e4 k\u00e4tketty totuus.<\/div>\n<\/div>\n<div>\n<div>Siksi p\u00f6ll\u00f6 on kreikkalaisessa mytologiassa viisauden ja \u00e4lykkyyden symboli.<\/div>\n<div>Puisen palapelin paloista tehty p\u00f6ll\u00f6 viestii yksityiskohtiin paneutumisesta, keskittymisest\u00e4 ja p\u00e4\u00e4tt\u00e4v\u00e4isyydest\u00e4.<\/div>\n<div>Kappaleiden joukosta l\u00f6yd\u00e4t my\u00f6s muita mets\u00e4kumppaneita, kuten suden, ketun, j\u00e4niksen, kotkan ja karhun.<\/div>\n<div>Ent\u00e4 jos k\u00e4ytt\u00e4isit n\u00e4it\u00e4 hahmoja opettaaksesi lapsellesi viisauden oppitunnin?<\/div>\n<div><\/div>\n<div>Kerrot h\u00e4nelle, ett\u00e4 kettu on kiltti ja kani pelokas, tai n\u00e4yt\u00e4t h\u00e4nelle, miten ne ovat kaikki erilaisia, toiset isompia, toiset pienempi\u00e4, mutta ne keskustelevat kesken\u00e4\u00e4n tasapainossa ja kunnioittavat luontoa.<\/div>\n<div><\/div>\n<div>Kokoa se, pid\u00e4 hauskaa ja katso p\u00f6ll\u00f6n syv\u00e4lle avautuviin silmiin sit\u00e4, mit\u00e4 et n\u00e4e.<\/div>\n<div><\/div>\n<div><strong>TUOTETIEDOT:<\/strong><\/div>\n<div>Mallin mitat: 283*297*5 mm<\/div>\n<div>Pakkauksen mitat: 255 x 192 x 42 mm<\/div>\n<div>Kappalem\u00e4\u00e4r\u00e4: 120<\/div>\n<\/div>","protected":false},"excerpt":{"rendered":"<p>Kreikkalaisessa mytologiassa p\u00f6ll\u00f6 on viisauden ja \u00e4lykkyyden symboli, ja puisen palapelin paloista tehty p\u00f6ll\u00f6 viestii yksityiskohtiin paneutumisesta, keskittymisest\u00e4 ja p\u00e4\u00e4tt\u00e4v\u00e4isyydest\u00e4.<\/p>","protected":false},"featured_media":856,"comment_status":"open","ping_status":"closed","template":"","meta":{"slim_seo":{"title":"\ud83e\udd89 OWL 2D Klassinen puinen palapeli, 120 palaa","description":"OWL Classic 2D Puzzle. Kreikkalaisessa mytologiassa p\u00f6ll\u00f6 on viisauden ja \u00e4lykkyyden symboli, ja puisen palapelin paloista tehty p\u00f6ll\u00f6 viestii yksityiskohtiin paneutumisesta, keskittymisest\u00e4 ja p\u00e4\u00e4tt\u00e4v\u00e4isyydest\u00e4."}},"product_brand":[],"product_cat":[80,83,84],"product_tag":[],"woo-feed-brand":[],"class_list":{"0":"post-864","1":"product","2":"type-product","3":"status-publish","4":"has-post-thumbnail","6":"product_cat-puzzle-jigsaw","7":"product_cat-puzzle-jigsaw-bambini","8":"product_cat-puzzle-jigsaw-in-legno","10":"first","11":"instock","12":"shipping-taxable","13":"purchasable","14":"product-type-simple"},"_links":{"self":[{"href":"https:\/\/puzzle3d.co\/fi\/wp-json\/wp\/v2\/product\/864","targetHints":{"allow":["GET"]}}],"collection":[{"href":"https:\/\/puzzle3d.co\/fi\/wp-json\/wp\/v2\/product"}],"about":[{"href":"https:\/\/puzzle3d.co\/fi\/wp-json\/wp\/v2\/types\/product"}],"replies":[{"embeddable":true,"href":"https:\/\/puzzle3d.co\/fi\/wp-json\/wp\/v2\/comments?post=864"}],"wp:featuredmedia":[{"embeddable":true,"href":"https:\/\/puzzle3d.co\/fi\/wp-json\/wp\/v2\/media\/856"}],"wp:attachment":[{"href":"https:\/\/puzzle3d.co\/fi\/wp-json\/wp\/v2\/media?parent=864"}],"wp:term":[{"taxonomy":"product_brand","embeddable":true,"href":"https:\/\/puzzle3d.co\/fi\/wp-json\/wp\/v2\/product_brand?post=864"},{"taxonomy":"product_cat","embeddable":true,"href":"https:\/\/puzzle3d.co\/fi\/wp-json\/wp\/v2\/product_cat?post=864"},{"taxonomy":"product_tag","embeddable":true,"href":"https:\/\/puzzle3d.co\/fi\/wp-json\/wp\/v2\/product_tag?post=864"},{"taxonomy":"woo-feed-brand","embeddable":true,"href":"https:\/\/puzzle3d.co\/fi\/wp-json\/wp\/v2\/woo-feed-brand?post=864"}],"curies":[{"name":"wp","href":"https:\/\/api.w.org\/{rel}","templated":true}]}}