{"id":862,"date":"2023-01-25T22:08:41","date_gmt":"2023-01-25T22:08:41","guid":{"rendered":"https:\/\/puzzle3d.co\/product\/bat-m-puzzle-classic-lemn-copy\/"},"modified":"2025-06-11T19:07:19","modified_gmt":"2025-06-11T19:07:19","slug":"mastodontti-palapeli-klassinen-palapeli","status":"publish","type":"product","link":"https:\/\/puzzle3d.co\/fi\/prodotto\/mastodon-puzzle-classic-jigsaw\/","title":{"rendered":"MASTODON 2D puinen palapeli, 180 palaa"},"content":{"rendered":"<div>\n<p><strong>MASTODON Classic 2D-palapeli\/puupalapeli, 180 palaa<\/strong><\/p>\n<div>Minne mastodontti meni? Edes tutkijat eiv\u00e4t tied\u00e4.<\/div>\n<\/div>\n<div>\n<div>\n<div><\/div>\n<div>Vasta noin 10 000 vuotta sitten Pohjois-Amerikan mantereella havaittiin el\u00e4neen nis\u00e4k\u00e4s, joka painoi 4-10 tonnia ja oli jopa 10 metri\u00e4 pitk\u00e4.<\/div>\n<div><\/div>\n<div>Luurankorakenne muistutti jonkin verran norsun rakennetta, mutta mittasuhteet olivat hyvin erilaiset.<\/div>\n<div><\/div>\n<div>Niiden oletetaan kadonneen ilmaston takia....<\/div>\n<div>Valitse omaper\u00e4isyys ja koristele kotisi tai toimistosi esihistoriallisella nis\u00e4kk\u00e4\u00e4ll\u00e4, jota kukaan ei ole n\u00e4hnyt.<\/div>\n<div><\/div>\n<div>On hauskaa koota palapeli\u00e4, jossa puuosien joukosta l\u00f6ytyy norsuja, karhuja, tiikereit\u00e4, sarvikuonoja ja muita rohkeita yst\u00e4vi\u00e4.<\/div>\n<div><\/div>\n<div>Samalla rentoudut, keskityt ja tunnet, miten aivosi arvostavat haastetta.<\/div>\n<div><\/div>\n<div>Tarjoamme 3 kokoa (S, M, L), joista voit valita sopivan kodin tai toimiston sein\u00e4lle. Tai ehk\u00e4 haluat laittaa t\u00e4m\u00e4n s\u00f6p\u00f6n palapelin kehykseen - valinta on sinun.<\/div>\n<div><\/div>\n<div><strong>TUOTETIEDOT:<\/strong><\/div>\n<div>Mallin mitat: 286*387*5 mm<\/div>\n<div>Pakkauksen mitat: 255 x 192 x 42 mm<\/div>\n<div>Kappalem\u00e4\u00e4r\u00e4: 180<\/div>\n<\/div>\n<div><\/div>\n<\/div>","protected":false},"excerpt":{"rendered":"<p>On hauskaa koota palapeli\u00e4, jossa puuosien joukosta l\u00f6ytyy norsuja, karhuja, tiikereit\u00e4, sarvikuonoja ja muita rohkeita yst\u00e4vi\u00e4.<\/p>","protected":false},"featured_media":855,"comment_status":"open","ping_status":"closed","template":"","meta":[],"product_brand":[],"product_cat":[80,84,83],"product_tag":[],"woo-feed-brand":[],"class_list":{"0":"post-862","1":"product","2":"type-product","3":"status-publish","4":"has-post-thumbnail","6":"product_cat-puzzle-jigsaw","7":"product_cat-puzzle-jigsaw-in-legno","8":"product_cat-puzzle-jigsaw-bambini","10":"first","11":"instock","12":"shipping-taxable","13":"purchasable","14":"product-type-simple"},"_links":{"self":[{"href":"https:\/\/puzzle3d.co\/fi\/wp-json\/wp\/v2\/product\/862","targetHints":{"allow":["GET"]}}],"collection":[{"href":"https:\/\/puzzle3d.co\/fi\/wp-json\/wp\/v2\/product"}],"about":[{"href":"https:\/\/puzzle3d.co\/fi\/wp-json\/wp\/v2\/types\/product"}],"replies":[{"embeddable":true,"href":"https:\/\/puzzle3d.co\/fi\/wp-json\/wp\/v2\/comments?post=862"}],"wp:featuredmedia":[{"embeddable":true,"href":"https:\/\/puzzle3d.co\/fi\/wp-json\/wp\/v2\/media\/855"}],"wp:attachment":[{"href":"https:\/\/puzzle3d.co\/fi\/wp-json\/wp\/v2\/media?parent=862"}],"wp:term":[{"taxonomy":"product_brand","embeddable":true,"href":"https:\/\/puzzle3d.co\/fi\/wp-json\/wp\/v2\/product_brand?post=862"},{"taxonomy":"product_cat","embeddable":true,"href":"https:\/\/puzzle3d.co\/fi\/wp-json\/wp\/v2\/product_cat?post=862"},{"taxonomy":"product_tag","embeddable":true,"href":"https:\/\/puzzle3d.co\/fi\/wp-json\/wp\/v2\/product_tag?post=862"},{"taxonomy":"woo-feed-brand","embeddable":true,"href":"https:\/\/puzzle3d.co\/fi\/wp-json\/wp\/v2\/woo-feed-brand?post=862"}],"curies":[{"name":"wp","href":"https:\/\/api.w.org\/{rel}","templated":true}]}}