{"id":860,"date":"2023-01-25T22:03:04","date_gmt":"2023-01-25T22:03:04","guid":{"rendered":"https:\/\/puzzle3d.co\/product\/koi-puzzle-classic-lemn-copy\/"},"modified":"2025-06-11T19:07:35","modified_gmt":"2025-06-11T19:07:35","slug":"lepakko-palapeli-2d-palapeli","status":"publish","type":"product","link":"https:\/\/puzzle3d.co\/fi\/prodotto\/pipistrello-jigsaw-2d-puzzle\/","title":{"rendered":"Lepakko 2D puupalapeli, 130 palaa"},"content":{"rendered":"<div>\n<p><strong>Lepakko 2D puinen palapeli, 130 palaa<\/strong><\/p>\n<\/div>\n<div>\n<div>\n<div>Tied\u00e4tk\u00f6, mist\u00e4 nimi Flying Bat tulee?<\/div>\n<div><\/div>\n<div>T\u00e4m\u00e4 tyylik\u00e4s perhonen sy\u00f6 syreenin lehti\u00e4 toukkavaiheessa, jolloin naaras munii munansa.<\/div>\n<div><\/div>\n<div>T\u00e4ysi-ik\u00e4isen\u00e4 lepakko nauttii kukkien mett\u00e4st\u00e4. Toukokuusta hein\u00e4kuuhun sen voi n\u00e4hd\u00e4 lent\u00e4v\u00e4n kukkien ymp\u00e4rill\u00e4 puutarhoissa ja puistoissa.<\/div>\n<div><\/div>\n<div>Valitse lepakkopalapeli ja koristele kotisi kev\u00e4\u00e4n ja uudelleensyntymisen symbolilla.<\/div>\n<div><\/div>\n<div>Rentoudu ja keskity, kun sovitat palat yhteen ja annat niille kunniapaikan sein\u00e4ll\u00e4 tai kehyksess\u00e4.<\/div>\n<div><\/div>\n<div><strong>TUOTETIEDOT:<\/strong><\/div>\n<div>Mallin mitat: 280*390*5 mm<\/div>\n<div>Pakkauksen mitat: 255 x 192 x 42 mm<\/div>\n<div>Kappalem\u00e4\u00e4r\u00e4: 130<\/div>\n<\/div>\n<div><\/div>\n<\/div>","protected":false},"excerpt":{"rendered":"<p>Valitse lepakkopalapeli ja koristele kotisi kev\u00e4\u00e4n ja uudelleensyntymisen symbolilla.<\/p>","protected":false},"featured_media":849,"comment_status":"open","ping_status":"closed","template":"","meta":[],"product_brand":[],"product_cat":[80,84,83],"product_tag":[],"woo-feed-brand":[],"class_list":{"0":"post-860","1":"product","2":"type-product","3":"status-publish","4":"has-post-thumbnail","6":"product_cat-puzzle-jigsaw","7":"product_cat-puzzle-jigsaw-in-legno","8":"product_cat-puzzle-jigsaw-bambini","10":"first","11":"instock","12":"shipping-taxable","13":"purchasable","14":"product-type-simple"},"_links":{"self":[{"href":"https:\/\/puzzle3d.co\/fi\/wp-json\/wp\/v2\/product\/860","targetHints":{"allow":["GET"]}}],"collection":[{"href":"https:\/\/puzzle3d.co\/fi\/wp-json\/wp\/v2\/product"}],"about":[{"href":"https:\/\/puzzle3d.co\/fi\/wp-json\/wp\/v2\/types\/product"}],"replies":[{"embeddable":true,"href":"https:\/\/puzzle3d.co\/fi\/wp-json\/wp\/v2\/comments?post=860"}],"wp:featuredmedia":[{"embeddable":true,"href":"https:\/\/puzzle3d.co\/fi\/wp-json\/wp\/v2\/media\/849"}],"wp:attachment":[{"href":"https:\/\/puzzle3d.co\/fi\/wp-json\/wp\/v2\/media?parent=860"}],"wp:term":[{"taxonomy":"product_brand","embeddable":true,"href":"https:\/\/puzzle3d.co\/fi\/wp-json\/wp\/v2\/product_brand?post=860"},{"taxonomy":"product_cat","embeddable":true,"href":"https:\/\/puzzle3d.co\/fi\/wp-json\/wp\/v2\/product_cat?post=860"},{"taxonomy":"product_tag","embeddable":true,"href":"https:\/\/puzzle3d.co\/fi\/wp-json\/wp\/v2\/product_tag?post=860"},{"taxonomy":"woo-feed-brand","embeddable":true,"href":"https:\/\/puzzle3d.co\/fi\/wp-json\/wp\/v2\/woo-feed-brand?post=860"}],"curies":[{"name":"wp","href":"https:\/\/api.w.org\/{rel}","templated":true}]}}